{"id":99399,"date":"2024-01-24T21:23:51","date_gmt":"2024-01-24T21:23:51","guid":{"rendered":"https:\/\/www.federacao-triatlo.pt\/ftp2015\/?page_id=99399"},"modified":"2024-11-11T20:38:57","modified_gmt":"2024-11-11T20:38:57","slug":"resultados-2024","status":"publish","type":"page","link":"https:\/\/www.federacao-triatlo.pt\/ftp2015\/competicoes\/resultados\/resultados-2024\/","title":{"rendered":"Resultados 2024"},"content":{"rendered":"<div class=\"results-list\">\n<div class=\"results-list__item\">\n    <a href=\"https:\/\/www.federacao-triatlo.pt\/ftp2015\/competicoes\/resultados\/resultados-2024\/20241110aba001\/\"><span class=\"fa fa-list-alt fa-2x\"><\/span><span class=\"results-list__title\">VII Triatlo The Campus<\/span><\/a>\n  <\/div>\n<div class=\"results-list__item\">\n    <a href=\"https:\/\/www.federacao-triatlo.pt\/ftp2015\/competicoes\/resultados\/resultados-2024\/20241103ftp001\/\"><span class=\"fa fa-list-alt fa-2x\"><\/span><span class=\"results-list__title\">VII Duatlo de Ferreiras<\/span><\/a>\n  <\/div>\n<div class=\"results-list__item\">\n    <a href=\"https:\/\/www.federacao-triatlo.pt\/ftp2015\/competicoes\/resultados\/resultados-2024\/20241101ftp001\/\"><span class=\"fa fa-list-alt fa-2x\"><\/span><span class=\"results-list__title\">Triatlo de Faro<\/span><\/a>\n  <\/div>\n<div class=\"results-list__item\">\n    <a href=\"https:\/\/www.federacao-triatlo.pt\/ftp2015\/competicoes\/resultados\/resultados-2024\/20241027ftp001\/\"><span class=\"fa fa-list-alt fa-2x\"><\/span><span class=\"results-list__title\">III Triatlo de Sesimbra<\/span><\/a>\n  <\/div>\n<div class=\"results-list__item\">\n    <a href=\"https:\/\/www.federacao-triatlo.pt\/ftp2015\/competicoes\/resultados\/resultados-2024\/20241020laa001\/\"><span class=\"fa fa-list-alt fa-2x\"><\/span><span class=\"results-list__title\">Azeit\u00e3o 2\u00ba Duatlo Jovem<\/span><\/a>\n  <\/div>\n<div class=\"results-list__item\">\n    <a href=\"https:\/\/www.federacao-triatlo.pt\/ftp2015\/competicoes\/resultados\/resultados-2024\/20241013rdn001\/\"><span class=\"fa fa-list-alt fa-2x\"><\/span><span class=\"results-list__title\">III Triatlo Verde de Paredes<\/span><\/a>\n  <\/div>\n<div class=\"results-list__item\">\n    <a href=\"https:\/\/www.federacao-triatlo.pt\/ftp2015\/competicoes\/resultados\/resultados-2024\/20241013aba001\/\"><span class=\"fa fa-list-alt fa-2x\"><\/span><span class=\"results-list__title\">V Duatlo Jovem das A\u00e7oteias<\/span><\/a>\n  <\/div>\n<div class=\"results-list__item\">\n    <a href=\"https:\/\/www.federacao-triatlo.pt\/ftp2015\/competicoes\/resultados\/resultados-2024\/20241012aba001\/\"><span class=\"fa fa-list-alt fa-2x\"><\/span><span class=\"results-list__title\">I Duatlo Cross de Salir<\/span><\/a>\n  <\/div>\n<div class=\"results-list__item\">\n    <a href=\"https:\/\/www.federacao-triatlo.pt\/ftp2015\/competicoes\/resultados\/resultados-2024\/20241006ftp001\/\"><span class=\"fa fa-list-alt fa-2x\"><\/span><span class=\"results-list__title\">II Triatlo das Caldas da Rainha<\/span><\/a>\n  <\/div>\n<div class=\"results-list__item\">\n    <a href=\"https:\/\/www.federacao-triatlo.pt\/ftp2015\/competicoes\/resultados\/resultados-2024\/20240929aba001\/\"><span class=\"fa fa-list-alt fa-2x\"><\/span><span class=\"results-list__title\">V Duatlo do Azinhal<\/span><\/a>\n  <\/div>\n<div class=\"results-list__item\">\n    <a href=\"https:\/\/www.federacao-triatlo.pt\/ftp2015\/competicoes\/resultados\/resultados-2024\/20240928lic001\/\"><span class=\"fa fa-list-alt fa-2x\"><\/span><span class=\"results-list__title\">VIII Duatlo de F\u00e1tima<\/span><\/a>\n  <\/div>\n<div class=\"results-list__item\">\n    <a href=\"https:\/\/www.federacao-triatlo.pt\/ftp2015\/competicoes\/resultados\/resultados-2024\/20240928aba001\/\"><span class=\"fa fa-list-alt fa-2x\"><\/span><span class=\"results-list__title\">Triatlo Jovem do Louletano<\/span><\/a>\n  <\/div>\n<div class=\"results-list__item\">\n    <a href=\"https:\/\/www.federacao-triatlo.pt\/ftp2015\/competicoes\/resultados\/resultados-2024\/20240921ftp001\/\"><span class=\"fa fa-list-alt fa-2x\"><\/span><span class=\"results-list__title\">III Triatlo de S\u00e3o Martinho<\/span><\/a>\n  <\/div>\n<div class=\"results-list__item\">\n    <a href=\"https:\/\/www.federacao-triatlo.pt\/ftp2015\/competicoes\/resultados\/resultados-2024\/20240915lic001\/\"><span class=\"fa fa-list-alt fa-2x\"><\/span><span class=\"results-list__title\">Duatlo de Pedrog\u00e3o<\/span><\/a>\n  <\/div>\n<div class=\"results-list__item\">\n    <a href=\"https:\/\/www.federacao-triatlo.pt\/ftp2015\/competicoes\/resultados\/resultados-2024\/20240915aba001\/\"><span class=\"fa fa-list-alt fa-2x\"><\/span><span class=\"results-list__title\">V Triatlo Foz do Guadiana<\/span><\/a>\n  <\/div>\n<div class=\"results-list__item\">\n    <a href=\"https:\/\/www.federacao-triatlo.pt\/ftp2015\/competicoes\/resultados\/resultados-2024\/20240908laa001\/\"><span class=\"fa fa-list-alt fa-2x\"><\/span><span class=\"results-list__title\">I Triatlo Jovem do Jamor<\/span><\/a>\n  <\/div>\n<div class=\"results-list__item\">\n    <a href=\"https:\/\/www.federacao-triatlo.pt\/ftp2015\/competicoes\/resultados\/resultados-2024\/20240727ftp001\/\"><span class=\"fa fa-list-alt fa-2x\"><\/span><span class=\"results-list__title\">I Triatlo Cidade de Serpa<\/span><\/a>\n  <\/div>\n<div class=\"results-list__item\">\n    <a href=\"https:\/\/www.federacao-triatlo.pt\/ftp2015\/competicoes\/resultados\/resultados-2024\/20240721ftp001\/\"><span class=\"fa fa-list-alt fa-2x\"><\/span><span class=\"results-list__title\">Triatlo Cross de Fornos de Algodres<\/span><\/a>\n  <\/div>\n<div class=\"results-list__item\">\n    <a href=\"https:\/\/www.federacao-triatlo.pt\/ftp2015\/competicoes\/resultados\/resultados-2024\/20240714aba001\/\"><span class=\"fa fa-list-alt fa-2x\"><\/span><span class=\"results-list__title\">VI Aquatlo Jovem de Lagos<\/span><\/a>\n  <\/div>\n<div class=\"results-list__item\">\n    <a href=\"https:\/\/www.federacao-triatlo.pt\/ftp2015\/competicoes\/resultados\/resultados-2024\/20240713ftp001\/\"><span class=\"fa fa-list-alt fa-2x\"><\/span><span class=\"results-list__title\">Rios Ib\u00e9ricos GoldIm\u00f3veis<\/span><\/a>\n  <\/div>\n<div class=\"results-list__item\">\n    <a href=\"https:\/\/www.federacao-triatlo.pt\/ftp2015\/competicoes\/resultados\/resultados-2024\/20240713laa001\/\"><span class=\"fa fa-list-alt fa-2x\"><\/span><span class=\"results-list__title\">V Aquatlo Jovem da Amadora<\/span><\/a>\n  <\/div>\n<div class=\"results-list__item\">\n    <a href=\"https:\/\/www.federacao-triatlo.pt\/ftp2015\/competicoes\/resultados\/resultados-2024\/20240706ftp001\/\"><span class=\"fa fa-list-alt fa-2x\"><\/span><span class=\"results-list__title\">XII Triatlo Jovem da Amora e V Aquatlo da Amora<\/span><\/a>\n  <\/div>\n<div class=\"results-list__item\">\n    <a href=\"https:\/\/www.federacao-triatlo.pt\/ftp2015\/competicoes\/resultados\/resultados-2024\/20240630lin001\/\"><span class=\"fa fa-list-alt fa-2x\"><\/span><span class=\"results-list__title\">TRICROSS do Alva<\/span><\/a>\n  <\/div>\n<div class=\"results-list__item\">\n    <a href=\"https:\/\/www.federacao-triatlo.pt\/ftp2015\/competicoes\/resultados\/resultados-2024\/20240630aba001\/\"><span class=\"fa fa-list-alt fa-2x\"><\/span><span class=\"results-list__title\">VIII Triatlo Sprint Cidade de Tavira<\/span><\/a>\n  <\/div>\n<div class=\"results-list__item\">\n    <a href=\"https:\/\/www.federacao-triatlo.pt\/ftp2015\/competicoes\/resultados\/resultados-2024\/20240629lic001\/\"><span class=\"fa fa-list-alt fa-2x\"><\/span><span class=\"results-list__title\">II Triatlo da Casconha<\/span><\/a>\n  <\/div>\n<div class=\"results-list__item\">\n    <a href=\"https:\/\/www.federacao-triatlo.pt\/ftp2015\/competicoes\/resultados\/resultados-2024\/20240623ftp001\/\"><span class=\"fa fa-list-alt fa-2x\"><\/span><span class=\"results-list__title\">IV Triatlo Multisport Coimbra<\/span><\/a>\n  <\/div>\n<div class=\"results-list__item\">\n    <a href=\"https:\/\/www.federacao-triatlo.pt\/ftp2015\/competicoes\/resultados\/resultados-2024\/20240615aba001\/\"><span class=\"fa fa-list-alt fa-2x\"><\/span><span class=\"results-list__title\">VI Aquatlo Jovem de Alvor<\/span><\/a>\n  <\/div>\n<div class=\"results-list__item\">\n    <a href=\"https:\/\/www.federacao-triatlo.pt\/ftp2015\/competicoes\/resultados\/resultados-2024\/20240608ftp001\/\"><span class=\"fa fa-list-alt fa-2x\"><\/span><span class=\"results-list__title\">II Triatlo de Coruche<\/span><\/a>\n  <\/div>\n<div class=\"results-list__item\">\n    <a href=\"https:\/\/www.federacao-triatlo.pt\/ftp2015\/competicoes\/resultados\/resultados-2024\/20240601ftp001\/\"><span class=\"fa fa-list-alt fa-2x\"><\/span><span class=\"results-list__title\">XXXIX Triatlo Cidade de Peniche<\/span><\/a>\n  <\/div>\n<div class=\"results-list__item\">\n    <a href=\"https:\/\/www.federacao-triatlo.pt\/ftp2015\/competicoes\/resultados\/resultados-2024\/20240526aba001\/\"><span class=\"fa fa-list-alt fa-2x\"><\/span><span class=\"results-list__title\">IX Triatlo de Altura<\/span><\/a>\n  <\/div>\n<div class=\"results-list__item\">\n    <a href=\"https:\/\/www.federacao-triatlo.pt\/ftp2015\/competicoes\/resultados\/resultados-2024\/20240525laa001\/\"><span class=\"fa fa-list-alt fa-2x\"><\/span><span class=\"results-list__title\">VIII Duatlo Cross da Amadora<\/span><\/a>\n  <\/div>\n<div class=\"results-list__item\">\n    <a href=\"https:\/\/www.federacao-triatlo.pt\/ftp2015\/competicoes\/resultados\/resultados-2024\/20240518ftp001\/\"><span class=\"fa fa-list-alt fa-2x\"><\/span><span class=\"results-list__title\">XII Triatlo Longo de Caminha<\/span><\/a>\n  <\/div>\n<div class=\"results-list__item\">\n    <a href=\"https:\/\/www.federacao-triatlo.pt\/ftp2015\/competicoes\/resultados\/resultados-2024\/20240512lin001\/\"><span class=\"fa fa-list-alt fa-2x\"><\/span><span class=\"results-list__title\">Triatlo do Fontelo<\/span><\/a>\n  <\/div>\n<div class=\"results-list__item\">\n    <a href=\"https:\/\/www.federacao-triatlo.pt\/ftp2015\/competicoes\/resultados\/resultados-2024\/20240512lic001\/\"><span class=\"fa fa-list-alt fa-2x\"><\/span><span class=\"results-list__title\">V Triatlo das Caldas da Rainha<\/span><\/a>\n  <\/div>\n<div class=\"results-list__item\">\n    <a href=\"https:\/\/www.federacao-triatlo.pt\/ftp2015\/competicoes\/resultados\/resultados-2024\/20240511aba001\/\"><span class=\"fa fa-list-alt fa-2x\"><\/span><span class=\"results-list__title\">III Duatlo Jovem do Lusitano<\/span><\/a>\n  <\/div>\n<div class=\"results-list__item\">\n    <a href=\"https:\/\/www.federacao-triatlo.pt\/ftp2015\/competicoes\/resultados\/resultados-2024\/20240511ftp001\/\"><span class=\"fa fa-list-alt fa-2x\"><\/span><span class=\"results-list__title\">Aquatlo de Santa Cruz &#8211; Magda Dias<\/span><\/a>\n  <\/div>\n<div class=\"results-list__item\">\n    <a href=\"https:\/\/www.federacao-triatlo.pt\/ftp2015\/competicoes\/resultados\/resultados-2024\/20240505ftp001\/\"><span class=\"fa fa-list-alt fa-2x\"><\/span><span class=\"results-list__title\">XXXVII Triatlo de Oeiras<\/span><\/a>\n  <\/div>\n<div class=\"results-list__item\">\n    <a href=\"https:\/\/www.federacao-triatlo.pt\/ftp2015\/competicoes\/resultados\/resultados-2024\/20240501lic001\/\"><span class=\"fa fa-list-alt fa-2x\"><\/span><span class=\"results-list__title\">I Aquatlo Munic\u00edpio de Ma\u00e7\u00e3o<\/span><\/a>\n  <\/div>\n<div class=\"results-list__item\">\n    <a href=\"https:\/\/www.federacao-triatlo.pt\/ftp2015\/competicoes\/resultados\/resultados-2024\/20240428ftp001\/\"><span class=\"fa fa-list-alt fa-2x\"><\/span><span class=\"results-list__title\">IV Triatlo de Cuba<\/span><\/a>\n  <\/div>\n<div class=\"results-list__item\">\n    <a href=\"https:\/\/www.federacao-triatlo.pt\/ftp2015\/competicoes\/resultados\/resultados-2024\/20240425lin001\/\"><span class=\"fa fa-list-alt fa-2x\"><\/span><span class=\"results-list__title\">Duatlo 25 de Abril<\/span><\/a>\n  <\/div>\n<div class=\"results-list__item\">\n    <a href=\"https:\/\/www.federacao-triatlo.pt\/ftp2015\/competicoes\/resultados\/resultados-2024\/20240425aba001\/\"><span class=\"fa fa-list-alt fa-2x\"><\/span><span class=\"results-list__title\">X Triatlo de Albufeira<\/span><\/a>\n  <\/div>\n<div class=\"results-list__item\">\n    <a href=\"https:\/\/www.federacao-triatlo.pt\/ftp2015\/competicoes\/resultados\/resultados-2024\/20240420aba001\/\"><span class=\"fa fa-list-alt fa-2x\"><\/span><span class=\"results-list__title\">VI Duatlo Jovem da Mexilhoeira Grande<\/span><\/a>\n  <\/div>\n<div class=\"results-list__item\">\n    <a href=\"https:\/\/www.federacao-triatlo.pt\/ftp2015\/competicoes\/resultados\/resultados-2024\/20240420ftp001\/\"><span class=\"fa fa-list-alt fa-2x\"><\/span><span class=\"results-list__title\">XTERRA Portugal 2024<\/span><\/a>\n  <\/div>\n<div class=\"results-list__item\">\n    <a href=\"https:\/\/www.federacao-triatlo.pt\/ftp2015\/competicoes\/resultados\/resultados-2024\/20240414rdn001\/\"><span class=\"fa fa-list-alt fa-2x\"><\/span><span class=\"results-list__title\">Duatlo de Famalic\u00e3o<\/span><\/a>\n  <\/div>\n<div class=\"results-list__item\">\n    <a href=\"https:\/\/www.federacao-triatlo.pt\/ftp2015\/competicoes\/resultados\/resultados-2024\/20240413laa001\/\"><span class=\"fa fa-list-alt fa-2x\"><\/span><span class=\"results-list__title\">II Aquatlo Jovem de Vila Franca de Xira<\/span><\/a>\n  <\/div>\n<div class=\"results-list__item\">\n    <a href=\"https:\/\/www.federacao-triatlo.pt\/ftp2015\/competicoes\/resultados\/resultados-2024\/20240406ftp001\/\"><span class=\"fa fa-list-alt fa-2x\"><\/span><span class=\"results-list__title\">III Triatlo de Moura<\/span><\/a>\n  <\/div>\n<div class=\"results-list__item\">\n    <a href=\"https:\/\/www.federacao-triatlo.pt\/ftp2015\/competicoes\/resultados\/resultados-2024\/20240323ftp001\/\"><span class=\"fa fa-list-alt fa-2x\"><\/span><span class=\"results-list__title\">XXII Triatlo Cidade de Quarteira<\/span><\/a>\n  <\/div>\n<div class=\"results-list__item\">\n    <a href=\"https:\/\/www.federacao-triatlo.pt\/ftp2015\/competicoes\/resultados\/resultados-2024\/20240316ftp001\/\"><span class=\"fa fa-list-alt fa-2x\"><\/span><span class=\"results-list__title\">XVI Duatlo de Arronches<\/span><\/a>\n  <\/div>\n<div class=\"results-list__item\">\n    <a href=\"https:\/\/www.federacao-triatlo.pt\/ftp2015\/competicoes\/resultados\/resultados-2024\/20240302ftp001\/\"><span class=\"fa fa-list-alt fa-2x\"><\/span><span class=\"results-list__title\">XXVIII Duatlo de Gr\u00e2ndola<\/span><\/a>\n  <\/div>\n<div class=\"results-list__item\">\n    <a href=\"https:\/\/www.federacao-triatlo.pt\/ftp2015\/competicoes\/resultados\/resultados-2024\/20240225ftp001\/\"><span class=\"fa fa-list-alt fa-2x\"><\/span><span class=\"results-list__title\">I Duatlo Cross da Raia Ib\u00e9rica<\/span><\/a>\n  <\/div>\n<div class=\"results-list__item\">\n    <a href=\"https:\/\/www.federacao-triatlo.pt\/ftp2015\/competicoes\/resultados\/resultados-2024\/20240224laa001\/\"><span class=\"fa fa-list-alt fa-2x\"><\/span><span class=\"results-list__title\">III Duatlo Jovem da Amora<\/span><\/a>\n  <\/div>\n<div class=\"results-list__item\">\n    <a href=\"https:\/\/www.federacao-triatlo.pt\/ftp2015\/competicoes\/resultados\/resultados-2024\/20240218ftp001\/\"><span class=\"fa fa-list-alt fa-2x\"><\/span><span class=\"results-list__title\">III Triatlo de Santo Andr\u00e9<\/span><\/a>\n  <\/div>\n<div class=\"results-list__item\">\n    <a href=\"https:\/\/www.federacao-triatlo.pt\/ftp2015\/competicoes\/resultados\/resultados-2024\/20240128ftp001\/\"><span class=\"fa fa-list-alt fa-2x\"><\/span><span class=\"results-list__title\">XIV Duatlo Cross Jo\u00e3o Campos<\/span><\/a>\n  <\/div>\n<\/div>\n","protected":false},"excerpt":{"rendered":"<p>VII Triatlo The Campus VII Duatlo de Ferreiras Triatlo de [&hellip;]<\/p>\n","protected":false},"author":15430,"featured_media":0,"parent":100,"menu_order":41,"comment_status":"closed","ping_status":"closed","template":"","meta":{"footnotes":""},"_links":{"self":[{"href":"https:\/\/www.federacao-triatlo.pt\/ftp2015\/wp-json\/wp\/v2\/pages\/99399"}],"collection":[{"href":"https:\/\/www.federacao-triatlo.pt\/ftp2015\/wp-json\/wp\/v2\/pages"}],"about":[{"href":"https:\/\/www.federacao-triatlo.pt\/ftp2015\/wp-json\/wp\/v2\/types\/page"}],"author":[{"embeddable":true,"href":"https:\/\/www.federacao-triatlo.pt\/ftp2015\/wp-json\/wp\/v2\/users\/15430"}],"replies":[{"embeddable":true,"href":"https:\/\/www.federacao-triatlo.pt\/ftp2015\/wp-json\/wp\/v2\/comments?post=99399"}],"version-history":[{"count":67,"href":"https:\/\/www.federacao-triatlo.pt\/ftp2015\/wp-json\/wp\/v2\/pages\/99399\/revisions"}],"predecessor-version":[{"id":101183,"href":"https:\/\/www.federacao-triatlo.pt\/ftp2015\/wp-json\/wp\/v2\/pages\/99399\/revisions\/101183"}],"up":[{"embeddable":true,"href":"https:\/\/www.federacao-triatlo.pt\/ftp2015\/wp-json\/wp\/v2\/pages\/100"}],"wp:attachment":[{"href":"https:\/\/www.federacao-triatlo.pt\/ftp2015\/wp-json\/wp\/v2\/media?parent=99399"}],"curies":[{"name":"wp","href":"https:\/\/api.w.org\/{rel}","templated":true}]}}