{"id":94238,"date":"2023-04-04T19:34:01","date_gmt":"2023-04-04T19:34:01","guid":{"rendered":"https:\/\/www.federacao-triatlo.pt\/ftp2015\/?page_id=94238"},"modified":"2023-04-04T19:34:25","modified_gmt":"2023-04-04T19:34:25","slug":"19850629nac001","status":"publish","type":"page","link":"https:\/\/www.federacao-triatlo.pt\/ftp2015\/competicoes\/resultados\/resultados-1985\/19850629nac001\/","title":{"rendered":"Triatlo de Cascais"},"content":{"rendered":"<div class=\"table-container\">\n<table class=\"table is-striped is-narrow is-hoverable table is-fullwidth\">\n<thead>\n<tr>\n<th>#<\/th>\n<th>Nome<\/th>\n<th>G\u00e9nero<\/th>\n<th>Total<\/th>\n<\/tr>\n<\/thead>\n<tbody>\n<tr>\n<td>1<\/td>\n<td>Carlos Carmino<\/td>\n<td>M<\/td>\n<td>01:52:34<\/td>\n<\/tr>\n<tr>\n<td>2<\/td>\n<td>Jos\u00e9 Mariz Martins<\/td>\n<td>M<\/td>\n<td>01:56:39<\/td>\n<\/tr>\n<tr>\n<td>3<\/td>\n<td>Paulo Carvalho<\/td>\n<td>M<\/td>\n<td>01:55:15<\/td>\n<\/tr>\n<tr>\n<td>4<\/td>\n<td>Manuel Barroso<\/td>\n<td>M<\/td>\n<td>01:55:46<\/td>\n<\/tr>\n<tr>\n<td>5<\/td>\n<td>Pedro Carvalho<\/td>\n<td>M<\/td>\n<td>01:59:11<\/td>\n<\/tr>\n<tr>\n<td>6<\/td>\n<td>Jos\u00e9 M. Oliveira<\/td>\n<td>M<\/td>\n<td>02:02:43<\/td>\n<\/tr>\n<tr>\n<td>7<\/td>\n<td>Banjamim Santos<\/td>\n<td>M<\/td>\n<td>02:03:45<\/td>\n<\/tr>\n<tr>\n<td>8<\/td>\n<td>Ant\u00f3nio Viana<\/td>\n<td>M<\/td>\n<td>02:04:05<\/td>\n<\/tr>\n<tr>\n<td>9<\/td>\n<td>Fernando A. S.<\/td>\n<td>M<\/td>\n<td>02:04:27<\/td>\n<\/tr>\n<tr>\n<td>10<\/td>\n<td>Raul Fachadas<\/td>\n<td>M<\/td>\n<td>02:04:30<\/td>\n<\/tr>\n<tr>\n<td>11<\/td>\n<td>Paulo Alves<\/td>\n<td>M<\/td>\n<td>02:05:17<\/td>\n<\/tr>\n<tr>\n<td>12<\/td>\n<td>Jos\u00e9 Br\u00e1s<\/td>\n<td>M<\/td>\n<td>02:05:33<\/td>\n<\/tr>\n<tr>\n<td>13<\/td>\n<td>Luis Monteiro<\/td>\n<td>M<\/td>\n<td>02:05:54<\/td>\n<\/tr>\n<tr>\n<td>14<\/td>\n<td>Carlos Brito<\/td>\n<td>M<\/td>\n<td>02:06:03<\/td>\n<\/tr>\n<tr>\n<td>15<\/td>\n<td>Jos\u00e9 Raimundo<\/td>\n<td>M<\/td>\n<td>02:06:14<\/td>\n<\/tr>\n<tr>\n<td>16<\/td>\n<td>Jos\u00e9 Alberto Coelho<\/td>\n<td>M<\/td>\n<td>02:06:14<\/td>\n<\/tr>\n<tr>\n<td>17<\/td>\n<td>Jo\u00e3o Ching Fig<\/td>\n<td>M<\/td>\n<td>02:06:57<\/td>\n<\/tr>\n<tr>\n<td>18<\/td>\n<td>Jo\u00e3o G. Patricio<\/td>\n<td>M<\/td>\n<td>02:07:05<\/td>\n<\/tr>\n<tr>\n<td>19<\/td>\n<td>Miguel Monjardino<\/td>\n<td>M<\/td>\n<td>02:07:45<\/td>\n<\/tr>\n<tr>\n<td>20<\/td>\n<td>Jos\u00e9 Z. M. Naval<\/td>\n<td>M<\/td>\n<td>02:07:51<\/td>\n<\/tr>\n<tr>\n<td>21<\/td>\n<td>Paulo Serra<\/td>\n<td>M<\/td>\n<td><\/td>\n<\/tr>\n<tr>\n<td>22<\/td>\n<td>Manuel Ferreira<\/td>\n<td>M<\/td>\n<td><\/td>\n<\/tr>\n<tr>\n<td>23<\/td>\n<td>Jo\u00e3o Medeiro<\/td>\n<td>M<\/td>\n<td><\/td>\n<\/tr>\n<tr>\n<td>24<\/td>\n<td>Diogo Caeiro<\/td>\n<td>M<\/td>\n<td><\/td>\n<\/tr>\n<tr>\n<td>25<\/td>\n<td>Paulo Cavaleiro<\/td>\n<td>M<\/td>\n<td><\/td>\n<\/tr>\n<tr>\n<td>26<\/td>\n<td>Riz\u00e9rio Salgado<\/td>\n<td>M<\/td>\n<td><\/td>\n<\/tr>\n<tr>\n<td>27<\/td>\n<td>Fernando Carvalho<\/td>\n<td>M<\/td>\n<td><\/td>\n<\/tr>\n<tr>\n<td>28<\/td>\n<td>Roberto Dur\u00e3o<\/td>\n<td>M<\/td>\n<td><\/td>\n<\/tr>\n<tr>\n<td>29<\/td>\n<td>Paulo Tavares Silva<\/td>\n<td>M<\/td>\n<td><\/td>\n<\/tr>\n<tr>\n<td>30<\/td>\n<td>Francisco Ferreira<\/td>\n<td>M<\/td>\n<td><\/td>\n<\/tr>\n<tr>\n<td>31<\/td>\n<td>Gon\u00e7alo Dur\u00e3o<\/td>\n<td>M<\/td>\n<td><\/td>\n<\/tr>\n<tr>\n<td>32<\/td>\n<td>Augusto Quelhas<\/td>\n<td>M<\/td>\n<td><\/td>\n<\/tr>\n<tr>\n<td>33<\/td>\n<td>Jo\u00e3o Teixeira<\/td>\n<td>M<\/td>\n<td><\/td>\n<\/tr>\n<tr>\n<td>34<\/td>\n<td>Carlos Milhano<\/td>\n<td>M<\/td>\n<td><\/td>\n<\/tr>\n<tr>\n<td>35<\/td>\n<td>Ant\u00f3nio Ninhos<\/td>\n<td>M<\/td>\n<td><\/td>\n<\/tr>\n<tr>\n<td>36<\/td>\n<td>Jos\u00e9 Rico<\/td>\n<td>M<\/td>\n<td><\/td>\n<\/tr>\n<tr>\n<td>37<\/td>\n<td>Jos\u00e9 Ribeiro<\/td>\n<td>M<\/td>\n<td><\/td>\n<\/tr>\n<tr>\n<td>38<\/td>\n<td>Alexandre Flores<\/td>\n<td>M<\/td>\n<td><\/td>\n<\/tr>\n<tr>\n<td>39<\/td>\n<td>Ricardo Jorge Aguiar<\/td>\n<td>M<\/td>\n<td><\/td>\n<\/tr>\n<tr>\n<td>40<\/td>\n<td>Rui Gomes<\/td>\n<td>M<\/td>\n<td><\/td>\n<\/tr>\n<tr>\n<td>41<\/td>\n<td>Jo\u00e3o Correia<\/td>\n<td>M<\/td>\n<td><\/td>\n<\/tr>\n<tr>\n<td>42<\/td>\n<td>Jo\u00e3o Curto<\/td>\n<td>M<\/td>\n<td><\/td>\n<\/tr>\n<tr>\n<td>43<\/td>\n<td>Jos\u00e9 Pereira de Oliveira<\/td>\n<td>M<\/td>\n<td><\/td>\n<\/tr>\n<tr>\n<td>44<\/td>\n<td>Lu\u00eds Silva Pires<\/td>\n<td>M<\/td>\n<td><\/td>\n<\/tr>\n<tr>\n<td>45<\/td>\n<td>Ricardo Tiago<\/td>\n<td>M<\/td>\n<td><\/td>\n<\/tr>\n<tr>\n<td>46<\/td>\n<td>Ant\u00f3nio Lopes<\/td>\n<td>M<\/td>\n<td><\/td>\n<\/tr>\n<tr>\n<td>47<\/td>\n<td>Ant\u00f3nio M. de Almeida<\/td>\n<td>M<\/td>\n<td><\/td>\n<\/tr>\n<tr>\n<td>48<\/td>\n<td>Jo\u00e3o Oliveira Gomes<\/td>\n<td>M<\/td>\n<td><\/td>\n<\/tr>\n<tr>\n<td>49<\/td>\n<td>Luis Candeias<\/td>\n<td>M<\/td>\n<td><\/td>\n<\/tr>\n<tr>\n<td>50<\/td>\n<td>Angel Lopes<\/td>\n<td>M<\/td>\n<td><\/td>\n<\/tr>\n<tr>\n<td>51<\/td>\n<td>M\u00e1rio Luis L. S. Madeira<\/td>\n<td>M<\/td>\n<td><\/td>\n<\/tr>\n<tr>\n<td>52<\/td>\n<td>Adelino Carvalho Vicente<\/td>\n<td>M<\/td>\n<td><\/td>\n<\/tr>\n<tr>\n<td>53<\/td>\n<td>Ant\u00f3nio J\u00falio G. Dias Prego<\/td>\n<td>M<\/td>\n<td><\/td>\n<\/tr>\n<tr>\n<td>54<\/td>\n<td>Artur Andr\u00e9 Luz Parreira<\/td>\n<td>M<\/td>\n<td><\/td>\n<\/tr>\n<tr>\n<td>55<\/td>\n<td>Francisco Jos\u00e9 A. Silva<\/td>\n<td>M<\/td>\n<td><\/td>\n<\/tr>\n<tr>\n<td>56<\/td>\n<td>Jo\u00e3o Manuel F. C. Pedroso<\/td>\n<td>M<\/td>\n<td><\/td>\n<\/tr>\n<tr>\n<td>57<\/td>\n<td>Pascale Lafosse<\/td>\n<td>M<\/td>\n<td><\/td>\n<\/tr>\n<tr>\n<td>58<\/td>\n<td>Ant\u00f3nio Jos\u00e9 C. Pereira<\/td>\n<td>M<\/td>\n<td><\/td>\n<\/tr>\n<tr>\n<td>59<\/td>\n<td>Miguel Trigueiros M. Lima<\/td>\n<td>M<\/td>\n<td><\/td>\n<\/tr>\n<tr>\n<td>60<\/td>\n<td>Gon\u00e7alo C. C. C Meibelles<\/td>\n<td>M<\/td>\n<td><\/td>\n<\/tr>\n<tr>\n<td>61<\/td>\n<td>M\u00e1rio Correia Mendes<\/td>\n<td>M<\/td>\n<td><\/td>\n<\/tr>\n<tr>\n<td>62<\/td>\n<td>Arlindo Frias de Deus<\/td>\n<td>M<\/td>\n<td><\/td>\n<\/tr>\n<tr>\n<td>63<\/td>\n<td>Policarpo M. Sousa Pereira<\/td>\n<td>M<\/td>\n<td><\/td>\n<\/tr>\n<tr>\n<td>64<\/td>\n<td>Hor\u00e1cio Sampaio<\/td>\n<td>M<\/td>\n<td><\/td>\n<\/tr>\n<tr>\n<td>65<\/td>\n<td>Alfredo M. G. de Sousa<\/td>\n<td>M<\/td>\n<td><\/td>\n<\/tr>\n<tr>\n<td>66<\/td>\n<td>Vitor Ribeiro Antunes<\/td>\n<td>M<\/td>\n<td><\/td>\n<\/tr>\n<tr>\n<td>67<\/td>\n<td>Rui Manuel L. N. C. Ramos<\/td>\n<td>M<\/td>\n<td><\/td>\n<\/tr>\n<tr>\n<td>68<\/td>\n<td>Joaquim Verdadeiro Ramos<\/td>\n<td>M<\/td>\n<td><\/td>\n<\/tr>\n<tr>\n<td>69<\/td>\n<td>Cristino A. Gamito<\/td>\n<td>M<\/td>\n<td><\/td>\n<\/tr>\n<tr>\n<td>70<\/td>\n<td>Lu\u00eds Lampreia de Sousa<\/td>\n<td>M<\/td>\n<td><\/td>\n<\/tr>\n<tr>\n<td>71<\/td>\n<td>Jos\u00e9 Joaquim M. Paiva<\/td>\n<td>M<\/td>\n<td><\/td>\n<\/tr>\n<tr>\n<td>72<\/td>\n<td>Jos\u00e9 L\u00facio E. Gomes<\/td>\n<td>M<\/td>\n<td><\/td>\n<\/tr>\n<tr>\n<td>73<\/td>\n<td>Fernando A. Pinho Ferreiro<\/td>\n<td>M<\/td>\n<td><\/td>\n<\/tr>\n<tr>\n<td>74<\/td>\n<td>Manuel R. Ameitieizo<\/td>\n<td>M<\/td>\n<td><\/td>\n<\/tr>\n<tr>\n<td>75<\/td>\n<td>Paulo R. e Sousa Gomes<\/td>\n<td>M<\/td>\n<td><\/td>\n<\/tr>\n<tr>\n<td>76<\/td>\n<td>Jos\u00e9 Ant\u00f3nio Ferreira Costa<\/td>\n<td>M<\/td>\n<td><\/td>\n<\/tr>\n<tr>\n<td>77<\/td>\n<td>Manuel Alexandre Correia<\/td>\n<td>M<\/td>\n<td><\/td>\n<\/tr>\n<tr>\n<td>78<\/td>\n<td>Ant\u00f3nio M. Santos Gomes<\/td>\n<td>M<\/td>\n<td><\/td>\n<\/tr>\n<tr>\n<td>79<\/td>\n<td>Lu\u00eds Ac\u00e1cio Gon\u00e7alves<\/td>\n<td>M<\/td>\n<td><\/td>\n<\/tr>\n<tr>\n<td>80<\/td>\n<td>Manuel Ant\u00f3nio M. Matos<\/td>\n<td>M<\/td>\n<td><\/td>\n<\/tr>\n<tr>\n<td>81<\/td>\n<td>Jos\u00e9 Manuel M. Tavares<\/td>\n<td>M<\/td>\n<td><\/td>\n<\/tr>\n<tr>\n<td>82<\/td>\n<td>Jo\u00e3o Manuel R. Silva<\/td>\n<td>M<\/td>\n<td><\/td>\n<\/tr>\n<tr>\n<td>83<\/td>\n<td>Jo\u00e3o Manuel da S. Pinho<\/td>\n<td>M<\/td>\n<td><\/td>\n<\/tr>\n<tr>\n<td>84<\/td>\n<td>Jos\u00e9 Alberto T. S. Ferreira<\/td>\n<td>M<\/td>\n<td><\/td>\n<\/tr>\n<tr>\n<td>85<\/td>\n<td>Tiago Fragoso Malato<\/td>\n<td>M<\/td>\n<td><\/td>\n<\/tr>\n<tr>\n<td>86<\/td>\n<td>Edgar Paulo R. Paz Gomes<\/td>\n<td>M<\/td>\n<td><\/td>\n<\/tr>\n<tr>\n<td>87<\/td>\n<td>Jo\u00e3o F. L. Fonseca Macedo<\/td>\n<td>M<\/td>\n<td><\/td>\n<\/tr>\n<tr>\n<td>88<\/td>\n<td>Ant\u00f3nio V. P. Menezes<\/td>\n<td>M<\/td>\n<td><\/td>\n<\/tr>\n<tr>\n<td>89<\/td>\n<td>Jo\u00e3o Neves de Almeida<\/td>\n<td>M<\/td>\n<td><\/td>\n<\/tr>\n<tr>\n<td>90<\/td>\n<td>Rui Barros<\/td>\n<td>M<\/td>\n<td><\/td>\n<\/tr>\n<tr>\n<td>91<\/td>\n<td>Edmundo A. dos Santos<\/td>\n<td>M<\/td>\n<td><\/td>\n<\/tr>\n<tr>\n<td>92<\/td>\n<td>Jorge de Paula<\/td>\n<td>M<\/td>\n<td><\/td>\n<\/tr>\n<tr>\n<td>93<\/td>\n<td>Jos\u00e9 Lu\u00eds F. Gomes<\/td>\n<td>M<\/td>\n<td><\/td>\n<\/tr>\n<tr>\n<td>94<\/td>\n<td>Jo\u00e3o Manuel G. da Mata<\/td>\n<td>M<\/td>\n<td><\/td>\n<\/tr>\n<tr>\n<td>95<\/td>\n<td>Alvaro Jos\u00e9 de C. Duarte<\/td>\n<td>M<\/td>\n<td><\/td>\n<\/tr>\n<tr>\n<td>96<\/td>\n<td>Pedro Lampreia de Sousa<\/td>\n<td>M<\/td>\n<td><\/td>\n<\/tr>\n<tr>\n<td>97<\/td>\n<td>Jo\u00e3o B. S. Tib\u00e9rio<\/td>\n<td>M<\/td>\n<td><\/td>\n<\/tr>\n<tr>\n<td>98<\/td>\n<td>Duarte Nuno R. Gon\u00e7alves<\/td>\n<td>M<\/td>\n<td><\/td>\n<\/tr>\n<tr>\n<td>99<\/td>\n<td>Luis Alberto F. S. Tib\u00e9rio<\/td>\n<td>M<\/td>\n<td><\/td>\n<\/tr>\n<tr>\n<td>100<\/td>\n<td>Lu\u00eds Filipe Fontes<\/td>\n<td>M<\/td>\n<td><\/td>\n<\/tr>\n<tr>\n<td>101<\/td>\n<td>Claudio Jos\u00e9 Silva Henrique<\/td>\n<td>M<\/td>\n<td><\/td>\n<\/tr>\n<tr>\n<td>102<\/td>\n<td>Fernando G. Gomes<\/td>\n<td>M<\/td>\n<td><\/td>\n<\/tr>\n<tr>\n<td>103<\/td>\n<td>Manuel Jos\u00e9 Gon\u00e7alves<\/td>\n<td>M<\/td>\n<td><\/td>\n<\/tr>\n<tr>\n<td>104<\/td>\n<td>Liberto Ferreira Faria<\/td>\n<td>M<\/td>\n<td><\/td>\n<\/tr>\n<tr>\n<td>105<\/td>\n<td>Ant\u00f3nio Manuel B. Santos<\/td>\n<td>M<\/td>\n<td><\/td>\n<\/tr>\n<tr>\n<td>106<\/td>\n<td>Jos\u00e9 Subtil Teixeira<\/td>\n<td>M<\/td>\n<td><\/td>\n<\/tr>\n<tr>\n<td>107<\/td>\n<td>Cl\u00e1udio T. C. M. Coimbra<\/td>\n<td>M<\/td>\n<td><\/td>\n<\/tr>\n<tr>\n<td>108<\/td>\n<td>Ramon M. Fernandez Neto<\/td>\n<td>M<\/td>\n<td><\/td>\n<\/tr>\n<tr>\n<td>109<\/td>\n<td>Francisco J. M. Rodrigues<\/td>\n<td>M<\/td>\n<td><\/td>\n<\/tr>\n<tr>\n<td>110<\/td>\n<td>Carlos Neves Porf\u00edrio<\/td>\n<td>M<\/td>\n<td><\/td>\n<\/tr>\n<tr>\n<td>111<\/td>\n<td>M\u00e1rio Jorge S. A. Melo<\/td>\n<td>M<\/td>\n<td><\/td>\n<\/tr>\n<tr>\n<td>112<\/td>\n<td>Jos\u00e9 Luis P. Nascimento<\/td>\n<td>M<\/td>\n<td><\/td>\n<\/tr>\n<tr>\n<td>113<\/td>\n<td>S\u00e9rgio Ricardo Rodrigues<\/td>\n<td>M<\/td>\n<td><\/td>\n<\/tr>\n<tr>\n<td>114<\/td>\n<td>Carlos A. M. Fernandes<\/td>\n<td>M<\/td>\n<td><\/td>\n<\/tr>\n<tr>\n<td>115<\/td>\n<td>Lu\u00eds Manuel Fernandes<\/td>\n<td>M<\/td>\n<td><\/td>\n<\/tr>\n<tr>\n<td>116<\/td>\n<td>Ant\u00f3nio N. Matos<\/td>\n<td>M<\/td>\n<td><\/td>\n<\/tr>\n<tr>\n<td>117<\/td>\n<td>Rui Pereira<\/td>\n<td>M<\/td>\n<td><\/td>\n<\/tr>\n<tr>\n<td>118<\/td>\n<td>Domingos Nunes Raposo<\/td>\n<td>M<\/td>\n<td><\/td>\n<\/tr>\n<tr>\n<td>119<\/td>\n<td>Virgolino C. Dam\u00e1sio<\/td>\n<td>M<\/td>\n<td><\/td>\n<\/tr>\n<tr>\n<td>120<\/td>\n<td>Jorge Fernandes Gra\u00e7a<\/td>\n<td>M<\/td>\n<td><\/td>\n<\/tr>\n<tr>\n<td>121<\/td>\n<td>Dora Cristina S. Pinto<\/td>\n<td>F<\/td>\n<td><\/td>\n<\/tr>\n<tr>\n<td>122<\/td>\n<td>Jos\u00e9 Carlos M. Ferreira<\/td>\n<td>M<\/td>\n<td><\/td>\n<\/tr>\n<tr>\n<td>123<\/td>\n<td>Leandro R. Gra\u00e7a Silva<\/td>\n<td>M<\/td>\n<td><\/td>\n<\/tr>\n<tr>\n<td>124<\/td>\n<td>Lu\u00eds Filipe Nunes Pineza<\/td>\n<td>M<\/td>\n<td><\/td>\n<\/tr>\n<tr>\n<td>125<\/td>\n<td>Lu\u00eds Filipe M. Pereira Dias<\/td>\n<td>M<\/td>\n<td><\/td>\n<\/tr>\n<tr>\n<td>126<\/td>\n<td>Manuel J. S. Constantino<\/td>\n<td>M<\/td>\n<td><\/td>\n<\/tr>\n<tr>\n<td>127<\/td>\n<td>Jo\u00e3o C. C. L. Rodrigues<\/td>\n<td>M<\/td>\n<td><\/td>\n<\/tr>\n<tr>\n<td>128<\/td>\n<td>Jos\u00e9 Joaquim P. Sousa<\/td>\n<td>M<\/td>\n<td><\/td>\n<\/tr>\n<tr>\n<td>129<\/td>\n<td>Daniel Velosa<\/td>\n<td>M<\/td>\n<td><\/td>\n<\/tr>\n<tr>\n<td>130<\/td>\n<td>Jorge Luis<\/td>\n<td>M<\/td>\n<td><\/td>\n<\/tr>\n<tr>\n<td>131<\/td>\n<td>Ant\u00f3nio A. S. Correia<\/td>\n<td>M<\/td>\n<td><\/td>\n<\/tr>\n<tr>\n<td>132<\/td>\n<td>Lu\u00eds Nunes da Silva<\/td>\n<td>M<\/td>\n<td><\/td>\n<\/tr>\n<tr>\n<td>133<\/td>\n<td>Caetano Maria R. C. Reis<\/td>\n<td>M<\/td>\n<td><\/td>\n<\/tr>\n<tr>\n<td>134<\/td>\n<td>Pedro Miguel Faria<\/td>\n<td>M<\/td>\n<td><\/td>\n<\/tr>\n<tr>\n<td>135<\/td>\n<td>Jo\u00e3o Paulo S. Castel\u00e3o<\/td>\n<td>M<\/td>\n<td><\/td>\n<\/tr>\n<tr>\n<td>136<\/td>\n<td>Jos\u00e9 Manuel J. Pinho<\/td>\n<td>M<\/td>\n<td><\/td>\n<\/tr>\n<tr>\n<td>137<\/td>\n<td>Jos\u00e9 Manuel D. Teixeira<\/td>\n<td>M<\/td>\n<td><\/td>\n<\/tr>\n<tr>\n<td>138<\/td>\n<td>Jorge da Costa Vaz<\/td>\n<td>M<\/td>\n<td><\/td>\n<\/tr>\n<tr>\n<td>139<\/td>\n<td>Rui Miguel P. F. Fernandes<\/td>\n<td>M<\/td>\n<td><\/td>\n<\/tr>\n<tr>\n<td>140<\/td>\n<td>Joaquim Jos\u00e9 T. Ruela<\/td>\n<td>M<\/td>\n<td><\/td>\n<\/tr>\n<tr>\n<td>141<\/td>\n<td>Ant\u00f3nio N. Matos<\/td>\n<td>M<\/td>\n<td><\/td>\n<\/tr>\n<tr>\n<td>142<\/td>\n<td>Isabel Maria T. Matos<\/td>\n<td>F<\/td>\n<td><\/td>\n<\/tr>\n<tr>\n<td>143<\/td>\n<td>Jos\u00e9 Alberto F. Tavares<\/td>\n<td>M<\/td>\n<td><\/td>\n<\/tr>\n<tr>\n<td>144<\/td>\n<td>Jo\u00e3o Eduardo R. Barros<\/td>\n<td>M<\/td>\n<td><\/td>\n<\/tr>\n<tr>\n<td>145<\/td>\n<td>Rui Carvalho<\/td>\n<td>M<\/td>\n<td><\/td>\n<\/tr>\n<tr>\n<td>146<\/td>\n<td>Carlos Dinis<\/td>\n<td>M<\/td>\n<td><\/td>\n<\/tr>\n<tr>\n<td>147<\/td>\n<td>Ant\u00f3nio Manuel Vieira<\/td>\n<td>M<\/td>\n<td><\/td>\n<\/tr>\n<tr>\n<td>148<\/td>\n<td>Jos\u00e9 Paulo Oliveira<\/td>\n<td>M<\/td>\n<td><\/td>\n<\/tr>\n<tr>\n<td>149<\/td>\n<td>Fernando R. Gon\u00e7alves<\/td>\n<td>M<\/td>\n<td><\/td>\n<\/tr>\n<tr>\n<td>150<\/td>\n<td>Jo\u00e3o Manuel F. Casaca<\/td>\n<td>M<\/td>\n<td><\/td>\n<\/tr>\n<tr>\n<td>151<\/td>\n<td>Armando Nuno S. Cunha<\/td>\n<td>M<\/td>\n<td><\/td>\n<\/tr>\n<tr>\n<td>152<\/td>\n<td>Daniel Filipe L. V. Silva<\/td>\n<td>M<\/td>\n<td><\/td>\n<\/tr>\n<tr>\n<td>153<\/td>\n<td>Anabela Ara\u00fajo<\/td>\n<td>F<\/td>\n<td><\/td>\n<\/tr>\n<tr>\n<td>154<\/td>\n<td>Jos\u00e9 Filipe P. L. Melo<\/td>\n<td>M<\/td>\n<td><\/td>\n<\/tr>\n<tr>\n<td>155<\/td>\n<td>Pedro M. M. S. Marques<\/td>\n<td>M<\/td>\n<td><\/td>\n<\/tr>\n<tr>\n<td>156<\/td>\n<td>Herberto Jos\u00e9 Matzinger<\/td>\n<td>M<\/td>\n<td><\/td>\n<\/tr>\n<tr>\n<td>157<\/td>\n<td>Anabela Salgado<\/td>\n<td>F<\/td>\n<td><\/td>\n<\/tr>\n<tr>\n<td>158<\/td>\n<td>Joaquim Jorge B. Baltasar<\/td>\n<td>M<\/td>\n<td><\/td>\n<\/tr>\n<tr>\n<td>159<\/td>\n<td>Diamantino S. Santos<\/td>\n<td>M<\/td>\n<td><\/td>\n<\/tr>\n<tr>\n<td>160<\/td>\n<td>Paulo Alexandre B. Aguiar<\/td>\n<td>M<\/td>\n<td><\/td>\n<\/tr>\n<tr>\n<td>161<\/td>\n<td>Rui Avelar Duarte<\/td>\n<td>M<\/td>\n<td><\/td>\n<\/tr>\n<tr>\n<td>162<\/td>\n<td>Lu\u00eds A. Del-Negro Feist<\/td>\n<td>M<\/td>\n<td><\/td>\n<\/tr>\n<tr>\n<td>163<\/td>\n<td>Miguel Pacheco<\/td>\n<td>M<\/td>\n<td><\/td>\n<\/tr>\n<tr>\n<td>164<\/td>\n<td>Ant\u00f3nio A. F. Marinho<\/td>\n<td>M<\/td>\n<td><\/td>\n<\/tr>\n<\/tbody>\n<\/table>\n<\/div>\n","protected":false},"excerpt":{"rendered":"<p># Nome G\u00e9nero Total 1 Carlos Carmino M 01:52:34 2 [&hellip;]<\/p>\n","protected":false},"author":15430,"featured_media":0,"parent":94236,"menu_order":0,"comment_status":"closed","ping_status":"closed","template":"","meta":{"footnotes":""},"_links":{"self":[{"href":"https:\/\/www.federacao-triatlo.pt\/ftp2015\/wp-json\/wp\/v2\/pages\/94238"}],"collection":[{"href":"https:\/\/www.federacao-triatlo.pt\/ftp2015\/wp-json\/wp\/v2\/pages"}],"about":[{"href":"https:\/\/www.federacao-triatlo.pt\/ftp2015\/wp-json\/wp\/v2\/types\/page"}],"author":[{"embeddable":true,"href":"https:\/\/www.federacao-triatlo.pt\/ftp2015\/wp-json\/wp\/v2\/users\/15430"}],"replies":[{"embeddable":true,"href":"https:\/\/www.federacao-triatlo.pt\/ftp2015\/wp-json\/wp\/v2\/comments?post=94238"}],"version-history":[{"count":1,"href":"https:\/\/www.federacao-triatlo.pt\/ftp2015\/wp-json\/wp\/v2\/pages\/94238\/revisions"}],"predecessor-version":[{"id":94239,"href":"https:\/\/www.federacao-triatlo.pt\/ftp2015\/wp-json\/wp\/v2\/pages\/94238\/revisions\/94239"}],"up":[{"embeddable":true,"href":"https:\/\/www.federacao-triatlo.pt\/ftp2015\/wp-json\/wp\/v2\/pages\/94236"}],"wp:attachment":[{"href":"https:\/\/www.federacao-triatlo.pt\/ftp2015\/wp-json\/wp\/v2\/media?parent=94238"}],"curies":[{"name":"wp","href":"https:\/\/api.w.org\/{rel}","templated":true}]}}