{"id":91,"date":"2014-12-26T12:27:36","date_gmt":"2014-12-26T12:27:36","guid":{"rendered":"https:\/\/www.federacao-triatlo.pt\/ftp2015\/?page_id=91"},"modified":"2022-11-20T23:20:17","modified_gmt":"2022-11-20T23:20:17","slug":"organizadores","status":"publish","type":"page","link":"https:\/\/www.federacao-triatlo.pt\/ftp2015\/competicoes\/organizadores\/","title":{"rendered":"Organizadores"},"content":{"rendered":"<p>Os valores de refer\u00eancia para a organiza\u00e7\u00e3o de eventos desportivos em Portugal est\u00e3o resumidos nos documentos abaixo:<\/p>\n<p><img decoding=\"async\" class=\"\" src=\"http:\/\/waldoltd.com\/Images\/Interface\/pdf.gif\" alt=\"Resultado de imagem para s\u00c3\u00admbolo do pdf\" width=\"19\" height=\"19\" \/>\u00a0Tabela valores organiza\u00e7\u00e3o 2018 (contactar bruno.salvador@federacao-triatlo.pt)<\/p>\n<p><a href=\"https:\/\/www.federacao-triatlo.pt\/ftp2015\/wp-content\/uploads\/2018\/04\/Valores-organiza\u00e7\u00e3o-Regionais-2018-em-30-de-Mar\u00e7o.pdf\"><img decoding=\"async\" class=\"\" src=\"http:\/\/waldoltd.com\/Images\/Interface\/pdf.gif\" alt=\"Resultado de imagem para s\u00c3\u00admbolo do pdf\" width=\"19\" height=\"19\" \/> <\/a><a href=\"https:\/\/www.federacao-triatlo.pt\/ftp2015\/wp-content\/uploads\/2020\/12\/Valores-organizacao-Regionais-2021-em-1-de-Jan-2021.pdf\">Valores organiza\u00e7\u00e3o Regionais 2021 (em 1 de Jan 2021)<\/a><\/p>\n<p>Para obter mais informa\u00e7\u00f5es sobre a organiza\u00e7\u00e3o de provas queria por favor contactar a Dire\u00e7\u00e3o de Competi\u00e7\u00f5es da FTP atrav\u00e9s do endere\u00e7o <a href=\"mailto:bruno.salvador@federacao-triatlo.pt\">bruno.salvador@federacao-triatlo.pt<\/a>\u00a0e no caso de regionais,\u00a0<a href=\"mailto:artur.parreira@federacao-triatlo.pt\">artur.parreira@federacao-triatlo.pt<\/a><\/p>\n","protected":false},"excerpt":{"rendered":"<p>Os valores de refer\u00eancia para a organiza\u00e7\u00e3o de eventos desportivos [&hellip;]<\/p>\n","protected":false},"author":1,"featured_media":0,"parent":529,"menu_order":7,"comment_status":"closed","ping_status":"closed","template":"","meta":{"footnotes":""},"_links":{"self":[{"href":"https:\/\/www.federacao-triatlo.pt\/ftp2015\/wp-json\/wp\/v2\/pages\/91"}],"collection":[{"href":"https:\/\/www.federacao-triatlo.pt\/ftp2015\/wp-json\/wp\/v2\/pages"}],"about":[{"href":"https:\/\/www.federacao-triatlo.pt\/ftp2015\/wp-json\/wp\/v2\/types\/page"}],"author":[{"embeddable":true,"href":"https:\/\/www.federacao-triatlo.pt\/ftp2015\/wp-json\/wp\/v2\/users\/1"}],"replies":[{"embeddable":true,"href":"https:\/\/www.federacao-triatlo.pt\/ftp2015\/wp-json\/wp\/v2\/comments?post=91"}],"version-history":[{"count":1,"href":"https:\/\/www.federacao-triatlo.pt\/ftp2015\/wp-json\/wp\/v2\/pages\/91\/revisions"}],"predecessor-version":[{"id":89192,"href":"https:\/\/www.federacao-triatlo.pt\/ftp2015\/wp-json\/wp\/v2\/pages\/91\/revisions\/89192"}],"up":[{"embeddable":true,"href":"https:\/\/www.federacao-triatlo.pt\/ftp2015\/wp-json\/wp\/v2\/pages\/529"}],"wp:attachment":[{"href":"https:\/\/www.federacao-triatlo.pt\/ftp2015\/wp-json\/wp\/v2\/media?parent=91"}],"curies":[{"name":"wp","href":"https:\/\/api.w.org\/{rel}","templated":true}]}}