{"id":89116,"date":"2022-11-20T11:00:40","date_gmt":"2022-11-20T11:00:40","guid":{"rendered":"https:\/\/www.federacao-triatlo.pt\/ftp2015\/?page_id=89116"},"modified":"2026-02-11T16:07:14","modified_gmt":"2026-02-11T16:07:14","slug":"formacao","status":"publish","type":"page","link":"https:\/\/www.federacao-triatlo.pt\/ftp2015\/formacao\/","title":{"rendered":"Forma\u00e7\u00e3o"},"content":{"rendered":"<div class=\"fusion-fullwidth fullwidth-box fusion-builder-row-1 fusion-flex-container has-pattern-background has-mask-background nonhundred-percent-fullwidth non-hundred-percent-height-scrolling\" style=\"--awb-border-radius-top-left:0px;--awb-border-radius-top-right:0px;--awb-border-radius-bottom-right:0px;--awb-border-radius-bottom-left:0px;--awb-padding-top:0px;--awb-margin-top:0px;--awb-margin-bottom:0px;--awb-flex-wrap:wrap;\" ><div class=\"fusion-builder-row fusion-row fusion-flex-align-items-flex-start fusion-flex-content-wrap\" style=\"max-width:1476px;margin-left: calc(-23% \/ 2 );margin-right: calc(-23% \/ 2 );\"><div class=\"fusion-layout-column fusion_builder_column fusion-builder-column-0 fusion_builder_column_1_1 1_1 fusion-flex-column\" style=\"--awb-bg-size:cover;--awb-width-large:100%;--awb-margin-top-large:0px;--awb-spacing-right-large:8.855%;--awb-margin-bottom-large:20px;--awb-spacing-left-large:8.855%;--awb-width-medium:100%;--awb-order-medium:0;--awb-spacing-right-medium:8.855%;--awb-spacing-left-medium:8.855%;--awb-width-small:100%;--awb-order-small:0;--awb-spacing-right-small:8.855%;--awb-spacing-left-small:8.855%;\"><div class=\"fusion-column-wrapper fusion-column-has-shadow fusion-flex-justify-content-flex-start fusion-content-layout-column\"><div class=\"fusion-text fusion-text-1\"><p>A \u00c1rea de Forma\u00e7\u00e3o da Federa\u00e7\u00e3o de Triatlo tem como miss\u00e3o promover o desenvolvimento cont\u00ednuo dos agentes da modalidade, assegurando uma forma\u00e7\u00e3o de qualidade, atualizada e alinhada com as exig\u00eancias t\u00e9cnicas, pedag\u00f3gicas e \u00e9ticas do triatlo.<\/p>\n<p>Atrav\u00e9s de cursos de treinadores, a\u00e7\u00f5es de forma\u00e7\u00e3o cont\u00ednua, e outras iniciativas formativas, a Federa\u00e7\u00e3o de Triatlo pretende contribuir para a qualifica\u00e7\u00e3o dos recursos humanos, o crescimento sustentado da modalidade e a melhoria do desempenho desportivo em todos os n\u00edveis de pr\u00e1tica.<\/p>\n<h1>Curso de Treinadores de Triatlo<\/h1>\n<p>Devido \u00e0 elevada procura que existe atualmente para os cursos de treinadores de triatlo, solicitamos a todos os interessados que preencham o link abaixo, para que possamos organizar as pr\u00f3ximas edi\u00e7\u00f5es, e desta forma, consigam garantir o vosso lugar, mediante as vagas dispon\u00edveis.<\/p>\n<p><a href=\"https:\/\/forms.gle\/7ufBno7NauKnqpc29\">Pr\u00e9-Inscri\u00e7\u00e3o para Curso de Treinador de Triatlo de Grau I<\/a><\/p>\n<p><a href=\"https:\/\/forms.gle\/oYn5RQHPKUQWPaJx5\" style=\"display:none;\">Pr\u00e9-Inscri\u00e7\u00e3o para Curso de Treinador de Triatlo de Grau II<\/a><\/p>\n<p><a href=\"https:\/\/forms.gle\/QamRWiPE2D1SU8bs9\">Formul\u00e1rio de Inscri\u00e7\u00e3o para Curso de Treinadores de Triatlo de Grau II &#8211; Santar\u00e9m&#8217;26<\/a><\/p>\n<p>A Federa\u00e7\u00e3o de Triatlo acredita que a forma\u00e7\u00e3o \u00e9 um pilar essencial para o desenvolvimento do triatlo, promovendo boas pr\u00e1ticas, seguran\u00e7a e excel\u00eancia desportiva.<\/p>\n<\/div><\/div><\/div><\/div><\/div>\n","protected":false},"excerpt":{"rendered":"","protected":false},"author":15430,"featured_media":0,"parent":0,"menu_order":8,"comment_status":"closed","ping_status":"closed","template":"","meta":{"footnotes":""},"_links":{"self":[{"href":"https:\/\/www.federacao-triatlo.pt\/ftp2015\/wp-json\/wp\/v2\/pages\/89116"}],"collection":[{"href":"https:\/\/www.federacao-triatlo.pt\/ftp2015\/wp-json\/wp\/v2\/pages"}],"about":[{"href":"https:\/\/www.federacao-triatlo.pt\/ftp2015\/wp-json\/wp\/v2\/types\/page"}],"author":[{"embeddable":true,"href":"https:\/\/www.federacao-triatlo.pt\/ftp2015\/wp-json\/wp\/v2\/users\/15430"}],"replies":[{"embeddable":true,"href":"https:\/\/www.federacao-triatlo.pt\/ftp2015\/wp-json\/wp\/v2\/comments?post=89116"}],"version-history":[{"count":6,"href":"https:\/\/www.federacao-triatlo.pt\/ftp2015\/wp-json\/wp\/v2\/pages\/89116\/revisions"}],"predecessor-version":[{"id":106083,"href":"https:\/\/www.federacao-triatlo.pt\/ftp2015\/wp-json\/wp\/v2\/pages\/89116\/revisions\/106083"}],"wp:attachment":[{"href":"https:\/\/www.federacao-triatlo.pt\/ftp2015\/wp-json\/wp\/v2\/media?parent=89116"}],"curies":[{"name":"wp","href":"https:\/\/api.w.org\/{rel}","templated":true}]}}