{"id":89,"date":"2014-12-26T12:27:05","date_gmt":"2014-12-26T12:27:05","guid":{"rendered":"https:\/\/www.federacao-triatlo.pt\/ftp2015\/?page_id=89"},"modified":"2022-11-20T23:20:30","modified_gmt":"2022-11-20T23:20:30","slug":"premios","status":"publish","type":"page","link":"https:\/\/www.federacao-triatlo.pt\/ftp2015\/competicoes\/premios\/","title":{"rendered":"Pr\u00e9mios"},"content":{"rendered":"<p><b>Listagem dos pr\u00e9mios pecuni\u00e1rios a atribuir nas competi\u00e7\u00f5es do calend\u00e1rio competitivo 2020<\/b><\/p>\n<p><div class=\"b5-file-manager-folder\">\r\n                    <input type=\"hidden\" value=\"89\" class=\"b5-fm-post-id\" \/>\r\n                            <div class=\"b5-menu-bar\">\r\n                            \t<div class=\"b5-bar-controls\"><input type=\"text\" placeholder=\"Filtrar\" class=\"b5-filter-value\" \/><\/div>\r\n                    \r\n                <ul class=\"b5-breadcrumbs\">\r\n                    <li>\r\n                        <a class=\"b5-folder-name b5-last\" href=\"#\">Pr\u00e9mios Pecuni\u00e1rios<\/a>\r\n                    <\/li>\r\n                <\/ul>\r\n                 <div style=\"clear:both\"><\/div>\r\n             <\/div><div class=\"b5-loading\"><\/div><ul class=\"b5-file-manager-container b5-file-manager b5-list\"><li class=\"b5-item\">\n                    <input type=\"hidden\" class=\"b5-item-data\" data-title=\"campeonato nacional individual de aquatlo 2020\" data-weight=\"71517\" data-date=\"1598613259\" data-type=\"document\" data-identifier=\"b\" \/>\n                    <div class=\"b5-file\">\n                        <div class=\"b5-icon\"><div class=\"dashicons dashicons-media-document\"><\/div><\/div>\n                        <div class=\"b5-info\">\n                            <p class=\"b5-title\">Campeonato Nacional Individual de Aquatlo 2020<\/p>\n                            <ul class=\"b5-infowrapper\">\n                                \n                                \n                                \n                                \n                                <li><a class=\"b5-download b5-download-icon before\" href=\"https:\/\/www.federacao-triatlo.pt\/ftp2015\/competicoes\/premios\/?b5-file=63420&#038;b5-folder=1763\" data-field_id=\"63420\" data-folder_id=\"1763\" target=\"_self\" title=\"Download file\">Download<\/a><\/li>\n                            <\/ul>\n                         <\/div>\n                    <\/div>\n                <\/li><li class=\"b5-item\">\n                    <input type=\"hidden\" class=\"b5-item-data\" data-title=\"campeonato nacional individual de duatlo 2020\" data-weight=\"71585\" data-date=\"1598613263\" data-type=\"document\" data-identifier=\"b\" \/>\n                    <div class=\"b5-file\">\n                        <div class=\"b5-icon\"><div class=\"dashicons dashicons-media-document\"><\/div><\/div>\n                        <div class=\"b5-info\">\n                            <p class=\"b5-title\">Campeonato Nacional Individual de Duatlo 2020<\/p>\n                            <ul class=\"b5-infowrapper\">\n                                \n                                \n                                \n                                \n                                <li><a class=\"b5-download b5-download-icon before\" href=\"https:\/\/www.federacao-triatlo.pt\/ftp2015\/competicoes\/premios\/?b5-file=63421&#038;b5-folder=1763\" data-field_id=\"63421\" data-folder_id=\"1763\" target=\"_self\" title=\"Download file\">Download<\/a><\/li>\n                            <\/ul>\n                         <\/div>\n                    <\/div>\n                <\/li><li class=\"b5-item\">\n                    <input type=\"hidden\" class=\"b5-item-data\" data-title=\"campeonato nacional individual de duatlo cross 2020\" data-weight=\"71628\" data-date=\"1598613265\" data-type=\"document\" data-identifier=\"b\" \/>\n                    <div class=\"b5-file\">\n                        <div class=\"b5-icon\"><div class=\"dashicons dashicons-media-document\"><\/div><\/div>\n                        <div class=\"b5-info\">\n                            <p class=\"b5-title\">Campeonato Nacional Individual de Duatlo Cross 2020<\/p>\n                            <ul class=\"b5-infowrapper\">\n                                \n                                \n                                \n                                \n                                <li><a class=\"b5-download b5-download-icon before\" href=\"https:\/\/www.federacao-triatlo.pt\/ftp2015\/competicoes\/premios\/?b5-file=63422&#038;b5-folder=1763\" data-field_id=\"63422\" data-folder_id=\"1763\" target=\"_self\" title=\"Download file\">Download<\/a><\/li>\n                            <\/ul>\n                         <\/div>\n                    <\/div>\n                <\/li><li class=\"b5-item\">\n                    <input type=\"hidden\" class=\"b5-item-data\" data-title=\"campeonato nacional individual de m\u00e9dia dist\u00e2ncia 2020\" data-weight=\"71670\" data-date=\"1598613266\" data-type=\"document\" data-identifier=\"b\" \/>\n                    <div class=\"b5-file\">\n                        <div class=\"b5-icon\"><div class=\"dashicons dashicons-media-document\"><\/div><\/div>\n                        <div class=\"b5-info\">\n                            <p class=\"b5-title\">Campeonato Nacional Individual de M\u00e9dia Dist\u00e2ncia 2020<\/p>\n                            <ul class=\"b5-infowrapper\">\n                                \n                                \n                                \n                                \n                                <li><a class=\"b5-download b5-download-icon before\" href=\"https:\/\/www.federacao-triatlo.pt\/ftp2015\/competicoes\/premios\/?b5-file=63423&#038;b5-folder=1763\" data-field_id=\"63423\" data-folder_id=\"1763\" target=\"_self\" title=\"Download file\">Download<\/a><\/li>\n                            <\/ul>\n                         <\/div>\n                    <\/div>\n                <\/li><li class=\"b5-item\">\n                    <input type=\"hidden\" class=\"b5-item-data\" data-title=\"campeonato nacional individual de triatlo 2020\" data-weight=\"71600\" data-date=\"1598613267\" data-type=\"document\" data-identifier=\"b\" \/>\n                    <div class=\"b5-file\">\n                        <div class=\"b5-icon\"><div class=\"dashicons dashicons-media-document\"><\/div><\/div>\n                        <div class=\"b5-info\">\n                            <p class=\"b5-title\">Campeonato Nacional Individual de Triatlo 2020<\/p>\n                            <ul class=\"b5-infowrapper\">\n                                \n                                \n                                \n                                \n                                <li><a class=\"b5-download b5-download-icon before\" href=\"https:\/\/www.federacao-triatlo.pt\/ftp2015\/competicoes\/premios\/?b5-file=63424&#038;b5-folder=1763\" data-field_id=\"63424\" data-folder_id=\"1763\" target=\"_self\" title=\"Download file\">Download<\/a><\/li>\n                            <\/ul>\n                         <\/div>\n                    <\/div>\n                <\/li><li class=\"b5-item\">\n                    <input type=\"hidden\" class=\"b5-item-data\" data-title=\"campeonato nacional individual de triatlo cross 2020\" data-weight=\"71555\" data-date=\"1598613269\" data-type=\"document\" data-identifier=\"b\" \/>\n                    <div class=\"b5-file\">\n                        <div class=\"b5-icon\"><div class=\"dashicons dashicons-media-document\"><\/div><\/div>\n                        <div class=\"b5-info\">\n                            <p class=\"b5-title\">Campeonato Nacional Individual de Triatlo Cross 2020<\/p>\n                            <ul class=\"b5-infowrapper\">\n                                \n                                \n                                \n                                \n                                <li><a class=\"b5-download b5-download-icon before\" href=\"https:\/\/www.federacao-triatlo.pt\/ftp2015\/competicoes\/premios\/?b5-file=63425&#038;b5-folder=1763\" data-field_id=\"63425\" data-folder_id=\"1763\" target=\"_self\" title=\"Download file\">Download<\/a><\/li>\n                            <\/ul>\n                         <\/div>\n                    <\/div>\n                <\/li><li class=\"b5-item\">\n                    <input type=\"hidden\" class=\"b5-item-data\" data-title=\"campeonato nacional individual de triatlo sprint 2020\" data-weight=\"71526\" data-date=\"1598613270\" data-type=\"document\" data-identifier=\"b\" \/>\n                    <div class=\"b5-file\">\n                        <div class=\"b5-icon\"><div class=\"dashicons dashicons-media-document\"><\/div><\/div>\n                        <div class=\"b5-info\">\n                            <p class=\"b5-title\">Campeonato Nacional Individual de Triatlo Sprint 2020<\/p>\n                            <ul class=\"b5-infowrapper\">\n                                \n                                \n                                \n                                \n                                <li><a class=\"b5-download b5-download-icon before\" href=\"https:\/\/www.federacao-triatlo.pt\/ftp2015\/competicoes\/premios\/?b5-file=63426&#038;b5-folder=1763\" data-field_id=\"63426\" data-folder_id=\"1763\" target=\"_self\" title=\"Download file\">Download<\/a><\/li>\n                            <\/ul>\n                         <\/div>\n                    <\/div>\n                <\/li><li class=\"b5-item\">\n                    <input type=\"hidden\" class=\"b5-item-data\" data-title=\"campeonato nacional clubes de aquatlo 2020\" data-weight=\"102828\" data-date=\"1598624185\" data-type=\"document\" data-identifier=\"b\" \/>\n                    <div class=\"b5-file\">\n                        <div class=\"b5-icon\"><div class=\"dashicons dashicons-media-document\"><\/div><\/div>\n                        <div class=\"b5-info\">\n                            <p class=\"b5-title\">Campeonato Nacional Clubes de Aquatlo 2020<\/p>\n                            <ul class=\"b5-infowrapper\">\n                                \n                                \n                                \n                                \n                                <li><a class=\"b5-download b5-download-icon before\" href=\"https:\/\/www.federacao-triatlo.pt\/ftp2015\/competicoes\/premios\/?b5-file=63433&#038;b5-folder=1763\" data-field_id=\"63433\" data-folder_id=\"1763\" target=\"_self\" title=\"Download file\">Download<\/a><\/li>\n                            <\/ul>\n                         <\/div>\n                    <\/div>\n                <\/li><li class=\"b5-item\">\n                    <input type=\"hidden\" class=\"b5-item-data\" data-title=\"campeonato nacional clubes de cross 2020\" data-weight=\"102300\" data-date=\"1598624187\" data-type=\"document\" data-identifier=\"b\" \/>\n                    <div class=\"b5-file\">\n                        <div class=\"b5-icon\"><div class=\"dashicons dashicons-media-document\"><\/div><\/div>\n                        <div class=\"b5-info\">\n                            <p class=\"b5-title\">Campeonato Nacional Clubes de Cross 2020<\/p>\n                            <ul class=\"b5-infowrapper\">\n                                \n                                \n                                \n                                \n                                <li><a class=\"b5-download b5-download-icon before\" href=\"https:\/\/www.federacao-triatlo.pt\/ftp2015\/competicoes\/premios\/?b5-file=63434&#038;b5-folder=1763\" data-field_id=\"63434\" data-folder_id=\"1763\" target=\"_self\" title=\"Download file\">Download<\/a><\/li>\n                            <\/ul>\n                         <\/div>\n                    <\/div>\n                <\/li><li class=\"b5-item\">\n                    <input type=\"hidden\" class=\"b5-item-data\" data-title=\"campeonato nacional clubes de duatlo 2020\" data-weight=\"102401\" data-date=\"1598624188\" data-type=\"document\" data-identifier=\"b\" \/>\n                    <div class=\"b5-file\">\n                        <div class=\"b5-icon\"><div class=\"dashicons dashicons-media-document\"><\/div><\/div>\n                        <div class=\"b5-info\">\n                            <p class=\"b5-title\">Campeonato Nacional Clubes de Duatlo 2020<\/p>\n                            <ul class=\"b5-infowrapper\">\n                                \n                                \n                                \n                                \n                                <li><a class=\"b5-download b5-download-icon before\" href=\"https:\/\/www.federacao-triatlo.pt\/ftp2015\/competicoes\/premios\/?b5-file=63435&#038;b5-folder=1763\" data-field_id=\"63435\" data-folder_id=\"1763\" target=\"_self\" title=\"Download file\">Download<\/a><\/li>\n                            <\/ul>\n                         <\/div>\n                    <\/div>\n                <\/li><li class=\"b5-item\">\n                    <input type=\"hidden\" class=\"b5-item-data\" data-title=\"campeonato nacional clubes de estafetas mistas 2020\" data-weight=\"102544\" data-date=\"1598624189\" data-type=\"document\" data-identifier=\"b\" \/>\n                    <div class=\"b5-file\">\n                        <div class=\"b5-icon\"><div class=\"dashicons dashicons-media-document\"><\/div><\/div>\n                        <div class=\"b5-info\">\n                            <p class=\"b5-title\">Campeonato Nacional Clubes de Estafetas Mistas 2020<\/p>\n                            <ul class=\"b5-infowrapper\">\n                                \n                                \n                                \n                                \n                                <li><a class=\"b5-download b5-download-icon before\" href=\"https:\/\/www.federacao-triatlo.pt\/ftp2015\/competicoes\/premios\/?b5-file=63436&#038;b5-folder=1763\" data-field_id=\"63436\" data-folder_id=\"1763\" target=\"_self\" title=\"Download file\">Download<\/a><\/li>\n                            <\/ul>\n                         <\/div>\n                    <\/div>\n                <\/li><li class=\"b5-item\">\n                    <input type=\"hidden\" class=\"b5-item-data\" data-title=\"campeonato nacional clubes de triatlo 2020\" data-weight=\"103622\" data-date=\"1598624190\" data-type=\"document\" data-identifier=\"b\" \/>\n                    <div class=\"b5-file\">\n                        <div class=\"b5-icon\"><div class=\"dashicons dashicons-media-document\"><\/div><\/div>\n                        <div class=\"b5-info\">\n                            <p class=\"b5-title\">Campeonato Nacional Clubes de Triatlo 2020<\/p>\n                            <ul class=\"b5-infowrapper\">\n                                \n                                \n                                \n                                \n                                <li><a class=\"b5-download b5-download-icon before\" href=\"https:\/\/www.federacao-triatlo.pt\/ftp2015\/competicoes\/premios\/?b5-file=63437&#038;b5-folder=1763\" data-field_id=\"63437\" data-folder_id=\"1763\" target=\"_self\" title=\"Download file\">Download<\/a><\/li>\n                            <\/ul>\n                         <\/div>\n                    <\/div>\n                <\/li><li class=\"b5-item\">\n                    <input type=\"hidden\" class=\"b5-item-data\" data-title=\"ta\u00e7a de portugal 2020\" data-weight=\"102894\" data-date=\"1598624194\" data-type=\"document\" data-identifier=\"b\" \/>\n                    <div class=\"b5-file\">\n                        <div class=\"b5-icon\"><div class=\"dashicons dashicons-media-document\"><\/div><\/div>\n                        <div class=\"b5-info\">\n                            <p class=\"b5-title\">Ta\u00e7a de Portugal 2020<\/p>\n                            <ul class=\"b5-infowrapper\">\n                                \n                                \n                                \n                                \n                                <li><a class=\"b5-download b5-download-icon before\" href=\"https:\/\/www.federacao-triatlo.pt\/ftp2015\/competicoes\/premios\/?b5-file=63439&#038;b5-folder=1763\" data-field_id=\"63439\" data-folder_id=\"1763\" target=\"_self\" title=\"Download file\">Download<\/a><\/li>\n                            <\/ul>\n                         <\/div>\n                    <\/div>\n                <\/li><li class=\"b5-item\">\n                    <input type=\"hidden\" class=\"b5-item-data\" data-title=\"campeonato nacional clubes de triatlo longo 2020\" data-weight=\"397214\" data-date=\"1607595818\" data-type=\"document\" data-identifier=\"b\" \/>\n                    <div class=\"b5-file\">\n                        <div class=\"b5-icon\"><div class=\"dashicons dashicons-media-document\"><\/div><\/div>\n                        <div class=\"b5-info\">\n                            <p class=\"b5-title\">Campeonato Nacional Clubes de Triatlo Longo 2020<\/p>\n                            <ul class=\"b5-infowrapper\">\n                                \n                                \n                                \n                                \n                                <li><a class=\"b5-download b5-download-icon before\" href=\"https:\/\/www.federacao-triatlo.pt\/ftp2015\/competicoes\/premios\/?b5-file=65734&#038;b5-folder=1763\" data-field_id=\"65734\" data-folder_id=\"1763\" target=\"_self\" title=\"Download file\">Download<\/a><\/li>\n                            <\/ul>\n                         <\/div>\n                    <\/div>\n                <\/li><\/ul><\/div><br \/>\n<b><\/b><\/p>\n","protected":false},"excerpt":{"rendered":"<p>Listagem dos pr\u00e9mios pecuni\u00e1rios a atribuir nas competi\u00e7\u00f5es do calend\u00e1rio [&hellip;]<\/p>\n","protected":false},"author":1,"featured_media":0,"parent":529,"menu_order":6,"comment_status":"closed","ping_status":"closed","template":"","meta":{"footnotes":""},"_links":{"self":[{"href":"https:\/\/www.federacao-triatlo.pt\/ftp2015\/wp-json\/wp\/v2\/pages\/89"}],"collection":[{"href":"https:\/\/www.federacao-triatlo.pt\/ftp2015\/wp-json\/wp\/v2\/pages"}],"about":[{"href":"https:\/\/www.federacao-triatlo.pt\/ftp2015\/wp-json\/wp\/v2\/types\/page"}],"author":[{"embeddable":true,"href":"https:\/\/www.federacao-triatlo.pt\/ftp2015\/wp-json\/wp\/v2\/users\/1"}],"replies":[{"embeddable":true,"href":"https:\/\/www.federacao-triatlo.pt\/ftp2015\/wp-json\/wp\/v2\/comments?post=89"}],"version-history":[{"count":1,"href":"https:\/\/www.federacao-triatlo.pt\/ftp2015\/wp-json\/wp\/v2\/pages\/89\/revisions"}],"predecessor-version":[{"id":89193,"href":"https:\/\/www.federacao-triatlo.pt\/ftp2015\/wp-json\/wp\/v2\/pages\/89\/revisions\/89193"}],"up":[{"embeddable":true,"href":"https:\/\/www.federacao-triatlo.pt\/ftp2015\/wp-json\/wp\/v2\/pages\/529"}],"wp:attachment":[{"href":"https:\/\/www.federacao-triatlo.pt\/ftp2015\/wp-json\/wp\/v2\/media?parent=89"}],"curies":[{"name":"wp","href":"https:\/\/api.w.org\/{rel}","templated":true}]}}