{"id":86918,"date":"2022-08-18T13:18:49","date_gmt":"2022-08-18T13:18:49","guid":{"rendered":"https:\/\/www.federacao-triatlo.pt\/ftp2015\/?page_id=86918"},"modified":"2025-04-09T17:10:22","modified_gmt":"2025-04-09T16:10:22","slug":"car-jamor","status":"publish","type":"page","link":"https:\/\/www.federacao-triatlo.pt\/ftp2015\/alto-rendimento\/car-jamor\/","title":{"rendered":"CAR Jamor"},"content":{"rendered":"<p>As exig\u00eancias do processo de treino de alto rendimento que visa a obten\u00e7\u00e3o de resultados desportivos de relevo a n\u00edvel internacional, em conjunto com uma saud\u00e1vel actividade acad\u00e9mica, leva a que seja necess\u00e1rio reunir as condi\u00e7\u00f5es excepcionais de prepara\u00e7\u00e3o e uma estrutura de apoio a atletas com elevado potencial. Desta forma, desde 1997 que a Federa\u00e7\u00e3o de Triatlo de Portugal (FTP) lan\u00e7ou as bases para uma estrat\u00e9gia com vista ao Alto Rendimento organizada atrav\u00e9s da cria\u00e7\u00e3o e enquadramento de grupos de trabalho no <a href=\"http:\/\/fundacaodesporto.pt\/centro-alto-rendimento\/centro-de-alto-rendimento-do-jamor\/\" target=\"_blank\" rel=\"noopener\">Centro de Alto Rendimento (CAR) do Jamor<\/a>.<\/p>\n<p>Os objectivos desta estrat\u00e9gia s\u00e3o os seguintes:<\/p>\n<div class=\"content\">\n<ul>\n<li>Criar condi\u00e7\u00f5es de apoio privilegiadas no sentido de serem alcan\u00e7ados resultados desportivos de n\u00edvel internacional;<\/li>\n<li>Criar condi\u00e7\u00f5es de apoio privilegiadas no sentido de serem alcan\u00e7ados n\u00edveis de aproveitamento escolar e acad\u00e9mico;<\/li>\n<li>Desenvolver um papel ativo na forma\u00e7\u00e3o pessoal e social do praticante de acordo com as exig\u00eancias e par\u00e2metros de qualidade do alto rendimento desportivo, promovendo o fair play, o respeito pelas regras, o jogo limpo, o respeito pelo pr\u00f3ximo, a amizade, a entreajuda, a responsabilidade, o respeito pelo corpo e o bem-estar f\u00edsico e psicol\u00f3gico;<\/li>\n<li>Proporcionar condi\u00e7\u00f5es de apoio privilegiadas ao praticante nas val\u00eancias m\u00e9dica, psicol\u00f3gica, fisioterapia e nutri\u00e7\u00e3o, atrav\u00e9s dos servi\u00e7os disponibilizados pela FTP e Instituto Portugu\u00eas do Desporto e da Juventude (IPDJ), no CAR Jamor.<\/li>\n<\/ul>\n<\/div>\n<h2>Atletas integrados em 2024\/2025<\/h2>\n<div class=\"content\">\n<h3>Atletas Internos<\/h3>\n<ul>\n<li>Catarina Santos<\/li>\n<li>Dinis Ferreira<\/li>\n<li>Francisco Carvalho<\/li>\n<li>Gustavo do Canto<\/li>\n<li>Jo\u00e3o Batista<\/li>\n<li>In\u00eas Rico<\/li>\n<\/ul>\n<h3>Atletas Externos<\/h3>\n<ul>\n<li>Afonso do Canto<\/li>\n<li>Cassilda Carvalho<\/li>\n<li>Gon\u00e7alo Oliveira<\/li>\n<li>Jo\u00e3o Vasco Canadas<\/li>\n<li>Maria Tom\u00e9<\/li>\n<li>Mariana Vargem<\/li>\n<li>Ricardo Batista<\/li>\n<li>Tomas Figueiredo<\/li>\n<\/ul>\n<\/div>\n<p>&nbsp;<\/p>\n<p>As candidaturas apresentadas foram analisadas tendo em conta o <a href=\"https:\/\/www.federacao-triatlo.pt\/ftp2015\/wp-content\/uploads\/2024\/07\/manual-candidaturas-car-jamor-2024-2025-rev-01.pdf\" target=\"_blank\" rel=\"noopener\">Manual de Candidaturas CAR Jamor da FTP<\/a>.<\/p>\n","protected":false},"excerpt":{"rendered":"<p>As exig\u00eancias do processo de treino de alto rendimento que [&hellip;]<\/p>\n","protected":false},"author":15430,"featured_media":0,"parent":531,"menu_order":6,"comment_status":"closed","ping_status":"closed","template":"","meta":{"footnotes":""},"_links":{"self":[{"href":"https:\/\/www.federacao-triatlo.pt\/ftp2015\/wp-json\/wp\/v2\/pages\/86918"}],"collection":[{"href":"https:\/\/www.federacao-triatlo.pt\/ftp2015\/wp-json\/wp\/v2\/pages"}],"about":[{"href":"https:\/\/www.federacao-triatlo.pt\/ftp2015\/wp-json\/wp\/v2\/types\/page"}],"author":[{"embeddable":true,"href":"https:\/\/www.federacao-triatlo.pt\/ftp2015\/wp-json\/wp\/v2\/users\/15430"}],"replies":[{"embeddable":true,"href":"https:\/\/www.federacao-triatlo.pt\/ftp2015\/wp-json\/wp\/v2\/comments?post=86918"}],"version-history":[{"count":11,"href":"https:\/\/www.federacao-triatlo.pt\/ftp2015\/wp-json\/wp\/v2\/pages\/86918\/revisions"}],"predecessor-version":[{"id":102382,"href":"https:\/\/www.federacao-triatlo.pt\/ftp2015\/wp-json\/wp\/v2\/pages\/86918\/revisions\/102382"}],"up":[{"embeddable":true,"href":"https:\/\/www.federacao-triatlo.pt\/ftp2015\/wp-json\/wp\/v2\/pages\/531"}],"wp:attachment":[{"href":"https:\/\/www.federacao-triatlo.pt\/ftp2015\/wp-json\/wp\/v2\/media?parent=86918"}],"curies":[{"name":"wp","href":"https:\/\/api.w.org\/{rel}","templated":true}]}}