{"id":86294,"date":"2022-07-25T01:36:43","date_gmt":"2022-07-25T01:36:43","guid":{"rendered":"https:\/\/www.federacao-triatlo.pt\/ftp2015\/?page_id=86294"},"modified":"2022-11-01T12:31:06","modified_gmt":"2022-11-01T12:31:06","slug":"20220724ftp001","status":"publish","type":"page","link":"https:\/\/www.federacao-triatlo.pt\/ftp2015\/competicoes\/resultados\/resultados-2022\/20220724ftp001\/","title":{"rendered":"Rios Ib\u00e9ricos GoldIm\u00f3veis \u2013 Triathlon | Duathlon"},"content":{"rendered":"<p><race-results event-reference=\"20220724FTP001\"><\/race-results><\/p>\n<div class=\"results-files\">\n<h2 class=\"results-files__header\">Ficheiros<\/h2>\n<div class=\"results-files__item\">\n    <a href=\"https:\/\/federacao-triatlo.pt\/ftp2015\/api-files\/events\/20220724FTP001\/20220724FTP001-012-01.pdf\" target=\"_blank\" rel=\"noopener noreferrer\"><span class=\"fa fa-file-pdf\"><\/span><span class=\"results-files__title\">Ta\u00e7a de Portugal &#8211; Clubes Femininos<\/span><\/a>\n  <\/div>\n<div class=\"results-files__item\">\n    <a href=\"https:\/\/federacao-triatlo.pt\/ftp2015\/api-files\/events\/20220724FTP001\/20220724FTP001-013-02.pdf\" target=\"_blank\" rel=\"noopener noreferrer\"><span class=\"fa fa-file-pdf\"><\/span><span class=\"results-files__title\">Ta\u00e7a de Portugal &#8211; Clubes Masculinos<\/span><\/a>\n  <\/div>\n<div class=\"results-files__item\">\n    <a href=\"https:\/\/federacao-triatlo.pt\/ftp2015\/api-files\/events\/20220724FTP001\/20220724FTP001-001-01.pdf\" target=\"_blank\" rel=\"noopener noreferrer\"><span class=\"fa fa-file-pdf\"><\/span><span class=\"results-files__title\">Ta\u00e7a de Portugal &#8211; Femininos<\/span><\/a>\n  <\/div>\n<div class=\"results-files__item\">\n    <a href=\"https:\/\/federacao-triatlo.pt\/ftp2015\/api-files\/events\/20220724FTP001\/20220724FTP001-002-02.pdf\" target=\"_blank\" rel=\"noopener noreferrer\"><span class=\"fa fa-file-pdf\"><\/span><span class=\"results-files__title\">Ta\u00e7a de Portugal &#8211; Masculinos<\/span><\/a>\n  <\/div>\n<div class=\"results-files__item\">\n    <a href=\"https:\/\/federacao-triatlo.pt\/ftp2015\/api-files\/events\/20220724FTP001\/20220724FTP001-010-01.pdf\" target=\"_blank\" rel=\"noopener noreferrer\"><span class=\"fa fa-file-pdf\"><\/span><span class=\"results-files__title\">Ta\u00e7a de Portugal &#8211; Escal\u00f5es Femininos<\/span><\/a>\n  <\/div>\n<div class=\"results-files__item\">\n    <a href=\"https:\/\/federacao-triatlo.pt\/ftp2015\/api-files\/events\/20220724FTP001\/20220724FTP001-011-02.pdf\" target=\"_blank\" rel=\"noopener noreferrer\"><span class=\"fa fa-file-pdf\"><\/span><span class=\"results-files__title\">Ta\u00e7a de Portugal &#8211; Escal\u00f5es Masculinos<\/span><\/a>\n  <\/div>\n<div class=\"results-files__item\">\n    <a href=\"https:\/\/federacao-triatlo.pt\/ftp2015\/api-files\/events\/20220724FTP001\/20220724FTP001-003-01.pdf\" target=\"_blank\" rel=\"noopener noreferrer\"><span class=\"fa fa-file-pdf\"><\/span><span class=\"results-files__title\">Prova de Selec\u00e7\u00e3o Youth &#8211; Femininos<\/span><\/a>\n  <\/div>\n<div class=\"results-files__item\">\n    <a href=\"https:\/\/federacao-triatlo.pt\/ftp2015\/api-files\/events\/20220724FTP001\/20220724FTP001-004-01.pdf\" target=\"_blank\" rel=\"noopener noreferrer\"><span class=\"fa fa-file-pdf\"><\/span><span class=\"results-files__title\">Prova de Selec\u00e7\u00e3o Youth &#8211; Masculinos<\/span><\/a>\n  <\/div>\n<div class=\"results-files__item\">\n    <a href=\"https:\/\/federacao-triatlo.pt\/ftp2015\/api-files\/events\/20220724FTP001\/20220724FTP001-005-01.pdf\" target=\"_blank\" rel=\"noopener noreferrer\"><span class=\"fa fa-file-pdf\"><\/span><span class=\"results-files__title\">Triatlo de Promo\u00e7\u00e3o &#8211; Femininos<\/span><\/a>\n  <\/div>\n<div class=\"results-files__item\">\n    <a href=\"https:\/\/federacao-triatlo.pt\/ftp2015\/api-files\/events\/20220724FTP001\/20220724FTP001-006-01.pdf\" target=\"_blank\" rel=\"noopener noreferrer\"><span class=\"fa fa-file-pdf\"><\/span><span class=\"results-files__title\">Triatlo de Promo\u00e7\u00e3o &#8211; Masculinos<\/span><\/a>\n  <\/div>\n<div class=\"results-files__item\">\n    <a href=\"https:\/\/federacao-triatlo.pt\/ftp2015\/api-files\/events\/20220724FTP001\/20220724FTP001-014-01.pdf\" target=\"_blank\" rel=\"noopener noreferrer\"><span class=\"fa fa-file-pdf\"><\/span><span class=\"results-files__title\">Triatlo de Promo\u00e7\u00e3o &#8211; Escal\u00f5es Femininos<\/span><\/a>\n  <\/div>\n<div class=\"results-files__item\">\n    <a href=\"https:\/\/federacao-triatlo.pt\/ftp2015\/api-files\/events\/20220724FTP001\/20220724FTP001-015-01.pdf\" target=\"_blank\" rel=\"noopener noreferrer\"><span class=\"fa fa-file-pdf\"><\/span><span class=\"results-files__title\">Triatlo de Promo\u00e7\u00e3o &#8211; Escal\u00f5es Masculinos<\/span><\/a>\n  <\/div>\n<div class=\"results-files__item\">\n    <a href=\"https:\/\/federacao-triatlo.pt\/api-files\/events\/20220724FTP001\/20220724FTP001-007-01.pdf\" target=\"_blank\" rel=\"noopener noreferrer\"><span class=\"fa fa-file-pdf\"><\/span><span class=\"results-files__title\">Duatlo de Promo\u00e7\u00e3o &#8211; Femininos<\/span><\/a>\n  <\/div>\n<div class=\"results-files__item\">\n    <a href=\"https:\/\/federacao-triatlo.pt\/ftp2015\/api-files\/events\/20220724FTP001\/20220724FTP001-008-01.pdf\" target=\"_blank\" rel=\"noopener noreferrer\"><span class=\"fa fa-file-pdf\"><\/span><span class=\"results-files__title\">Duatlo de Promo\u00e7\u00e3o &#8211; Masculinos<\/span><\/a>\n  <\/div>\n<div class=\"results-files__item\">\n    <a href=\"https:\/\/federacao-triatlo.pt\/ftp2015\/api-files\/events\/20220724FTP001\/20220724FTP001-009-01.pdf\" target=\"_blank\" rel=\"noopener noreferrer\"><span class=\"fa fa-file-pdf\"><\/span><span class=\"results-files__title\">Duatlo de Promo\u00e7\u00e3o &#8211; Estafetas<\/span><\/a>\n  <\/div>\n<div class=\"results-files__item\">\n    <a href=\"https:\/\/federacao-triatlo.pt\/ftp2015\/api-files\/events\/20220724FTP001\/20220724FTP001-016-01.pdf\" target=\"_blank\" rel=\"noopener noreferrer\"><span class=\"fa fa-file-pdf\"><\/span><span class=\"results-files__title\">Duatlo de Promo\u00e7\u00e3o &#8211; Escal\u00f5es Femininos<\/span><\/a>\n  <\/div>\n<div class=\"results-files__item\">\n    <a href=\"https:\/\/federacao-triatlo.pt\/ftp2015\/api-files\/events\/20220724FTP001\/20220724FTP001-017-01.pdf\" target=\"_blank\" rel=\"noopener noreferrer\"><span class=\"fa fa-file-pdf\"><\/span><span class=\"results-files__title\">Duatlo de Promo\u00e7\u00e3o &#8211; Escal\u00f5es Masculinos<\/span><\/a>\n  <\/div>\n<\/div>\n","protected":false},"excerpt":{"rendered":"<p>Ficheiros Ta\u00e7a de Portugal &#8211; Clubes Femininos Ta\u00e7a de Portugal [&hellip;]<\/p>\n","protected":false},"author":15430,"featured_media":0,"parent":78032,"menu_order":47,"comment_status":"closed","ping_status":"closed","template":"","meta":{"footnotes":""},"_links":{"self":[{"href":"https:\/\/www.federacao-triatlo.pt\/ftp2015\/wp-json\/wp\/v2\/pages\/86294"}],"collection":[{"href":"https:\/\/www.federacao-triatlo.pt\/ftp2015\/wp-json\/wp\/v2\/pages"}],"about":[{"href":"https:\/\/www.federacao-triatlo.pt\/ftp2015\/wp-json\/wp\/v2\/types\/page"}],"author":[{"embeddable":true,"href":"https:\/\/www.federacao-triatlo.pt\/ftp2015\/wp-json\/wp\/v2\/users\/15430"}],"replies":[{"embeddable":true,"href":"https:\/\/www.federacao-triatlo.pt\/ftp2015\/wp-json\/wp\/v2\/comments?post=86294"}],"version-history":[{"count":3,"href":"https:\/\/www.federacao-triatlo.pt\/ftp2015\/wp-json\/wp\/v2\/pages\/86294\/revisions"}],"predecessor-version":[{"id":88600,"href":"https:\/\/www.federacao-triatlo.pt\/ftp2015\/wp-json\/wp\/v2\/pages\/86294\/revisions\/88600"}],"up":[{"embeddable":true,"href":"https:\/\/www.federacao-triatlo.pt\/ftp2015\/wp-json\/wp\/v2\/pages\/78032"}],"wp:attachment":[{"href":"https:\/\/www.federacao-triatlo.pt\/ftp2015\/wp-json\/wp\/v2\/media?parent=86294"}],"curies":[{"name":"wp","href":"https:\/\/api.w.org\/{rel}","templated":true}]}}