{"id":76029,"date":"2022-01-14T17:24:19","date_gmt":"2022-01-14T17:24:19","guid":{"rendered":"https:\/\/www.federacao-triatlo.pt\/ftp2015\/?page_id=76029"},"modified":"2024-12-30T12:14:45","modified_gmt":"2024-12-30T12:14:45","slug":"projeto-olimpico-2025","status":"publish","type":"page","link":"https:\/\/www.federacao-triatlo.pt\/ftp2015\/alto-rendimento\/projeto-olimpico-2025\/","title":{"rendered":"Projeto Ol\u00edmpico e Paral\u00edmpico 2025"},"content":{"rendered":"<p>Os projetos Ol\u00edmpico e Paral\u00edmpico da FTP t\u00eam como objetivo apoiar os processos de qualifica\u00e7\u00e3o ol\u00edmpica e paral\u00edmpica, adotando uma perspetiva de m\u00e9dio e longo prazo, essencial para garantir a estabilidade necess\u00e1ria ao trabalho dos atletas e das suas equipas t\u00e9cnicas. Estes projetos abrangem os atletas cujos resultados demonstram potencial para disputar a qualifica\u00e7\u00e3o para os Jogos Ol\u00edmpicos e Paral\u00edmpicos de Los Angeles 2028.<\/p>\n<p>Os projetos est\u00e3o divididos em quatro n\u00edveis \u2013 Elite, Performance, Desenvolvimento e J\u00fanior \u2013 com apoios \u00e0 prepara\u00e7\u00e3o e objetivos competitivos espec\u00edficos para cada escal\u00e3o. As regras para acesso aos diferentes n\u00edveis est\u00e3o descritas nos documentos \u201c<a href=\"https:\/\/www.federacao-triatlo.pt\/ftp2015\/wp-content\/uploads\/2024\/12\/projeto-olimpico-ftp-2025.pdf\" target=\"_blank\" rel=\"noopener noreferrer\"><strong>Projeto Ol\u00edmpico FTP 2025<\/a><\/strong>\u201d e \u201c<a href=\"https:\/\/www.federacao-triatlo.pt\/ftp2015\/wp-content\/uploads\/2024\/12\/projeto-paralimpico-ftp-2025.pdf\" target=\"_blank\" rel=\"noopener noreferrer\"><strong> Paral\u00edmpico FTP 2025<\/a><\/strong>\u201d. O funcionamento de ambos os projetos \u00e9 regido pelas respetivas <a href=\"https:\/\/www.federacao-triatlo.pt\/ftp2015\/wp-content\/uploads\/2024\/12\/normas-projeto-olimpico-paralimpico-ftp-2025.pdf\" target=\"_blank\" rel=\"noopener noreferrer\"><strong>normas<\/a><\/strong>.<\/p>\n<p>Os crit\u00e9rios de sele\u00e7\u00e3o podem ser consultados neste <a href=\"https:\/\/www.federacao-triatlo.pt\/ftp2015\/wp-content\/uploads\/2024\/12\/criterios-selecao-2025.pdf\" target=\"_blank\" rel=\"noopener\"><strong>link<\/a><\/strong>.<\/p>\n","protected":false},"excerpt":{"rendered":"<p>Os projetos Ol\u00edmpico e Paral\u00edmpico da FTP t\u00eam como objetivo [&hellip;]<\/p>\n","protected":false},"author":4,"featured_media":0,"parent":531,"menu_order":1,"comment_status":"closed","ping_status":"closed","template":"","meta":{"footnotes":""},"_links":{"self":[{"href":"https:\/\/www.federacao-triatlo.pt\/ftp2015\/wp-json\/wp\/v2\/pages\/76029"}],"collection":[{"href":"https:\/\/www.federacao-triatlo.pt\/ftp2015\/wp-json\/wp\/v2\/pages"}],"about":[{"href":"https:\/\/www.federacao-triatlo.pt\/ftp2015\/wp-json\/wp\/v2\/types\/page"}],"author":[{"embeddable":true,"href":"https:\/\/www.federacao-triatlo.pt\/ftp2015\/wp-json\/wp\/v2\/users\/4"}],"replies":[{"embeddable":true,"href":"https:\/\/www.federacao-triatlo.pt\/ftp2015\/wp-json\/wp\/v2\/comments?post=76029"}],"version-history":[{"count":19,"href":"https:\/\/www.federacao-triatlo.pt\/ftp2015\/wp-json\/wp\/v2\/pages\/76029\/revisions"}],"predecessor-version":[{"id":101372,"href":"https:\/\/www.federacao-triatlo.pt\/ftp2015\/wp-json\/wp\/v2\/pages\/76029\/revisions\/101372"}],"up":[{"embeddable":true,"href":"https:\/\/www.federacao-triatlo.pt\/ftp2015\/wp-json\/wp\/v2\/pages\/531"}],"wp:attachment":[{"href":"https:\/\/www.federacao-triatlo.pt\/ftp2015\/wp-json\/wp\/v2\/media?parent=76029"}],"curies":[{"name":"wp","href":"https:\/\/api.w.org\/{rel}","templated":true}]}}