{"id":72,"date":"2014-12-26T12:10:18","date_gmt":"2014-12-26T12:10:18","guid":{"rendered":"https:\/\/www.federacao-triatlo.pt\/ftp2015\/?page_id=72"},"modified":"2024-08-09T19:55:52","modified_gmt":"2024-08-09T18:55:52","slug":"antidopagem","status":"publish","type":"page","link":"https:\/\/www.federacao-triatlo.pt\/ftp2015\/clubes-e-atletas\/antidopagem\/","title":{"rendered":"Antidopagem"},"content":{"rendered":"<h2>LEGISLA\u00c7\u00c3O ANTIDOPAGEM<\/h2>\n<h2 class=\"Subtitulo\">Legisla\u00e7\u00e3o Nacional em vigor<\/h2>\n<p><a title=\"Lei n.\u00ba 38\/2012\" href=\"http:\/\/www.adop.pt\/media\/1701\/ADoP%20-%20Lei%20n.%C2%BA%2038-2012,%20de%2028%20de%20agosto.pdf\" target=\"_blank\" rel=\"noopener noreferrer\">Lei n.\u00ba 38\/2012, de 28 de agosto<\/a><br \/>\nEstabelece o <strong>regime jur\u00eddico da luta contra a dopagem no desporto<\/strong>. Por esta Lei \u00e9 revogada a Lei n.\u00ba 27\/2009, de 19 de Junho, e a Portaria n.\u00ba 1123\/2009, de 1 de Outubro.<\/p>\n<p><a title=\"Portaria n.\u00ba 11\/2013\" href=\"http:\/\/www.adop.pt\/media\/1704\/ADoP%20-%20Portaria%20n.%C2%BA%2011-2013,%20de%2011%20de%20janeiro.pdf\" target=\"_blank\" rel=\"noopener noreferrer\">Portaria n.\u00ba 11\/2013, de 11 de janeiro<\/a><br \/>\nAprova as <strong>normas de execu\u00e7\u00e3o regulamentar<\/strong> da Lei n.\u00ba 38\/2012, de 28 de agosto, que estabelece o regime jur\u00eddico da luta contra a dopagem no desporto.<\/p>\n<p><a title=\"Portaria n.\u00ba 232-2014, de 13 de novembro\" href=\"http:\/\/www.adop.pt\/media\/7880\/ADoP%20-%20Portaria%20n.%C2%BA%20232-2014,%20de%2013%20de%20novembro%20-%20Altera%C3%A7%C3%A3o%20%C3%A0%20Portaria%20n.%C2%BA%2011-2013.pdf\" target=\"_blank\" rel=\"noopener noreferrer\">Portaria n.\u00ba 232\/2014, de 13 de novembro<\/a><br \/>\nPrimeira altera\u00e7\u00e3o \u00e0 Portaria n.\u00ba 11\/2013, de 11 de janeiro, que determina que as a\u00e7\u00f5es de controlo de dopagem podem ser realizadas por m\u00e9dicos, enfermeiros e t\u00e9cnicos de diagn\u00f3stico e terap\u00eautica (an\u00e1lises cl\u00ednicas), criando assim a figura de <strong>RCD \u2013 Respons\u00e1vel pelo Controlo de Dopagem<\/strong>.<\/p>\n<p><a title=\"Portaria n.\u00ba 270\/2014, de 22 de dezembro\" href=\"http:\/\/www.adop.pt\/media\/8052\/ADoP%20-%20Portaria%20n.%C2%BA%20270-2014,%20de%2022%20de%20dezembro.pdf\" target=\"_blank\" rel=\"noopener noreferrer\">Portaria n.\u00ba 270\/2014, de\u00a022 de dezembro<\/a> &#8211; Aprova a Lista de Subst\u00e2ncias e M\u00e9todos Proibidos para 2015 e revoga a Portaria n.\u00ba 9\/2014, de\u00a017 de janeiro.<\/p>\n<p><a title=\"Determina\u00e7\u00f5es AUT 2015\" href=\"http:\/\/www.adop.pt\/media\/8323\/ADoP%20-%20Despacho%20n.%C2%BA%201208-2015,%20de%205%20de%20fevereiro%20-%20AUT%202015.pdf\" target=\"_blank\" rel=\"noopener noreferrer\">Despacho n.\u00ba 1208\/2015, de 5 de fevereiro<\/a>\u00a0&#8211; Estabelece as determina\u00e7\u00e3o da ADoP relativamente \u00e0s solicita\u00e7\u00f5es de\u00a0AUT em 2015.<\/p>\n<p><a title=\"Tabela de Pre\u00e7os IPDJ, IP\" href=\"http:\/\/www.adop.pt\/media\/1692\/ADoP%20-%20Despacho%20n.%C2%BA%203208-2013%20TABELA%20DE%20PRE%C3%87OS%20IPDJ,%20IP.pdf\" target=\"_blank\" rel=\"noopener noreferrer\">Despacho n.\u00ba 3208\/2013, de 28 de fevereiro<\/a><br \/>\nAprova a <strong>tabela de pre\u00e7os<\/strong> do Instituto Portugu\u00eas do Desporto e Juventude, IP (incluindo os pre\u00e7os relativos aos servi\u00e7os praticados pela ADoP)<\/p>\n<p><a title=\"Regimento CNAD\" href=\"http:\/\/www.adop.pt\/media\/1689\/ADoP%20-%20Despacho%20n.%C2%BA%20%209621-2010%20-%20Regimento%20CNAD.pdf\" target=\"_blank\" rel=\"noopener noreferrer\">Despacho n.\u00ba\u00a0 9621\/2010, de 8 de junho<\/a><br \/>\nAprova o regimento do <strong>Conselho Nacional Antidopagem (CNAD)<\/strong>, org\u00e3o consultivo da\u00a0Autoridade Antidopagem de Portugal (ADoP).<br \/>\n<span class=\"Subtitulo\"><br \/>\nConven\u00e7\u00f5es Internacionais<\/span><\/p>\n<p><strong>Conven\u00e7\u00e3o Europeia contra a Dopagem<\/strong><br \/>\n<a title=\"Conven\u00e7\u00e3o Europeia contra a Dopagem\" href=\"http:\/\/www.adop.pt\/media\/1710\/Conven%C3%A7%C3%A3o%20Europeia.pdf\" target=\"_blank\" rel=\"noopener noreferrer\">Decreto n.\u00ba 2\/94, de 20 de janeiro<\/a><br \/>\nAprova, para ratifica\u00e7\u00e3o, a Conven\u00e7\u00e3o Europeia contra o Doping.<\/p>\n<p><strong>Conven\u00e7\u00e3o Internacional contra a Dopagem no Desporto (UNESCO)<\/strong><br \/>\n<a title=\"Conven\u00e7\u00e3o da UNESCO contra a dopagem\" href=\"http:\/\/www.adop.pt\/media\/1713\/Conven%C3%A7%C3%A3o%20UNESCO.pdf\" target=\"_blank\" rel=\"noopener noreferrer\">Decreto n.\u00ba 4-A\/2007, de 20 de mar\u00e7o <\/a><br \/>\nAprova a Conven\u00e7\u00e3o Internacional contra a Dopagem no Desporto, e seus anexos I e II, adoptados pela 33.\u00aa sess\u00e3o da Confer\u00eancia Geral da UNESCO, em 19 de Outubro de 2005.<\/p>\n<p><span class=\"Subtitulo\">Ag\u00eancia Mundial Antidopagem<\/span><br \/>\n(vers\u00f5es originais, em ingl\u00eas)<\/p>\n<p><strong>C\u00f3digo Mundial Antidopagem<\/strong><br \/>\n(<a title=\"WADC 2009\" href=\"http:\/\/www.adop.pt\/media\/1668\/WADA_Anti-Doping_CODE_2009_EN.pdf\" target=\"_blank\" rel=\"noopener noreferrer\"><em>Word Anti-Doping Code 2009<\/em><\/a>)<\/p>\n<p><strong>Lista de Subst\u00e2ncias e M\u00e9todos Proibidos em Vigor<\/strong><br \/>\n(<a href=\"http:\/\/www.adop.pt\/media\/5385\/ADoP%20-%20Lista%20de%20Subst%C3%A2ncias%20e%20M%C3%A9todos%20Proibidos%202014.pdf\"><em>The 2014 Prohibited List &#8211; International Standard<\/em><\/a>)<\/p>\n<p><strong>Norma Internacional para Controlo<\/strong><br \/>\n(<a title=\"WADA IST\" href=\"http:\/\/www.adop.pt\/media\/1677\/WADA_IST_2012_EN.pdf\" target=\"_blank\" rel=\"noopener noreferrer\"><em>International Standard for Testing \u2013 IST<\/em><\/a>)<\/p>\n<p><strong>Norma Internacional para Laborat\u00f3rios<\/strong><br \/>\n(<a title=\"WADA ISL\" href=\"http:\/\/www.adop.pt\/media\/1671\/WADA_Int_Standard_Laboratories_2012_EN.pdf\" target=\"_blank\" rel=\"noopener noreferrer\"><em>International Standard for Laboratories &#8211; ISL<\/em><\/a>)<\/p>\n<p><strong>Norma Internacional para Autoriza\u00e7\u00e3o de Utiliza\u00e7\u00e3o Terap\u00eautica<\/strong><br \/>\n(<a title=\"WADA ISTUE\" href=\"http:\/\/www.adop.pt\/media\/1680\/WADA_ISTUE_2011_revJanuary-2012_EN.pdf\" target=\"_blank\" rel=\"noopener noreferrer\"><em>International Standard for Therapeutic Use Exemptions &#8211; ISTUE<\/em><\/a>)<\/p>\n<p><strong>Norma Internacional para a Prote\u00e7\u00e3o da Privacidade e dos Dados Pessoais<\/strong><br \/>\n(<a title=\"WADA ISPPPI\" href=\"http:\/\/www.adop.pt\/media\/1674\/WADA_IS_PPPI_2009_EN.pdf\" target=\"_blank\" rel=\"noopener noreferrer\"><em>International Standard for the Protection of Privacy and Personal Information &#8211; ISPPPI<\/em><\/a>)<\/p>\n<p><strong>C\u00f3digo Mundial Antidopagem 2015<\/strong><\/p>\n<p>Em\u00a01 de janeiro de 2015 entrar\u00e1 em vigor uma nova vers\u00e3o do C\u00f3digo Mundial Antidopagem, bem como das Normas Internacionais de aplica\u00e7\u00e3o obrigat\u00f3ria que lhe est\u00e3o associadas. Podem consultar-se abaixo esses documentos.<\/p>\n<p><strong>C\u00f3digo Mundial Antidopagem<\/strong> <strong>2015 <\/strong><span class=\"Vermelho\">(em Portugu\u00eas)<\/span><br \/>\n(<a title=\"C\u00f3digo Mundial Antidopagem 2015\" href=\"http:\/\/www.adop.pt\/media\/7845\/C%C3%B3digo%20Mundial%20Antidopagem%202015.pdf\" target=\"_blank\" rel=\"noopener noreferrer\"><em>Word Anti-Doping Code 2015<\/em><\/a>)<\/p>\n<p>A AMA preparou tamb\u00e9m um documento onde assinala as <strong>principais altera\u00e7\u00f5es<\/strong> introduzidas no novo C\u00f3digo, face ao C\u00f3digo de 2009 atualmente em vigor. Pode consultar a tradu\u00e7\u00e3o para Portugu\u00eas desse documento <a title=\"C\u00f3digo 2015 - Resumo das principais altera\u00e7\u00f5es\" href=\"http:\/\/www.adop.pt\/media\/7239\/Altera%C3%A7%C3%B5es%20implementadas%20pelo%20C%C3%B3digo%20Mundial%20Antidopagem%202015%20(1).pdf\" target=\"_blank\" rel=\"noopener noreferrer\">aqui<\/a>.<\/p>\n<p><strong>C\u00f3digo Mundial Antidopagem 2015 com altera\u00e7\u00f5es assinaladas face ao C\u00f3digo 2009 <\/strong>(em Ingl\u00eas)<br \/>\n(<a title=\"WADA-Redline-2015-WADC-to-2009-WADC\" href=\"http:\/\/www.adop.pt\/media\/7233\/WADA-Redline-2015-WADC-to-2009-WADC-EN.pdf\" target=\"_blank\" rel=\"noopener noreferrer\"><em>WADA-Redline-2015-WADC-to-2009-WADC<\/em><\/a>)<\/p>\n<p><strong>Norma Internacional para Controlo e Investiga\u00e7\u00f5es 2015 <\/strong>(em Ingl\u00eas)<br \/>\n(<a title=\"International Standard for Testing and Investigations \u2013 ISTI\" href=\"http:\/\/www.adop.pt\/media\/7221\/WADA-2015-ISTI-Final-EN.pdf\" target=\"_blank\" rel=\"noopener noreferrer\"><em>International Standard for Testing and Investigations \u2013 ISTI<\/em><\/a>)<\/p>\n<p><strong>Norma Internacional para Laborat\u00f3rios 2015 <\/strong>(em Ingl\u00eas)<br \/>\n(<a title=\"International Standard for Laboratories - ISL\" href=\"http:\/\/www.adop.pt\/media\/7230\/WADA-ISL-2015-Final-v8.0-EN.pdf\" target=\"_blank\" rel=\"noopener noreferrer\"><em>International Standard for Laboratories &#8211; ISL<\/em><\/a>)<\/p>\n<p><strong>Norma Internacional para Autoriza\u00e7\u00e3o de Utiliza\u00e7\u00e3o Terap\u00eautica 2015 <\/strong><span class=\"Vermelho\">(em Portugu\u00eas)<\/span><br \/>\n(<a title=\"Norma Internacional AUT 2015\" href=\"http:\/\/www.adop.pt\/media\/8081\/Norma%20Internacional%20de%20Autoriza%C3%A7%C3%A3o%20de%20Utiliza%C3%A7%C3%A3o%20Terap%C3%AAutica%20-%202015.pdf\" target=\"_blank\" rel=\"noopener noreferrer\"><em>International Standard for Therapeutic Use Exemptions &#8211; ISTUE<\/em><\/a>)<\/p>\n<p><strong>Norma Internacional para a Prote\u00e7\u00e3o da Privacidade e dos Dados Pessoais 2015<\/strong>\u00a0(em Ingl\u00eas)<br \/>\n(<a title=\"International Standard for the Protection of Privacy and Personal Information - ISPPPI\" href=\"http:\/\/www.adop.pt\/media\/7218\/WADA-2015-ISPPPI-Final-EN.pdf\" target=\"_blank\" rel=\"noopener noreferrer\"><em>International Standard for the Protection of Privacy and Personal Information &#8211; ISPPPI<\/em><\/a>)<\/p>\n<div>Em caso de d\u00favida contacte<\/div>\n<div>\n<p><b class=\"Azul\">Linha Azul<\/b> de Informa\u00e7\u00e3o Antidopagem: <b>808 229 229<\/b><\/p>\n<p><b>Autoridade Antidopagem de Portugal<\/b><br \/>\nAvenida Prof. Egas Moniz (Est\u00e1dio Universit\u00e1rio de Lisboa)<br \/>\n1600-190 Lisboa<br \/>\nPortugal<br \/>\nE-mail: <a href=\"mailto:antidopagem@ipdj.pt\">antidopagem@ipdj.pt<\/a><br \/>\nTelefone:\u00a0<b>[+351] 21 795 40 00<\/b><br \/>\nFax: <b>[+351] 21 797 75 29<\/b><\/p>\n","protected":false},"excerpt":{"rendered":"<p>LEGISLA\u00c7\u00c3O ANTIDOPAGEM Legisla\u00e7\u00e3o Nacional em vigor Lei n.\u00ba 38\/2012, de [&hellip;]<\/p>\n","protected":false},"author":1,"featured_media":0,"parent":527,"menu_order":6,"comment_status":"closed","ping_status":"closed","template":"","meta":{"footnotes":""},"_links":{"self":[{"href":"https:\/\/www.federacao-triatlo.pt\/ftp2015\/wp-json\/wp\/v2\/pages\/72"}],"collection":[{"href":"https:\/\/www.federacao-triatlo.pt\/ftp2015\/wp-json\/wp\/v2\/pages"}],"about":[{"href":"https:\/\/www.federacao-triatlo.pt\/ftp2015\/wp-json\/wp\/v2\/types\/page"}],"author":[{"embeddable":true,"href":"https:\/\/www.federacao-triatlo.pt\/ftp2015\/wp-json\/wp\/v2\/users\/1"}],"replies":[{"embeddable":true,"href":"https:\/\/www.federacao-triatlo.pt\/ftp2015\/wp-json\/wp\/v2\/comments?post=72"}],"version-history":[{"count":4,"href":"https:\/\/www.federacao-triatlo.pt\/ftp2015\/wp-json\/wp\/v2\/pages\/72\/revisions"}],"predecessor-version":[{"id":99476,"href":"https:\/\/www.federacao-triatlo.pt\/ftp2015\/wp-json\/wp\/v2\/pages\/72\/revisions\/99476"}],"up":[{"embeddable":true,"href":"https:\/\/www.federacao-triatlo.pt\/ftp2015\/wp-json\/wp\/v2\/pages\/527"}],"wp:attachment":[{"href":"https:\/\/www.federacao-triatlo.pt\/ftp2015\/wp-json\/wp\/v2\/media?parent=72"}],"curies":[{"name":"wp","href":"https:\/\/api.w.org\/{rel}","templated":true}]}}