{"id":715,"date":"2015-02-18T16:42:34","date_gmt":"2015-02-18T16:42:34","guid":{"rendered":"https:\/\/www.federacao-triatlo.pt\/ftp2015\/?page_id=715"},"modified":"2024-08-09T19:56:21","modified_gmt":"2024-08-09T18:56:21","slug":"escolas-de-triatlo","status":"publish","type":"page","link":"https:\/\/www.federacao-triatlo.pt\/ftp2015\/clubes-e-atletas\/escolas-de-triatlo\/","title":{"rendered":"Escolas de Triatlo"},"content":{"rendered":"<p>A constitui\u00e7\u00e3o e o apoio ao desenvolvimento da atividade desportiva pelas Escolas de Triatlo \u00e9 uma miss\u00e3o que a Federa\u00e7\u00e3o de Triatlo de Portugal assume desde 1997.<\/p>\n<p>Este projeto, coloca as Escolas de Triatlo como n\u00facleo central no processo de desenvolvimento da pr\u00e1tica desportiva, pretendendo incentivar e fidelizar os clubes que apostem na forma\u00e7\u00e3o desportiva de jovens atletas com idades entre os 7 e os 15 anos.<\/p>\n<p>Atrav\u00e9s deste projeto, os Clubes com Escolas de Triatlo usufruem de um Contrato-Programa com a Federa\u00e7\u00e3o de Triatlo de Portugal que se traduz no apoio \u00e0 Forma\u00e7\u00e3o de Treinadores, ao Financiamento da Atividade (apoio \u00e0 desloca\u00e7\u00e3o e \u00e0 participa\u00e7\u00e3o em provas) e \u00e0 organiza\u00e7\u00e3o de eventos.<\/p>\n<p>Em 2021 s\u00e3o as seguintes as caracter\u00edsticas do projeto Escolas de Triatlo:<\/p>\n<ol>\n<li>Para clubes ainda sem Escola ser\u00e1 necess\u00e1ria a filia\u00e7\u00e3o de 6 atletas enquanto que para os clubes que possu\u00edram Escola de Triatlo em 2020 s\u00e3o necess\u00e1rios 8 para a constitui\u00e7\u00e3o de Escola de Triatlo;<\/li>\n<li>\u00c9 utilizada uma f\u00f3rmula de c\u00e1lculo de 0,04\u20ac por atleta e por km percorrido, que considera o n\u00famero de atletas participantes em cada evento e a dist\u00e2ncia por eles percorrida desde a localidade do clube ao local de realiza\u00e7\u00e3o do evento, a contar desde o 1\u00ba km e a partir do 4\u00ba atleta, exce\u00e7\u00e3o aos clubes da Madeira e A\u00e7ores em que se aplica a partir do 1\u00ba atleta;<\/li>\n<li>\u00c9 concedido um apoio financeiro atrav\u00e9s da isen\u00e7\u00e3o de pagamento por determinados servi\u00e7os e empr\u00e9stimo de materiais aos clubes que organizem provas a contar para os Campeonatos regionais;<\/li>\n<li>A FTP assegurar\u00e1 a forma\u00e7\u00e3o t\u00e9cnica e pedag\u00f3gica aos treinadores que enquadrem a atividade desportiva das Escolas de Triatlo segundo condi\u00e7\u00f5es descritas em documenta\u00e7\u00e3o pr\u00f3pria;<\/li>\n<\/ol>\n<p>A FTP coloca-se \u00e0 disposi\u00e7\u00e3o das Escolas para esclarecer e receber todas as sugest\u00f5es que considerem pertinentes.<\/p>\n<p><strong>Para mais informa\u00e7\u00f5es consulte o <a href=\"https:\/\/www.federacao-triatlo.pt\/ftp2015\/wp-content\/uploads\/2020\/12\/Guia_Escolas-de-Triatlo-2021-1.pdf\">Guia Escolas de Triatlo 2021<\/a><\/strong> e o <a href=\"https:\/\/www.federacao-triatlo.pt\/ftp2015\/wp-content\/uploads\/2021\/01\/Apoio-a-deslocacao-2021.pdf\" target=\"_blank\" rel=\"noopener noreferrer\">Apoio \u00e0 Desloca\u00e7\u00e3o 2021.<\/a><\/p>\n<p><a href=\"https:\/\/www.federacao-triatlo.pt\/ftp2015\/wp-content\/uploads\/2021\/05\/Circuito-de-destreza_Triatlo-2021.pdf\" target=\"_blank\" rel=\"noopener noreferrer\">Diagrama do Circuito de Destreza<\/a> \/ <a href=\"https:\/\/www.federacao-triatlo.pt\/ftp2015\/wp-content\/uploads\/2021\/05\/Materiais-para-Circuito-de-Destreza.pdf\" target=\"_blank\" rel=\"noopener noreferrer\">Materiais para o Circuito de Destreza<\/a><\/p>\n","protected":false},"excerpt":{"rendered":"<p>A constitui\u00e7\u00e3o e o apoio ao desenvolvimento da atividade desportiva [&hellip;]<\/p>\n","protected":false},"author":4,"featured_media":38265,"parent":527,"menu_order":3,"comment_status":"closed","ping_status":"closed","template":"","meta":{"footnotes":""},"_links":{"self":[{"href":"https:\/\/www.federacao-triatlo.pt\/ftp2015\/wp-json\/wp\/v2\/pages\/715"}],"collection":[{"href":"https:\/\/www.federacao-triatlo.pt\/ftp2015\/wp-json\/wp\/v2\/pages"}],"about":[{"href":"https:\/\/www.federacao-triatlo.pt\/ftp2015\/wp-json\/wp\/v2\/types\/page"}],"author":[{"embeddable":true,"href":"https:\/\/www.federacao-triatlo.pt\/ftp2015\/wp-json\/wp\/v2\/users\/4"}],"replies":[{"embeddable":true,"href":"https:\/\/www.federacao-triatlo.pt\/ftp2015\/wp-json\/wp\/v2\/comments?post=715"}],"version-history":[{"count":5,"href":"https:\/\/www.federacao-triatlo.pt\/ftp2015\/wp-json\/wp\/v2\/pages\/715\/revisions"}],"predecessor-version":[{"id":99370,"href":"https:\/\/www.federacao-triatlo.pt\/ftp2015\/wp-json\/wp\/v2\/pages\/715\/revisions\/99370"}],"up":[{"embeddable":true,"href":"https:\/\/www.federacao-triatlo.pt\/ftp2015\/wp-json\/wp\/v2\/pages\/527"}],"wp:featuredmedia":[{"embeddable":true,"href":"https:\/\/www.federacao-triatlo.pt\/ftp2015\/wp-json\/wp\/v2\/media\/38265"}],"wp:attachment":[{"href":"https:\/\/www.federacao-triatlo.pt\/ftp2015\/wp-json\/wp\/v2\/media?parent=715"}],"curies":[{"name":"wp","href":"https:\/\/api.w.org\/{rel}","templated":true}]}}