{"id":71352,"date":"2021-07-08T13:56:14","date_gmt":"2021-07-08T13:56:14","guid":{"rendered":"https:\/\/www.federacao-triatlo.pt\/ftp2015\/?page_id=71352"},"modified":"2022-11-20T00:55:42","modified_gmt":"2022-11-20T00:55:42","slug":"livro-30-anos","status":"publish","type":"page","link":"https:\/\/www.federacao-triatlo.pt\/ftp2015\/noticias\/livro-30-anos\/","title":{"rendered":"Livro 30 Anos de Triatlo"},"content":{"rendered":"<p>J\u00e1 est\u00e1 dispon\u00edvel o livro \u201830 Anos do Triatlo\u2019<\/p>\n<p>O Triatlo nasceu em 1978, percorrendo um caminho \u00edmpar no panorama internacional. Por c\u00e1, mais de tr\u00eas d\u00e9cadas se passaram desde que o Triatlo surgiu em Portugal, afirmando-se tamb\u00e9m nos Jogos Ol\u00edmpicos a partir de 2004, com os pioneiros a desbravar um caminho completamente novo que catapultou a modalidade para o estrelato.<\/p>\n<p>Algumas das muitas hist\u00f3rias do Triatlo nacional encontram-se agora abordadas neste livro que tenta transmitir a paix\u00e3o com que os triatletas \u2018arrega\u00e7am as mangas\u2019 nas mais diversas vertentes da modalidade. S\u00e3o eles os protagonistas \u00a0do livro \u201930 Anos de Triatlo\u2019 que, apesar de ser uma modalidade jovem, tem j\u00e1 muitas narrativas para relatar.<\/p>\n<p>Todos aqueles que viveram e vivem o Triatlo com entusiasmo ir\u00e3o rever-se no livro que afirma nas primeiras p\u00e1ginas: \u00abA modalidade deixou de estar ao alcance de uma elite de \u2018loucos\u2019 para se tornar uma paix\u00e3o de vida para milh\u00f5es de pessoas e ascender ao n\u00edvel das modalidades mais praticadas a n\u00edvel mundial.\u00bb<\/p>\n<p>Para todos o nosso Bem-Haja!<\/p>\n<p>&nbsp;<\/p>\n<p>Pode adquirir o livro atrav\u00e9s das seguintes modalidades:<\/p>\n<p><a href=\"https:\/\/www.federacao-triatlo.pt\/ftp2015\/loja\/\">Livro 30 anos \u00a0de Triatlo<\/a>\u00a0\u2013 15 euros<\/p>\n<ol>\n<li>pode ser adquirido na Sede da Federa\u00e7\u00e3o de Triatlo de Portugal, pago atrav\u00e9s de MB ou monet\u00e1rio<\/li>\n<li>atrav\u00e9s do site, pago por refer\u00eancia MB e levantado na Sede da Federa\u00e7\u00e3o de Triatlo de Portugal<\/li>\n<\/ol>\n<p><a href=\"https:\/\/www.federacao-triatlo.pt\/ftp2015\/loja\/\">Livro 30 anos \u00a0de Triatlo (com portes)<\/a>\u00a0 &#8211; 20 euros<\/p>\n<ol>\n<li>atrav\u00e9s do site, pago por refer\u00eancia MB e entregue na morada a indicar<\/li>\n<\/ol>\n","protected":false},"excerpt":{"rendered":"<p>J\u00e1 est\u00e1 dispon\u00edvel o livro \u201830 Anos do Triatlo\u2019 O [&hellip;]<\/p>\n","protected":false},"author":4707,"featured_media":0,"parent":544,"menu_order":2,"comment_status":"closed","ping_status":"closed","template":"","meta":{"footnotes":""},"_links":{"self":[{"href":"https:\/\/www.federacao-triatlo.pt\/ftp2015\/wp-json\/wp\/v2\/pages\/71352"}],"collection":[{"href":"https:\/\/www.federacao-triatlo.pt\/ftp2015\/wp-json\/wp\/v2\/pages"}],"about":[{"href":"https:\/\/www.federacao-triatlo.pt\/ftp2015\/wp-json\/wp\/v2\/types\/page"}],"author":[{"embeddable":true,"href":"https:\/\/www.federacao-triatlo.pt\/ftp2015\/wp-json\/wp\/v2\/users\/4707"}],"replies":[{"embeddable":true,"href":"https:\/\/www.federacao-triatlo.pt\/ftp2015\/wp-json\/wp\/v2\/comments?post=71352"}],"version-history":[{"count":1,"href":"https:\/\/www.federacao-triatlo.pt\/ftp2015\/wp-json\/wp\/v2\/pages\/71352\/revisions"}],"predecessor-version":[{"id":89093,"href":"https:\/\/www.federacao-triatlo.pt\/ftp2015\/wp-json\/wp\/v2\/pages\/71352\/revisions\/89093"}],"up":[{"embeddable":true,"href":"https:\/\/www.federacao-triatlo.pt\/ftp2015\/wp-json\/wp\/v2\/pages\/544"}],"wp:attachment":[{"href":"https:\/\/www.federacao-triatlo.pt\/ftp2015\/wp-json\/wp\/v2\/media?parent=71352"}],"curies":[{"name":"wp","href":"https:\/\/api.w.org\/{rel}","templated":true}]}}