{"id":68,"date":"2014-12-26T12:09:07","date_gmt":"2014-12-26T12:09:07","guid":{"rendered":"https:\/\/www.federacao-triatlo.pt\/ftp2015\/?page_id=68"},"modified":"2026-01-22T12:59:42","modified_gmt":"2026-01-22T12:59:42","slug":"seguros-desportivos","status":"publish","type":"page","link":"https:\/\/www.federacao-triatlo.pt\/ftp2015\/clubes-e-atletas\/seguros-desportivos\/","title":{"rendered":"Seguros Desportivos"},"content":{"rendered":"<div class=\"fusion-fullwidth fullwidth-box fusion-builder-row-1 fusion-flex-container nonhundred-percent-fullwidth non-hundred-percent-height-scrolling\" style=\"--awb-border-radius-top-left:0px;--awb-border-radius-top-right:0px;--awb-border-radius-bottom-right:0px;--awb-border-radius-bottom-left:0px;--awb-flex-wrap:wrap;\" ><div class=\"fusion-builder-row fusion-row fusion-flex-align-items-flex-start fusion-flex-content-wrap\" style=\"max-width:1476px;margin-left: calc(-23% \/ 2 );margin-right: calc(-23% \/ 2 );\"><div class=\"fusion-layout-column fusion_builder_column fusion-builder-column-0 fusion_builder_column_1_1 1_1 fusion-flex-column\" style=\"--awb-bg-size:cover;--awb-width-large:100%;--awb-margin-top-large:0px;--awb-spacing-right-large:8.855%;--awb-margin-bottom-large:0px;--awb-spacing-left-large:8.855%;--awb-width-medium:100%;--awb-spacing-right-medium:8.855%;--awb-spacing-left-medium:8.855%;--awb-width-small:100%;--awb-spacing-right-small:8.855%;--awb-spacing-left-small:8.855%;\"><div class=\"fusion-column-wrapper fusion-flex-justify-content-flex-start fusion-content-layout-column\"><div class=\"fusion-text fusion-text-1\"><p><strong>SEGUROS DESPORTIVOS<\/strong><\/p>\n<p><strong>SEGUROS 2026<\/strong><\/p>\n<p><strong>SEGURO DESPORTIVO DE ACIDENTES PESSOAIS<\/strong><br \/><strong><em>Este seguro, \u00e9 v\u00e1lido para treinos e provas, exclusivamente de Triatlo, Duatlo e Aquatlo.<\/em><\/strong><\/p>\n<table style=\"height: 199px;\" width=\"886\">\n<tbody>\n<tr>\n<td style=\"text-align: center;\" colspan=\"9\" width=\"784\"><strong>SEGURO DESPORTIVO (Acidentes Pessoais) 2026<\/strong><\/td>\n<\/tr>\n<tr>\n<td style=\"text-align: left;\" rowspan=\"3\" width=\"122\">N\u00ba DE AP\u00d3LICE<\/td>\n<td style=\"text-align: left;\" rowspan=\"3\" width=\"208\">DESIGNA\u00c7\u00c3O<\/td>\n<td style=\"text-align: center;\" colspan=\"6\" width=\"369\">CAPITAIS \/ COBERTURAS<\/td>\n<td style=\"text-align: left;\" rowspan=\"3\" width=\"85\">FRANQUIA<\/td>\n<\/tr>\n<tr>\n<td style=\"text-align: center;\" colspan=\"3\" width=\"180\">OBRIGAT\u00d3RIO<\/td>\n<td style=\"text-align: center;\" colspan=\"3\" width=\"189\">ADICIONAL<\/td>\n<\/tr>\n<tr>\n<td style=\"text-align: center;\" width=\"66\">MIP<\/td>\n<td style=\"text-align: center;\" width=\"57\">DT<\/td>\n<td style=\"text-align: center;\" width=\"57\">DF<\/td>\n<td style=\"text-align: center;\" width=\"66\">MIP<\/td>\n<td style=\"text-align: center;\" width=\"66\">DT<\/td>\n<td style=\"text-align: center;\" width=\"57\">DF<\/td>\n<\/tr>\n<tr>\n<td width=\"122\">PTPO000143<\/td>\n<td width=\"208\">Atletas, Treinadores e \u00c1rbitros<\/td>\n<td width=\"66\">32 500 \u20ac<\/td>\n<td width=\"57\">5 200 \u20ac<\/td>\n<td width=\"57\">2 600 \u20ac<\/td>\n<td width=\"66\">10 000 \u20ac<\/td>\n<td width=\"66\">4 000 \u20ac<\/td>\n<td width=\"57\">1 000 \u20ac<\/td>\n<td width=\"85\">50 \u20ac<\/td>\n<\/tr>\n<\/tbody>\n<\/table>\n<p>MIP: MORTE, INVALIDEZ PERMANENTE<br \/>DT: DESPESAS DE TRATAMENTO<br \/>DF: DESPESAS DE FUNERAL<\/p>\n<p><strong>Procedimentos em caso de sinistro<\/strong><\/p>\n<ul>\n<li><strong>Enviar o formul\u00e1rio da participa\u00e7\u00e3o para os nossos servi\u00e7os devidamente preenchido todos os campos do sinistrado e dados relativos ao acidente assim como assinado<\/strong><\/li>\n<li><strong>A assinatura da certifica\u00e7\u00e3o da participa\u00e7\u00e3o, \u00e9 da responsabilidade da Federa\u00e7\u00e3o de Triatlo de Portugal.<\/strong><\/li>\n<li><strong>O formul\u00e1rio de participa\u00e7\u00e3o deve ser entregue nos servi\u00e7os da Federa\u00e7\u00e3o de Triatlo de Portugal.<\/strong><\/li>\n<li><strong>O formul\u00e1rio de participa\u00e7\u00e3o deve ser acompanhado de c\u00f3pia de Relat\u00f3rio M\u00e9dico identificativo dos traumas\/les\u00f5es provocados por acidente.<\/strong><\/li>\n<li><strong>Dever\u00e1 consultar sempre o manual de procedimentos para mais informa\u00e7\u00f5es.<br \/><\/strong><\/li>\n<\/ul>\n<p><a href=\"https:\/\/www.federacao-triatlo.pt\/ftp2015\/wp-content\/uploads\/2026\/01\/POL_PTPO000143_01.pdf\" target=\"_blank\" rel=\"noopener\">SEGURO ACIDENTES PESSOAIS AIG &#8211; Condi\u00e7\u00f5es Particulares<\/a><\/p>\n<p><a href=\"https:\/\/www.federacao-triatlo.pt\/ftp2015\/wp-content\/uploads\/2024\/11\/seguro-acidentes-pessoais-aig-condicoes-gerais.pdf\" target=\"_blank\" rel=\"noopener\">SEGURO ACIDENTES PESSOAIS AIG &#8211; Condi\u00e7\u00f5es Gerais<\/a><\/p>\n<p><a href=\"https:\/\/www.federacao-triatlo.pt\/ftp2015\/wp-content\/uploads\/2024\/11\/manual-procedimentos-seguro-acidentes-pessoais.pdf\" target=\"_blank\" rel=\"noopener\">Manual de Procedimentos Participa\u00e7\u00e3o de Sinistro<\/a><\/p>\n<p><a href=\"https:\/\/www.federacao-triatlo.pt\/ftp2015\/wp-content\/uploads\/2024\/11\/impresso-participacao-sinistro-dentro-rede-trueclinic.pdf\" target=\"_blank\" rel=\"noopener\">Impresso de Participa\u00e7\u00e3o de Sinistro<\/a><\/p>\n<p><strong>\u2014\u2014\u2014\u2014\u2014\u2014\u2014\u2014\u2014\u2014\u2014\u2014\u2014\u2014\u2014\u2014\u2014\u2014\u2014\u2014\u2014\u2014\u2014\u2014\u2014\u2014\u2014\u2014\u2014\u2014\u2014\u2014\u2014\u2014\u2014\u2014\u2014\u2014\u2014\u2014\u2014\u2014\u2014\u2014\u2014\u2014<\/strong><\/p>\n<p><strong>SEGURO DESPORTIVO DE RESPONSABILIDADE CIVIL<\/strong><\/p>\n<table width=\"856\">\n<tbody>\n<tr>\n<td style=\"text-align: center;\" colspan=\"4\" width=\"856\"><strong>Seguro Responsabilidade Civil 2026<\/strong><\/td>\n<\/tr>\n<tr>\n<td width=\"223\">N\u00aa DE AP\u00d3LICE<\/td>\n<td width=\"285\">DESIGNA\u00c7\u00c3O<\/td>\n<td width=\"164\">CAPITAIS \/ COBERTURAS<\/td>\n<td width=\"184\">FRANQUIA<\/td>\n<\/tr>\n<tr>\n<td width=\"223\">PTGL000044<\/td>\n<td width=\"285\">Atletas e Treinadores Licenciados<\/td>\n<td width=\"164\">100.000 \u20ac<\/td>\n<td width=\"184\">750 \u20ac<\/td>\n<\/tr>\n<\/tbody>\n<\/table>\n<p><a href=\"https:\/\/www.federacao-triatlo.pt\/ftp2015\/wp-content\/uploads\/2026\/01\/POL_PTGL000044_SEM-VALORES.pdf\" target=\"_blank\" rel=\"noopener\">SEGURO RESPONSABILIDADE CIVIL AIG &#8211; Condi\u00e7\u00f5es Particulares<\/a><\/p>\n<p><strong>Nota: Dado que se trata de um novo seguro de acidentes pessoais e de responsabilidade civil assim que tivermos mais informa\u00e7\u00f5es sobres os mesmos e procedimentos iremos atualizar esta mesma p\u00e1gina<\/strong><\/p>\n<p><strong>\u2014\u2014\u2014\u2014\u2014\u2014\u2014\u2014\u2014\u2014\u2014\u2014\u2014\u2014\u2014\u2014\u2014\u2014\u2014\u2014\u2014\u2014\u2014\u2014\u2014\u2014\u2014\u2014\u2014\u2014\u2014\u2014\u2014\u2014\u2014\u2014\u2014\u2014\u2014\u2014\u2014\u2014\u2014\u2014\u2014\u2014\u2014\u2014\u2014\u2014<\/strong><\/p>\n<p><strong>Os documentos de participa\u00e7\u00e3o de todos os seguros, devem ser enviados em original para:<\/strong><\/p>\n<p>Federa\u00e7\u00e3o de Triatlo de Portugal<br \/>Alameda do Sabugueiro, 1 B<br \/>MURGANHAL<br \/>2760-128 CAXIAS<\/p>\n<p>Para mais informa\u00e7\u00f5es, contactar o respons\u00e1vel da FTP por esta \u00e1rea:<br \/>Mail \u2013 <a href=\"mailto:luis.ramos@federacao-triatlo.pt\">secretaria@federacao-triatlo.pt<br \/><\/a>Tlf.: 214 464 820<\/p>\n<h4 class=\"fusion-responsive-typography-calculated\" style=\"--fontsize: 13; line-height: 1.54; --minfontsize: 13;\" data-fontsize=\"13\" data-lineheight=\"20.02px\">&nbsp;<\/h4>\n<h4 class=\"fusion-responsive-typography-calculated\" style=\"--fontsize: 13; line-height: 1.54; --minfontsize: 13;\" data-fontsize=\"13\" data-lineheight=\"20.02px\">&nbsp;<\/h4>\n<div id=\"multiPDFS\">\n<div id=\"sinistrosPDF2\" class=\"zonapdf\">\n<h5 class=\"fusion-responsive-typography-calculated\" style=\"--fontsize: 12; line-height: 1.5; --minfontsize: 12;\" data-fontsize=\"12\" data-lineheight=\"18px\">&nbsp;<\/h5>\n<\/div>\n<\/div>\n<\/div><\/div><\/div><\/div><\/div>\n","protected":false},"excerpt":{"rendered":"","protected":false},"author":1,"featured_media":0,"parent":527,"menu_order":5,"comment_status":"closed","ping_status":"closed","template":"","meta":{"footnotes":""},"_links":{"self":[{"href":"https:\/\/www.federacao-triatlo.pt\/ftp2015\/wp-json\/wp\/v2\/pages\/68"}],"collection":[{"href":"https:\/\/www.federacao-triatlo.pt\/ftp2015\/wp-json\/wp\/v2\/pages"}],"about":[{"href":"https:\/\/www.federacao-triatlo.pt\/ftp2015\/wp-json\/wp\/v2\/types\/page"}],"author":[{"embeddable":true,"href":"https:\/\/www.federacao-triatlo.pt\/ftp2015\/wp-json\/wp\/v2\/users\/1"}],"replies":[{"embeddable":true,"href":"https:\/\/www.federacao-triatlo.pt\/ftp2015\/wp-json\/wp\/v2\/comments?post=68"}],"version-history":[{"count":26,"href":"https:\/\/www.federacao-triatlo.pt\/ftp2015\/wp-json\/wp\/v2\/pages\/68\/revisions"}],"predecessor-version":[{"id":105681,"href":"https:\/\/www.federacao-triatlo.pt\/ftp2015\/wp-json\/wp\/v2\/pages\/68\/revisions\/105681"}],"up":[{"embeddable":true,"href":"https:\/\/www.federacao-triatlo.pt\/ftp2015\/wp-json\/wp\/v2\/pages\/527"}],"wp:attachment":[{"href":"https:\/\/www.federacao-triatlo.pt\/ftp2015\/wp-json\/wp\/v2\/media?parent=68"}],"curies":[{"name":"wp","href":"https:\/\/api.w.org\/{rel}","templated":true}]}}