{"id":66,"date":"2014-12-26T12:08:40","date_gmt":"2014-12-26T12:08:40","guid":{"rendered":"https:\/\/www.federacao-triatlo.pt\/ftp2015\/?page_id=66"},"modified":"2026-03-12T16:56:24","modified_gmt":"2026-03-12T16:56:24","slug":"apoios","status":"publish","type":"page","link":"https:\/\/www.federacao-triatlo.pt\/ftp2015\/clubes-e-atletas\/apoios\/","title":{"rendered":"Apoios"},"content":{"rendered":"<div class=\"fusion-fullwidth fullwidth-box fusion-builder-row-1 fusion-flex-container nonhundred-percent-fullwidth non-hundred-percent-height-scrolling\" style=\"--awb-border-radius-top-left:0px;--awb-border-radius-top-right:0px;--awb-border-radius-bottom-right:0px;--awb-border-radius-bottom-left:0px;--awb-flex-wrap:wrap;\" ><div class=\"fusion-builder-row fusion-row fusion-flex-align-items-flex-start fusion-flex-content-wrap\" style=\"max-width:1476px;margin-left: calc(-23% \/ 2 );margin-right: calc(-23% \/ 2 );\"><div class=\"fusion-layout-column fusion_builder_column fusion-builder-column-0 fusion_builder_column_1_1 1_1 fusion-flex-column\" style=\"--awb-bg-size:cover;--awb-width-large:100%;--awb-margin-top-large:0px;--awb-spacing-right-large:8.855%;--awb-margin-bottom-large:0px;--awb-spacing-left-large:8.855%;--awb-width-medium:100%;--awb-spacing-right-medium:8.855%;--awb-spacing-left-medium:8.855%;--awb-width-small:100%;--awb-spacing-right-small:8.855%;--awb-spacing-left-small:8.855%;\"><div class=\"fusion-column-wrapper fusion-flex-justify-content-flex-start fusion-content-layout-column\"><div class=\"fusion-text fusion-text-1\"><h2>PROGRAMA DE APOIO AOS CLUBES<\/h2>\n<h3>Candidatura<\/h3>\n<p>A candidatura ao <a href=\"https:\/\/www.federacao-triatlo.pt\/ftp2015\/wp-content\/uploads\/2026\/03\/Programa-de-Apoio-aos-Clubes-Epoca-2026.pdf\" target=\"_blank\" rel=\"noopener noreferrer\">Programa de Apoio aos Clubes<\/a> na \u00e9poca de 2026, deve ser feita at\u00e9 ao dia <strong>21 de novembro de 2026<\/strong>, atrav\u00e9s do preenchimento e submiss\u00e3o deste <a href=\"https:\/\/docs.google.com\/forms\/d\/e\/1FAIpQLSf6TuOf3-RLK4L668t1pQRHyrugY7KmgA9HCfrQcM6Sfpk3MQ\/viewform\" target=\"\" rel=\"noopener\">Formul\u00e1rio de Candidatura.<\/a><\/p>\n<p>Documento de suporte para ler atentamente: <a href=\"https:\/\/www.federacao-triatlo.pt\/ftp2015\/wp-content\/uploads\/2026\/03\/Programa-de-Apoio-aos-Clubes-Epoca-2026.pdf\" target=\"_blank\" rel=\"noopener noreferrer\"> Programa de Apoio aos Clubes<\/a><\/p>\n<h3>Finalidade do apoio aos Clubes<\/h3>\n<p>Os apoios aos clubes visam fomentar, apoiar e melhorar a pr\u00e1tica desportiva, enquanto atividade ligada ao lazer e orientada para uma pr\u00e1tica desportiva competitiva.<br \/>\nAssente em v\u00e1rios eixos o apoio integrado introduzido, visa apoiar no desenvolvimento e a estrutura\u00e7\u00e3o adequada das condi\u00e7\u00f5es dos clubes, posteriormente colocadas \u00e0 disposi\u00e7\u00e3o dos atletas e capazes de promover e estimular o seu crescimento. Igualmente, proporcionar aos treinadores, e demais equipa t\u00e9cnica e de gest\u00e3o, condi\u00e7\u00f5es de trabalho mais s\u00f3lidas e sustent\u00e1veis.<\/p>\n<p>\u00c9 igualmente uma forma de a Federa\u00e7\u00e3o de Triatlo de Portugal (FTP), devolver aos clubes, enquanto motores do triatlo, o investimento colocado na promo\u00e7\u00e3o, evolu\u00e7\u00e3o e diversifica\u00e7\u00e3o da modalidade, criando um efeito multiplicador de crescimento.<\/p>\n<p>Pretende-se que os Clubes se possam desenvolver no sentido do ecletismo, abarcando tantos eixos quantos poss\u00edvel, contribuindo desta forma para o crescimento do triatlo do ponto de vista da pr\u00e1tica desportiva, mas igualmente da inclus\u00e3o social, e da valoriza\u00e7\u00e3o das pessoas pessoalmente e enquanto agentes da modalidade.<\/p>\n<h3>Benefici\u00e1rios dos Apoios<\/h3>\n<ul>\n<li><b>Clubes com equipas que participam em Campeonatos Nacionais;<\/b><\/li>\n<li><b>Clubes com equipas que participam em Campeonatos Nacionais Jovens;<\/b><\/li>\n<li><b>Clubes com Escola de Triatlo;<\/b><\/li>\n<li><b> Clubes com equipas que participam em Campeonatos Regionais Absolutos;<\/b><\/li>\n<li><b> Clubes com equipas que participam em Campeonatos Regionais Jovens;<\/b><\/li>\n<li><b>Clubes com atletas com Estatuto de Alto Rendimento de acordo com o Decreto-Lei n.\u00ba 272\/2009; Portaria 325\/2010, de 16 de Junho<\/b><\/li>\n<li><b>Clubes com Treinadores de Grau I ou superior<\/b><\/li>\n<li><strong>Clubes organizadores de eventos<\/strong><\/li>\n<\/ul>\n<h3>Caracteriza\u00e7\u00e3o e descri\u00e7\u00e3o dos apoios aos Clubes<\/h3>\n<h4>1. Clubes com Escola de Triatlo<\/h4>\n<p>Este apoio \u00e9 atribu\u00eddo a todos os clubes que possuam na sua matriz uma Escola de Triatlo.<\/p>\n<h4>2. Desenvolvimento feminino nos clubes<\/h4>\n<p>Este apoio \u00e9 atribu\u00eddo aos clubes no sentido de estimular o desenvolvimento dos mesmos no sector feminino, incentivando-os \u00e0 capta\u00e7\u00e3o e reten\u00e7\u00e3o de mais atletas para a modalidade e incrementando, deste modo, o n\u00famero de equipas femininas.<\/p>\n<h4>3. Equipa t\u00e9cnica dos clubes<\/h4>\n<p>Este apoio foi criado para promover o desenvolvimento pessoal e crescimento da qualidade das equipas t\u00e9cnicas nos clubes. Pretendemos com este apoio estimular a procura do conhecimento e crescimento do treinador, valorizando o seu trabalho. Igualmente, queremos impulsionar a forma\u00e7\u00e3o geral e espec\u00edfica de cada treinador.<\/p>\n<h4>4. Clubes com atletas nas Sele\u00e7\u00f5es Nacionais<\/h4>\n<p>Este apoio \u00e9 dedicado aos clubes que se fa\u00e7am representar por um ou mais atletas nos trabalhos da Sele\u00e7\u00e3o Nacional, desde que esses atletas n\u00e3o se encontrem integrados no Projeto Ol\u00edmpico da FTP. Para efeito de contabiliza\u00e7\u00e3o dos atletas nas Sele\u00e7\u00f5es Nacionais, os atletas no Projeto Ol\u00edmpico da FTP s\u00e3o exclu\u00eddos da contabiliza\u00e7\u00e3o.<\/p>\n<h4>5. Clubes com Paratriatlo<\/h4>\n<p>O Paratriatlo, encontra-se em fase embrion\u00e1ria. Como tal, a FTP, sente a necessidade de apoiar todos os clubes que se encontrem a desenvolver projetos de Paratriatlo.<br \/>\nEste apoio tem como finalidade, incentivar os clubes e treinadores a desenvolver a modalidade juntos de atletas com necessidades especiais.<br \/>\nO Paratriatlo \u00e9 uma modalidade paraol\u00edmpica e deve merecer todo o empenho dos clubes para o seu desenvolvimento.<\/p>\n<h4>6. Clubes numerosos<\/h4>\n<p>Este apoio \u00e9 destinado a clubes com um n\u00famero elevado de atletas licenciados, enquanto reconhecimento do investimento dos mesmos como promotores da modalidade, do seu crescimento, bem como da sua import\u00e2ncia nas condi\u00e7\u00f5es que disponibilizam aos seus atletas, e incentivo ao seu bem-estar.<\/p>\n<h4>7. Clubes organizadores de eventos<\/h4>\n<p>Este apoio destina-se aos clubes que organizem eventos desportivos, nas diversas vertentes que comp\u00f5em os Campeonatos Regionais do calend\u00e1rio da FTP.<br \/>\nPretendemos com este apoio, estimular e promover a iniciativa dos clubes, na organiza\u00e7\u00e3o de eventos em parceria com a FTP, com as autarquias locais e com as entidades privadas na sua \u00e1rea de interven\u00e7\u00e3o, valorizando o trabalho do clube e dos seus parceiros no desenvolvimento e crescimento da modalidade.<\/p>\n<h2>APOIO AOS DELEGADOS DOS CLUBES, ATLETAS, TREINADORES E \u00c1RBITROS PARA DESLOCA\u00c7\u00c3O \u00c0S ASSEMBLEIAS GERAIS (exceto Assembleias Gerais Eleitorais)<\/h2>\n<h4>1. Desloca\u00e7\u00e3o a provas<\/h4>\n<p>O apoio \u00e0 desloca\u00e7\u00e3o \u00e9 direcionado \u00e0s competi\u00e7\u00f5es organizadas pela FTP e pelas Delega\u00e7\u00f5es Regionais, em territ\u00f3rio nacional. Estas compreendem os Campeonatos Nacionais, Ta\u00e7as de Portugal e Campeonato Regional Absoluto e Jovem. Este apoio tem em conta a desloca\u00e7\u00e3o do clube para o local da competi\u00e7\u00e3o.<\/p>\n<h4>2. Projeto Ol\u00edmpico FTP<\/h4>\n<p>Este apoio encontra-se definido no documento Projeto Ol\u00edmpico da FTP, no qual \u00e9 contemplada uma verba a atribuir aos clubes com atletas no Projeto Ol\u00edmpico da FTP.<\/p>\n<h4>3. Apoio aos delegados dos clubes, atletas, treinadores e \u00e1rbitros para desloca\u00e7\u00e3o \u00e0s assembleias gerais (exceto Assembleias Eleitorais)<\/h4>\n<p>No sentido de incentivar os Clubes e Delegados a estarem representados e a participar de forma ativa, para cada Assembleia Geral \u00e9 elaborada uma matriz de apoio \u00e0 desloca\u00e7\u00e3o, cujo valor depende da dist\u00e2ncia do Sede do Clube ao local da mesma.<\/p>\n<\/div><\/div><\/div><\/div><\/div>\n","protected":false},"excerpt":{"rendered":"","protected":false},"author":1,"featured_media":0,"parent":527,"menu_order":4,"comment_status":"closed","ping_status":"closed","template":"","meta":{"footnotes":""},"_links":{"self":[{"href":"https:\/\/www.federacao-triatlo.pt\/ftp2015\/wp-json\/wp\/v2\/pages\/66"}],"collection":[{"href":"https:\/\/www.federacao-triatlo.pt\/ftp2015\/wp-json\/wp\/v2\/pages"}],"about":[{"href":"https:\/\/www.federacao-triatlo.pt\/ftp2015\/wp-json\/wp\/v2\/types\/page"}],"author":[{"embeddable":true,"href":"https:\/\/www.federacao-triatlo.pt\/ftp2015\/wp-json\/wp\/v2\/users\/1"}],"replies":[{"embeddable":true,"href":"https:\/\/www.federacao-triatlo.pt\/ftp2015\/wp-json\/wp\/v2\/comments?post=66"}],"version-history":[{"count":23,"href":"https:\/\/www.federacao-triatlo.pt\/ftp2015\/wp-json\/wp\/v2\/pages\/66\/revisions"}],"predecessor-version":[{"id":106445,"href":"https:\/\/www.federacao-triatlo.pt\/ftp2015\/wp-json\/wp\/v2\/pages\/66\/revisions\/106445"}],"up":[{"embeddable":true,"href":"https:\/\/www.federacao-triatlo.pt\/ftp2015\/wp-json\/wp\/v2\/pages\/527"}],"wp:attachment":[{"href":"https:\/\/www.federacao-triatlo.pt\/ftp2015\/wp-json\/wp\/v2\/media?parent=66"}],"curies":[{"name":"wp","href":"https:\/\/api.w.org\/{rel}","templated":true}]}}