{"id":45,"date":"2014-12-26T11:58:11","date_gmt":"2014-12-26T11:58:11","guid":{"rendered":"https:\/\/www.federacao-triatlo.pt\/ftp2015\/?page_id=45"},"modified":"2025-12-31T13:46:43","modified_gmt":"2025-12-31T13:46:43","slug":"estatutos","status":"publish","type":"page","link":"https:\/\/www.federacao-triatlo.pt\/ftp2015\/a-federacao\/estatutos\/","title":{"rendered":"Estatutos e Regulamentos"},"content":{"rendered":"<h2>Regulamenta\u00e7\u00e3o Administrativa e Outra<\/h2>\n<div class=\"documents-list\">\n<div class=\"results-list__item\"><a href=\"https:\/\/www.federacao-triatlo.pt\/ftp2015\/wp-content\/uploads\/2025\/09\/Estatutos_Aprovados-Ass-Geral-Extraordinaria-de-5-Set-2025.pdf\" target=\"_blank\" rel=\"noopener\"><span class=\"documents-list__title\">Estatutos<\/span><\/a><\/div>\n<div class=\"documents-list__item\"><a href=\"https:\/\/www.federacao-triatlo.pt\/ftp2015\/wp-content\/uploads\/2022\/03\/Regulamento-Eleitoral-AG-2022-03-04.pdf\" target=\"_blank\" rel=\"noopener\"><span class=\"documents-list__title\">Regulamento Eleitoral<\/span><\/a><\/div>\n<div class=\"results-list__item\"><a href=\"https:\/\/www.federacao-triatlo.pt\/ftp2015\/wp-content\/uploads\/2025\/01\/regulamento-disciplina-2025.pdf\" target=\"_blank\" rel=\"noopener\"><span class=\"documents-list__title\">Regulamento de Disciplina<\/span><\/a><\/div>\n<div class=\"documents-list__item\"><a href=\"https:\/\/www.federacao-triatlo.pt\/ftp2015\/wp-content\/uploads\/2015\/01\/20020302_regulamento_custas_processuais.pdf\" target=\"_blank\" rel=\"noopener\"><span class=\"documents-list__title\">Regulamento de Custas Processuais<\/span><\/a><\/div>\n<div class=\"documents-list__item\"><a href=\"https:\/\/www.federacao-triatlo.pt\/ftp2015\/wp-content\/uploads\/2015\/01\/regulamento-participacao-internacional-age-groups-2022-06-15.pdf\" target=\"_blank\" rel=\"noopener\"><span class=\"documents-list__title\">Regulamento de Participa\u00e7\u00e3o Internacional em Age Groups<\/span><\/a><\/div>\n<div class=\"results-list__item\"><a href=\"https:\/\/www.federacao-triatlo.pt\/ftp2015\/wp-content\/uploads\/2025\/04\/Normas-de-Administracao-Financeira-2025-BKP.pdf\" target=\"_blank\" rel=\"noopener\"><span class=\"documents-list__title\">Normas Administra\u00e7\u00e3o Financeira<\/span><\/a><\/div>\n<div class=\"documents-list__item\"><a href=\"https:\/\/www.federacao-triatlo.pt\/ftp2015\/wp-content\/uploads\/2015\/01\/090110_regul_atribuicao_de_distincoes.pdf\" target=\"_blank\" rel=\"noopener\"><span class=\"documents-list__title\">Regulamento Geral de Atribui\u00e7\u00f5es de Distin\u00e7\u00f5es Honor\u00edficas<\/span><\/a><\/div>\n<div class=\"documents-list__item\"><a href=\"https:\/\/www.federacao-triatlo.pt\/ftp2015\/wp-content\/uploads\/2015\/01\/090829_reg_violencia.pdf\" target=\"_blank\" rel=\"noopener\"><span class=\"documents-list__title\">Regulamento para o Combate \u00e0 Viol\u00eancia, ao Racismo, \u00e0 Xenofobia e \u00e0 Intoler\u00e2ncia no Triatlo<\/span><\/a><\/div>\n<div class=\"documents-list__item\"><a href=\"https:\/\/www.federacao-triatlo.pt\/ftp2015\/wp-content\/uploads\/2024\/10\/codigo-conduta-desportiva-rev-01-2024-10-09.pdf\" target=\"_blank\" rel=\"noopener\"><span class=\"documents-list__title\">C\u00f3digo de Conduta Desportiva<\/span><\/a><\/div>\n<\/div>\n<h2>Regulamenta\u00e7\u00e3o Arbitragem<\/h2>\n<div class=\"documents-list\">\n<div class=\"documents-list__item\"><a href=\"https:\/\/www.federacao-triatlo.pt\/ftp2015\/wp-content\/uploads\/2022\/12\/regulamento-arbitragem-2022-12-21.pdf\" target=\"_blank\" rel=\"noopener\"><span class=\"documents-list__title\">Regulamento de Arbitragem<\/span><\/a><\/div>\n<\/div>\n<h2>Regulamenta\u00e7\u00e3o Antidopagem<\/h2>\n<div class=\"documents-list\">\n<div class=\"documents-list__item\"><a href=\"https:\/\/www.federacao-triatlo.pt\/ftp2015\/wp-content\/uploads\/2015\/01\/20130614_Regulamento_Antidopagem_Triatlo.pdf\" target=\"_blank\" rel=\"noopener\"><span class=\"documents-list__title\">Regulamento Antidopagem<\/span><\/a><\/div>\n<\/div>\n<h2>Regulamenta\u00e7\u00e3o de Competi\u00e7\u00f5es<\/h2>\n<div class=\"documents-list\">\n<div class=\"documents-list__item\"><a href=\"https:\/\/www.federacao-triatlo.pt\/ftp2015\/wp-content\/uploads\/2018\/04\/regulamento-associacao-licenciamento-transferencias-vs20180411.pdf\" target=\"_blank\" rel=\"noopener\"><span class=\"documents-list__title\">Regulamento Associa\u00e7\u00e3o, Licenciamento e Transfer\u00eancias<\/span><\/a><\/div>\n<div class=\"results-list__item\"><a href=\"https:\/\/www.federacao-triatlo.pt\/ftp2015\/wp-content\/uploads\/2025\/12\/Regulamento-Tecnico-e-Competicoes-2026vs1.pdf\" target=\"_blank\" rel=\"noopener\"><span class=\"documents-list__title\">Regulamento T\u00e9cnico e Competi\u00e7\u00f5es 2026<\/span><\/a><\/div>\n<\/div>\n<h2>Regulamenta\u00e7\u00e3o Alto Rendimento<\/h2>\n<div class=\"documents-list\">\n<div class=\"documents-list__item\"><a href=\"https:\/\/www.federacao-triatlo.pt\/ftp2015\/wp-content\/uploads\/2018\/07\/Reg_alto_rendimento_selecoes_nacionais.pdf\" target=\"_blank\" rel=\"noopener\"><span class=\"documents-list__title\">Regulamento de Alto Rendimento e Sele\u00e7\u00f5es Nacionais<\/span><\/a><\/div>\n<div class=\"results-list__item\"><a href=\"https:\/\/www.federacao-triatlo.pt\/ftp2015\/wp-content\/uploads\/2015\/01\/100310_normas_equipamentos_seleccoes_nacionais.pdf\" target=\"_blank\" rel=\"noopener\"><span class=\"documents-list__title\">Normas de Utiliza\u00e7\u00e3o dos Equipamentos da Sele\u00e7\u00e3o Nacional<\/span><\/a><\/div>\n<div class=\"results-list__item\"><a href=\"https:\/\/www.federacao-triatlo.pt\/ftp2015\/wp-content\/uploads\/2018\/06\/criterios-atribuicao-premios-formacao-atletas-20170617.pdf\" target=\"_blank\" rel=\"noopener\"><span class=\"documents-list__title\">Crit\u00e9rios para Atribui\u00e7\u00e3o de Pr\u00e9mios pela Forma\u00e7\u00e3o de Atletas<\/span><\/a><\/div>\n<\/div>\n<h2>Legisla\u00e7\u00e3o Desportiva<\/h2>\n<div class=\"documents-list\">\n<div class=\"documents-list__item\"><a href=\"https:\/\/www.federacao-triatlo.pt\/ftp2015\/wp-content\/uploads\/2015\/01\/LeibasesActFisDesporto.pdf\" target=\"_blank\" rel=\"noopener\"><span class=\"documents-list__title\">Lei n\u00ba 5\/2007 de 16 de Janeiro &#8211; Lei de bases da atividade f\u00edsica e do desporto<\/span><\/a><\/div>\n<div class=\"results-list__item\"><a href=\"https:\/\/www.federacao-triatlo.pt\/ftp2015\/wp-content\/uploads\/2015\/01\/25203.pdf\" target=\"_blank\" rel=\"noopener\"><span class=\"documents-list__title\">Decreto-Lei n\u00ba 248-A e B\/2008 de 31 de Dezembro &#8211; Actividade de treinador e regime jur\u00eddico das federa\u00e7\u00f5es<\/span><\/a><\/div>\n<div class=\"results-list__item\"><a href=\"https:\/\/www.federacao-triatlo.pt\/ftp2015\/wp-content\/uploads\/2024\/10\/dl-23-2024-15.fevereiro.pdf\" target=\"_blank\" rel=\"noopener\"><span class=\"documents-list__title\">Decreto-Lei n\u00ba 23\/2024 de 15 de Fevereiro &#8211; Propor\u00e7\u00e3o de pessoas de cada sexo na composi\u00e7\u00e3o dos \u00f3rg\u00e3os das federa\u00e7\u00f5es desportivas<\/span><\/a><\/div>\n<div class=\"documents-list__item\"><a href=\"https:\/\/www.federacao-triatlo.pt\/ftp2015\/wp-content\/uploads\/2020\/01\/0606506067.pdf\" target=\"_blank\" rel=\"noopener\"><span class=\"documents-list__title\">Portaria n\u00ba 1325\/2010, de 30 de Dezembro &#8211; Aprova a lista de subst\u00e2ncias proibidas no \u00e2mbito do c\u00f3digo mundial antidopagem<\/span><\/a><\/div>\n<div class=\"results-list__item\"><a href=\"https:\/\/www.federacao-triatlo.pt\/ftp2015\/wp-content\/uploads\/2015\/01\/Dl2722009_Altorenddesportivo.pdf\" target=\"_blank\" rel=\"noopener\"><span class=\"documents-list__title\">Decreto-Lei n\u00ba 272\/2009 de 1 de Outubro &#8211; Estabelece as medidas espec\u00edficas de apoio ao desenvolvimento do desporto de alto rendimento<\/span><\/a><\/div>\n<div class=\"documents-list__item\"><a href=\"https:\/\/www.federacao-triatlo.pt\/ftp2015\/wp-content\/uploads\/2015\/01\/portaria325-10.pdf\" target=\"_blank\" rel=\"noopener\"><span class=\"documents-list__title\">Portaria 325\/10 de 16 de Junho &#8211; Crit\u00e9rios para obten\u00e7\u00e3o de Estatuto de Atleta de Alto Rendimento<\/span><\/a><\/div>\n<div class=\"results-list__item\"><a href=\"https:\/\/www.federacao-triatlo.pt\/ftp2015\/wp-content\/uploads\/2015\/01\/portaria393-97.pdf\" target=\"_blank\" rel=\"noopener\"><span class=\"documents-list__title\">Portaria 393\/97 de 17 de Junho &#8211; Crit\u00e9rios para a concess\u00e3o de pr\u00e9mios pelos resultados desportivos obtidos pelos cidad\u00e3os deficientes<\/span><\/a><\/div>\n<\/div>\n","protected":false},"excerpt":{"rendered":"<p>Regulamenta\u00e7\u00e3o Administrativa e Outra Estatutos Regulamento Eleitoral Regulamento de Disciplina [&hellip;]<\/p>\n","protected":false},"author":1,"featured_media":0,"parent":525,"menu_order":4,"comment_status":"closed","ping_status":"closed","template":"","meta":{"footnotes":""},"_links":{"self":[{"href":"https:\/\/www.federacao-triatlo.pt\/ftp2015\/wp-json\/wp\/v2\/pages\/45"}],"collection":[{"href":"https:\/\/www.federacao-triatlo.pt\/ftp2015\/wp-json\/wp\/v2\/pages"}],"about":[{"href":"https:\/\/www.federacao-triatlo.pt\/ftp2015\/wp-json\/wp\/v2\/types\/page"}],"author":[{"embeddable":true,"href":"https:\/\/www.federacao-triatlo.pt\/ftp2015\/wp-json\/wp\/v2\/users\/1"}],"replies":[{"embeddable":true,"href":"https:\/\/www.federacao-triatlo.pt\/ftp2015\/wp-json\/wp\/v2\/comments?post=45"}],"version-history":[{"count":19,"href":"https:\/\/www.federacao-triatlo.pt\/ftp2015\/wp-json\/wp\/v2\/pages\/45\/revisions"}],"predecessor-version":[{"id":105082,"href":"https:\/\/www.federacao-triatlo.pt\/ftp2015\/wp-json\/wp\/v2\/pages\/45\/revisions\/105082"}],"up":[{"embeddable":true,"href":"https:\/\/www.federacao-triatlo.pt\/ftp2015\/wp-json\/wp\/v2\/pages\/525"}],"wp:attachment":[{"href":"https:\/\/www.federacao-triatlo.pt\/ftp2015\/wp-json\/wp\/v2\/media?parent=45"}],"curies":[{"name":"wp","href":"https:\/\/api.w.org\/{rel}","templated":true}]}}