{"id":43,"date":"2014-12-26T11:57:27","date_gmt":"2014-12-26T11:57:27","guid":{"rendered":"https:\/\/www.federacao-triatlo.pt\/ftp2015\/?page_id=43"},"modified":"2025-11-03T17:37:59","modified_gmt":"2025-11-03T17:37:59","slug":"orgaos-sociais","status":"publish","type":"page","link":"https:\/\/www.federacao-triatlo.pt\/ftp2015\/a-federacao\/orgaos-sociais\/","title":{"rendered":"Org\u00e3os Sociais"},"content":{"rendered":"<h2>Presidente<\/h2>\n<p>Fernando Feij\u00e3o<\/p>\n<p>&nbsp;<\/p>\n<h2>Dire\u00e7\u00e3o<\/h2>\n<p>Moura Branco<br \/>\nPedro Silva<br \/>\nFrancisco Reis<br \/>\nJo\u00e3o Pereira<br \/>\nJo\u00e3o Viegas<br \/>\nMafalda Barata<br \/>\nMiguel Lopes<br \/>\nAna Proen\u00e7a<\/p>\n<p>&nbsp;<\/p>\n<h2>Conselho de Arbitragem e Competi\u00e7\u00f5es<\/h2>\n<p>Manuel Raposeiro<br \/>\nAlexandre Fernandes<br \/>\nCristina R\u00eago<br \/>\nGra\u00e7a Corvinho<br \/>\nFatima Marques<br \/>\nVitor Gomes<br \/>\nAretino Mota<br \/>\nSandra Rito<\/p>\n<p>&nbsp;<\/p>\n<h2>Conselho de Disciplina<\/h2>\n<p>Vitor Silva<br \/>\nHumberto Lomba<br \/>\nRosa Raposeiro<br \/>\nAnt\u00f3nio Antunes<\/p>\n<p>&nbsp;<\/p>\n<h2>Assembleia Geral<\/h2>\n<p>Leandro Silva<br \/>\nAna Gomes<br \/>\nJoaquim Guedelha<\/p>\n<p>&nbsp;<\/p>\n<h2>Conselho de Justi\u00e7a<\/h2>\n<p>Paulo Rocha<br \/>\nSusana Loureiro<br \/>\nJo\u00e3o Rocha<br \/>\nManuel Serra<\/p>\n<p>&nbsp;<\/p>\n<h2>Conselho Fiscal<\/h2>\n<p>Pedro Ventaneira<br \/>\nJos\u00e9 Martins<br \/>\nTeresa S\u00e9rvulo<br \/>\nJo\u00e3o Santos<\/p>\n","protected":false},"excerpt":{"rendered":"<p>Presidente Fernando Feij\u00e3o &nbsp; Dire\u00e7\u00e3o Moura Branco Pedro Silva Francisco [&hellip;]<\/p>\n","protected":false},"author":1,"featured_media":0,"parent":525,"menu_order":2,"comment_status":"closed","ping_status":"closed","template":"","meta":{"footnotes":""},"_links":{"self":[{"href":"https:\/\/www.federacao-triatlo.pt\/ftp2015\/wp-json\/wp\/v2\/pages\/43"}],"collection":[{"href":"https:\/\/www.federacao-triatlo.pt\/ftp2015\/wp-json\/wp\/v2\/pages"}],"about":[{"href":"https:\/\/www.federacao-triatlo.pt\/ftp2015\/wp-json\/wp\/v2\/types\/page"}],"author":[{"embeddable":true,"href":"https:\/\/www.federacao-triatlo.pt\/ftp2015\/wp-json\/wp\/v2\/users\/1"}],"replies":[{"embeddable":true,"href":"https:\/\/www.federacao-triatlo.pt\/ftp2015\/wp-json\/wp\/v2\/comments?post=43"}],"version-history":[{"count":12,"href":"https:\/\/www.federacao-triatlo.pt\/ftp2015\/wp-json\/wp\/v2\/pages\/43\/revisions"}],"predecessor-version":[{"id":104697,"href":"https:\/\/www.federacao-triatlo.pt\/ftp2015\/wp-json\/wp\/v2\/pages\/43\/revisions\/104697"}],"up":[{"embeddable":true,"href":"https:\/\/www.federacao-triatlo.pt\/ftp2015\/wp-json\/wp\/v2\/pages\/525"}],"wp:attachment":[{"href":"https:\/\/www.federacao-triatlo.pt\/ftp2015\/wp-json\/wp\/v2\/media?parent=43"}],"curies":[{"name":"wp","href":"https:\/\/api.w.org\/{rel}","templated":true}]}}