{"id":41652,"date":"2018-11-29T10:47:33","date_gmt":"2018-11-29T10:47:33","guid":{"rendered":"https:\/\/www.federacao-triatlo.pt\/ftp2015\/?page_id=41652"},"modified":"2022-11-20T00:28:29","modified_gmt":"2022-11-20T00:28:29","slug":"licenciamento","status":"publish","type":"page","link":"https:\/\/www.federacao-triatlo.pt\/ftp2015\/triatlo-para-todos\/paratriatlo\/licenciamento\/","title":{"rendered":"Licenciamento"},"content":{"rendered":"<p class=\"p1\"><span class=\"s1\"><b>Licenciamento<\/b><\/span><\/p>\n<p class=\"p2\"><span class=\"s1\">O processo mant\u00e9m os passos descritos na <a href=\"https:\/\/www.federacao-triatlo.pt\/ftp2015\/clubes-e-atletas\/licenciamentos-2017\/\">\u00c1rea de Licenciamento<\/a>, exige apenas o acr\u00e9scimo do preenchimento do seguinte formul\u00e1rio: <a href=\"https:\/\/www.federacao-triatlo.pt\/ftp2015\/wp-content\/uploads\/2021\/04\/Ficha-de-Licenciamento-Paratriatlo-2021.pdf\">Ficha de Licenciamento Paratriatlo 2021<\/a><\/span><\/p>\n<p class=\"p2\"><span class=\"s1\">Atletas que j\u00e1 tenham classifica\u00e7\u00e3o atribu\u00edda pela ITU, n\u00e3o precisam de entregar o anexo do Formul\u00e1rio de Diagn\u00f3stico, basta preencher a Ficha de Licenciamento.<\/span><\/p>\n<p class=\"p3\">\n","protected":false},"excerpt":{"rendered":"<p>Licenciamento O processo mant\u00e9m os passos descritos na \u00c1rea de [&hellip;]<\/p>\n","protected":false},"author":10002,"featured_media":0,"parent":41647,"menu_order":3,"comment_status":"closed","ping_status":"closed","template":"","meta":{"footnotes":""},"_links":{"self":[{"href":"https:\/\/www.federacao-triatlo.pt\/ftp2015\/wp-json\/wp\/v2\/pages\/41652"}],"collection":[{"href":"https:\/\/www.federacao-triatlo.pt\/ftp2015\/wp-json\/wp\/v2\/pages"}],"about":[{"href":"https:\/\/www.federacao-triatlo.pt\/ftp2015\/wp-json\/wp\/v2\/types\/page"}],"author":[{"embeddable":true,"href":"https:\/\/www.federacao-triatlo.pt\/ftp2015\/wp-json\/wp\/v2\/users\/10002"}],"replies":[{"embeddable":true,"href":"https:\/\/www.federacao-triatlo.pt\/ftp2015\/wp-json\/wp\/v2\/comments?post=41652"}],"version-history":[{"count":2,"href":"https:\/\/www.federacao-triatlo.pt\/ftp2015\/wp-json\/wp\/v2\/pages\/41652\/revisions"}],"predecessor-version":[{"id":89086,"href":"https:\/\/www.federacao-triatlo.pt\/ftp2015\/wp-json\/wp\/v2\/pages\/41652\/revisions\/89086"}],"up":[{"embeddable":true,"href":"https:\/\/www.federacao-triatlo.pt\/ftp2015\/wp-json\/wp\/v2\/pages\/41647"}],"wp:attachment":[{"href":"https:\/\/www.federacao-triatlo.pt\/ftp2015\/wp-json\/wp\/v2\/media?parent=41652"}],"curies":[{"name":"wp","href":"https:\/\/api.w.org\/{rel}","templated":true}]}}