{"id":39,"date":"2014-12-26T11:53:44","date_gmt":"2014-12-26T11:53:44","guid":{"rendered":"https:\/\/www.federacao-triatlo.pt\/ftp2015\/?page_id=39"},"modified":"2025-06-24T14:08:18","modified_gmt":"2025-06-24T13:08:18","slug":"apresentacao-ftp","status":"publish","type":"page","link":"https:\/\/www.federacao-triatlo.pt\/ftp2015\/a-federacao\/apresentacao-ftp\/","title":{"rendered":"Apresenta\u00e7\u00e3o FTP"},"content":{"rendered":"<p>A <strong>Federa\u00e7\u00e3o de Triatlo de Portugal<\/strong>, que usa a abreviatura FTP, nasceu a <strong>16 de outubro de 1989<\/strong>, sucedendo \u00e0 Associa\u00e7\u00e3o Portuguesa de Triatlo, criada dois anos antes. A sua sede situa-se na Alameda do Sabugueiro, 1B, Murganhal, em Caxias.<\/p>\n<p>Com <strong>estatuto de utilidade p\u00fablica desportiva<\/strong>, a FTP \u00e9 membro da <a href=\"https:\/\/europe.triathlon.org\/\" target=\"_blank\" rel=\"noopener\">European Triathlon Union<\/a> (ETU) e da <a href=\"https:\/\/www.triathlon.org\/\" target=\"_blank\" rel=\"noopener\">World Triathlon<\/a> (WT), respetivamente, as federa\u00e7\u00f5es europeia e mundial de triatlo. Tamb\u00e9m \u00e9 membro do <a href=\"https:\/\/comiteolimpicoportugal.pt\/\" target=\"_blank\" rel=\"noopener\">Comit\u00e9 Ol\u00edmpico de Portugal<\/a> (COP), com assento na respectiva Assembleia Plen\u00e1ria, e membro fundador da <a href=\"https:\/\/www.cdp.pt\/\" target=\"_blank\" rel=\"noopener\">Confedera\u00e7\u00e3o do Desporto de Portugal<\/a> (CDP).<\/p>\n<p>A principal miss\u00e3o da FTP \u00e9 <strong>promover, regulamentar, dirigir e expandir a pr\u00e1tica desportiva do triatlo e das modalidades afins \u2013 o duatlo e o aquatlo \u2013 em todo o territ\u00f3rio nacional, ao mesmo tempo garantir uma representa\u00e7\u00e3o condigna dos atletas portugueses em provas internacionais.<\/strong><\/p>\n<p>FTP tem cerca de <strong>4000 atletas filiados e 118 clubes associados<\/strong>. A modalidade tem crescido em Portugal, fruto naturalmente do trabalho realizado pela federa\u00e7\u00e3o nacional, mas tamb\u00e9m pelos clubes, a Associa\u00e7\u00e3o Regional da Madeira e dos A\u00e7ores e das autarquias e ainda o apoio das federa\u00e7\u00f5es europeia e mundial de Triatlo.<\/p>\n<p>A FTP representa a modalidade perante a <strong>Administra\u00e7\u00e3o P\u00fablica <\/strong>e as demais entidades p\u00fablicas e privadas, cabendo-lhe tamb\u00e9m <strong>organizar os respetivos quadros competitivos oficiais<\/strong> &#8211; campeonatos nacionais ou regionais \u2013 e atribuir os correspondentes t\u00edtulos.<\/p>\n<p>A composi\u00e7\u00e3o atual dos \u00f3rg\u00e3os sociais est\u00e1 dispon\u00edvel na <a href=\"https:\/\/www.federacao-triatlo.pt\/ftp2015\/a-federacao\/orgaos-sociais\/\">nesta p\u00e1gina<\/a> do site da FTP.<\/p>\n","protected":false},"excerpt":{"rendered":"<p>A Federa\u00e7\u00e3o de Triatlo de Portugal, que usa a abreviatura [&hellip;]<\/p>\n","protected":false},"author":1,"featured_media":0,"parent":525,"menu_order":1,"comment_status":"closed","ping_status":"closed","template":"","meta":{"footnotes":""},"_links":{"self":[{"href":"https:\/\/www.federacao-triatlo.pt\/ftp2015\/wp-json\/wp\/v2\/pages\/39"}],"collection":[{"href":"https:\/\/www.federacao-triatlo.pt\/ftp2015\/wp-json\/wp\/v2\/pages"}],"about":[{"href":"https:\/\/www.federacao-triatlo.pt\/ftp2015\/wp-json\/wp\/v2\/types\/page"}],"author":[{"embeddable":true,"href":"https:\/\/www.federacao-triatlo.pt\/ftp2015\/wp-json\/wp\/v2\/users\/1"}],"replies":[{"embeddable":true,"href":"https:\/\/www.federacao-triatlo.pt\/ftp2015\/wp-json\/wp\/v2\/comments?post=39"}],"version-history":[{"count":7,"href":"https:\/\/www.federacao-triatlo.pt\/ftp2015\/wp-json\/wp\/v2\/pages\/39\/revisions"}],"predecessor-version":[{"id":103201,"href":"https:\/\/www.federacao-triatlo.pt\/ftp2015\/wp-json\/wp\/v2\/pages\/39\/revisions\/103201"}],"up":[{"embeddable":true,"href":"https:\/\/www.federacao-triatlo.pt\/ftp2015\/wp-json\/wp\/v2\/pages\/525"}],"wp:attachment":[{"href":"https:\/\/www.federacao-triatlo.pt\/ftp2015\/wp-json\/wp\/v2\/media?parent=39"}],"curies":[{"name":"wp","href":"https:\/\/api.w.org\/{rel}","templated":true}]}}