{"id":105793,"date":"2026-01-23T12:57:56","date_gmt":"2026-01-23T12:57:56","guid":{"rendered":"https:\/\/www.federacao-triatlo.pt\/ftp2015\/?page_id=105793"},"modified":"2026-01-23T12:57:56","modified_gmt":"2026-01-23T12:57:56","slug":"controlo-de-treino","status":"publish","type":"page","link":"https:\/\/www.federacao-triatlo.pt\/ftp2015\/alto-rendimento\/controlo-de-treino\/","title":{"rendered":"Controlo de Treino"},"content":{"rendered":"<p><strong>Sele\u00e7\u00f5es Nacionais<\/strong><\/p>\n<p><strong>2020:<\/strong><\/p>\n<p><strong>Controlos de Treino<\/strong><\/p>\n<p><a href=\"https:\/\/www.federacao-triatlo.pt\/ftp2015\/wp-content\/uploads\/2019\/12\/2020_Controlos_Treino_FTP.pdf\">Controlos Treino FTP 2020<\/a><\/p>\n<p><a href=\"https:\/\/www.federacao-triatlo.pt\/ftp2015\/wp-content\/uploads\/2019\/12\/20191214_Resultados_Controlo_Treino_1_2020.pdf\">Resultados 1\u00ba Controlo de Treino de 2020<\/a><\/p>\n<p><strong>2019:<\/strong><\/p>\n<p><strong>Resultados Candidaturas CAR Jamor 2019-2020<\/strong><\/p>\n<p><a href=\"https:\/\/www.federacao-triatlo.pt\/ftp2015\/wp-content\/uploads\/2019\/11\/Resultados-Candidaturas-CAR-Jamor-2019-2020.pdf\">Resultados Candidaturas CAR Jamor 2019-2020<\/a><\/p>\n<p><strong>Controlos de Treino<\/strong><\/p>\n<p>Controlo de Treino Janeiro<\/p>\n<p><a href=\"https:\/\/www.federacao-triatlo.pt\/ftp2015\/wp-content\/uploads\/2019\/02\/20190112_Regulamento_Contro_Treino_Inicial_\u00c9poca.pdf\" target=\"_blank\" rel=\"noopener noreferrer\">Regulamento Controlo de Treino Janeiro<\/a><\/p>\n<p><a href=\"https:\/\/www.federacao-triatlo.pt\/ftp2015\/wp-content\/uploads\/2019\/02\/20190112_Resultados_Totais_Controlo_Treino_Janeiro.pdf\" target=\"_blank\" rel=\"noopener noreferrer\">Resultados Controlo de Treino Janeiro<\/a><\/p>\n<p>Controlo de Treino Fevereiro<\/p>\n<p><a href=\"https:\/\/www.federacao-triatlo.pt\/ftp2015\/wp-content\/uploads\/2019\/02\/20190209_Regulamento_Controlo_Treino_Fevereiro.pdf\" target=\"_blank\" rel=\"noopener noreferrer\">Regulamento Controlo de Treino Fevereiro<\/a><\/p>\n<p><a href=\"https:\/\/www.federacao-triatlo.pt\/ftp2015\/wp-content\/uploads\/2019\/02\/20190209_Controlo_Treino_FTP_Resultados_Nata\u00e7\u00e3o_e_Atletismo_Fevereiro_2019.pdf\" target=\"_blank\" rel=\"noopener noreferrer\">Resultados Controlo de Treino Fevereiro &#8211; Nata\u00e7\u00e3o e Corrida<\/a><\/p>\n<p><a href=\"https:\/\/www.federacao-triatlo.pt\/ftp2015\/wp-content\/uploads\/2019\/02\/20190209_Controlo_Treino_FTP_Resultados_Ciclismo_Fevereiro_2019.pdf\" target=\"_blank\" rel=\"noopener noreferrer\">Resultados Controlo de Treino Fevereiro &#8211; Ciclismo<\/a><\/p>\n<p><strong>2018:<\/strong><\/p>\n<p>Resultados Controlo do treino &#8211; 20 de Janeiro de 2018:\u00a0<strong><a href=\"https:\/\/www.federacao-triatlo.pt\/ftp2015\/wp-content\/uploads\/2018\/01\/Controlo-de-Treino-2018-Cadetes-Juniores.pdf\" target=\"_blank\" rel=\"noopener noreferrer\">Controlo de Treino 2018 &#8211; Cadetes &amp; Juniores<\/a>\u00a0<\/strong>|\u00a0<strong><a href=\"https:\/\/www.federacao-triatlo.pt\/ftp2015\/wp-content\/uploads\/2018\/01\/Controlo-de-Treino-2018-S23-Elite.pdf\" target=\"_blank\" rel=\"noopener noreferrer\">Controlo de Treino 2018 &#8211; S23 &amp; Elite<\/a><\/strong><\/p>\n<p>Os principais objetivos da temporada 2018 passam por:<\/p>\n<ul>\n<li>Colocar no Ranking ITU um lote de atletas, identificados nos anos anteriores, com potencial e perfil adequado para os Jogos Ol\u00edmpicos 2020;<\/li>\n<li>Proporcionar experi\u00eancia internacional a atletas jovens e promissores com o perfil adequado para os Jogos Ol\u00edmpicos 2024;<\/li>\n<li>Obter resultados de relevo nos Campeonatos da Europa e do Mundo dos diferentes escal\u00f5es (Youth, J\u00fanior, Sub23 e Elite).<\/li>\n<\/ul>\n<p>Desta forma, os grupos de trabalho a constituir ser\u00e3o os seguintes:<\/p>\n<ul>\n<li>Projeto Ol\u00edmpico FTP \u2013 N\u00edvel 1;<\/li>\n<li>Projeto Ol\u00edmpico FTP \u2013 N\u00edvel 2;<\/li>\n<li>Projeto Ol\u00edmpico FTP \u2013 N\u00edvel 3;<\/li>\n<li>Sele\u00e7\u00f5es Nacionais de Triatlo \u2013 S\u00e9nior, Sub23, J\u00fanior, Juvenil;<\/li>\n<li>Sele\u00e7\u00e3o Nacional de Triatlo Longo;<\/li>\n<li>Sele\u00e7\u00e3o Nacional de Duatlo;<\/li>\n<li>Sele\u00e7\u00e3o Nacional de Paratriatlo.<\/li>\n<\/ul>\n<p>Os atletas integrados nos N\u00edveis 1, 2 e 3, \u00e0 merc\u00ea dos resultados desportivos alcan\u00e7ados em 2017, beneficiar\u00e3o de um conjunto de apoios \u00e0 prepara\u00e7\u00e3o e participa\u00e7\u00e3o que s\u00e3o fun\u00e7\u00e3o do n\u00edvel:\u00a0<strong><a href=\"https:\/\/www.federacao-triatlo.pt\/ftp2015\/wp-content\/uploads\/2018\/01\/Crit\u00e9rios-diretos-de-sele\u00e7\u00e3o-obtidos-em-provas-de-2017-e-2018-2.pdf\" target=\"_blank\" rel=\"noopener noreferrer\">Crit\u00e9rios diretos de sele\u00e7\u00e3o obtidos em provas de 2017 e 2018<\/a><\/strong><\/p>\n","protected":false},"excerpt":{"rendered":"<p>Sele\u00e7\u00f5es Nacionais 2020: Controlos de Treino Controlos Treino FTP 2020 [&hellip;]<\/p>\n","protected":false},"author":19202,"featured_media":0,"parent":531,"menu_order":0,"comment_status":"closed","ping_status":"closed","template":"","meta":{"footnotes":""},"_links":{"self":[{"href":"https:\/\/www.federacao-triatlo.pt\/ftp2015\/wp-json\/wp\/v2\/pages\/105793"}],"collection":[{"href":"https:\/\/www.federacao-triatlo.pt\/ftp2015\/wp-json\/wp\/v2\/pages"}],"about":[{"href":"https:\/\/www.federacao-triatlo.pt\/ftp2015\/wp-json\/wp\/v2\/types\/page"}],"author":[{"embeddable":true,"href":"https:\/\/www.federacao-triatlo.pt\/ftp2015\/wp-json\/wp\/v2\/users\/19202"}],"replies":[{"embeddable":true,"href":"https:\/\/www.federacao-triatlo.pt\/ftp2015\/wp-json\/wp\/v2\/comments?post=105793"}],"version-history":[{"count":1,"href":"https:\/\/www.federacao-triatlo.pt\/ftp2015\/wp-json\/wp\/v2\/pages\/105793\/revisions"}],"predecessor-version":[{"id":105794,"href":"https:\/\/www.federacao-triatlo.pt\/ftp2015\/wp-json\/wp\/v2\/pages\/105793\/revisions\/105794"}],"up":[{"embeddable":true,"href":"https:\/\/www.federacao-triatlo.pt\/ftp2015\/wp-json\/wp\/v2\/pages\/531"}],"wp:attachment":[{"href":"https:\/\/www.federacao-triatlo.pt\/ftp2015\/wp-json\/wp\/v2\/media?parent=105793"}],"curies":[{"name":"wp","href":"https:\/\/api.w.org\/{rel}","templated":true}]}}