{"id":105346,"date":"2026-01-15T09:40:49","date_gmt":"2026-01-15T09:40:49","guid":{"rendered":"https:\/\/www.federacao-triatlo.pt\/ftp2015\/?page_id=105346"},"modified":"2026-03-10T17:33:00","modified_gmt":"2026-03-10T17:33:00","slug":"licenciamentos-2026","status":"publish","type":"page","link":"https:\/\/www.federacao-triatlo.pt\/ftp2015\/clubes-e-atletas\/licenciamentos-2026\/","title":{"rendered":"Licenciamentos 2026"},"content":{"rendered":"<p><div class=\"fusion-fullwidth fullwidth-box fusion-builder-row-1 fusion-flex-container nonhundred-percent-fullwidth non-hundred-percent-height-scrolling\" style=\"--awb-border-radius-top-left:0px;--awb-border-radius-top-right:0px;--awb-border-radius-bottom-right:0px;--awb-border-radius-bottom-left:0px;--awb-background-color:var(--awb-color1);--awb-flex-wrap:wrap;\" ><div class=\"fusion-builder-row fusion-row fusion-flex-align-items-flex-start fusion-flex-content-wrap\" style=\"max-width:1476px;margin-left: calc(-23% \/ 2 );margin-right: calc(-23% \/ 2 );\"><div class=\"fusion-layout-column fusion_builder_column fusion-builder-column-0 fusion_builder_column_1_1 1_1 fusion-flex-column\" style=\"--awb-bg-blend:overlay;--awb-bg-size:cover;--awb-width-large:100%;--awb-margin-top-large:0px;--awb-spacing-right-large:8.855%;--awb-margin-bottom-large:0px;--awb-spacing-left-large:8.855%;--awb-width-medium:100%;--awb-spacing-right-medium:8.855%;--awb-spacing-left-medium:8.855%;--awb-width-small:100%;--awb-spacing-right-small:8.855%;--awb-spacing-left-small:8.855%;\"><div class=\"fusion-column-wrapper fusion-flex-justify-content-center fusion-content-layout-column\"><div class=\"fusion-text fusion-text-1 titulo-licenciamento\" style=\"--awb-text-color:#000000;\"><h1 class=\"fusion-text titulo-licenciamento\" style=\"text-align: center; letter-spacing: 0.3rem; line-height: 1.41;\" data-fontsize=\"40\" data-lineheight=\"56.4px\"><strong><span style=\"color: #000000;\">LICENCIAMENTOS<\/span><\/strong><\/h1>\n<p style=\"text-align: center;\"><span style=\"color: #000000;\">Tudo o que precisa para competir na \u00e9poca 2026<\/span><\/p>\n<\/div><div class=\"fusion-image-element \" style=\"text-align:center;--awb-caption-title-font-family:var(--h2_typography-font-family);--awb-caption-title-font-weight:var(--h2_typography-font-weight);--awb-caption-title-font-style:var(--h2_typography-font-style);--awb-caption-title-size:var(--h2_typography-font-size);--awb-caption-title-transform:var(--h2_typography-text-transform);--awb-caption-title-line-height:var(--h2_typography-line-height);--awb-caption-title-letter-spacing:var(--h2_typography-letter-spacing);\"><span class=\" fusion-imageframe imageframe-none imageframe-1 hover-type-none\"><img decoding=\"async\" width=\"300\" height=\"100\" title=\"linha_baixo\" src=\"https:\/\/www.federacao-triatlo.pt\/ftp2015\/wp-content\/uploads\/2026\/01\/linha_baixo.png\" alt class=\"img-responsive wp-image-105337\" srcset=\"https:\/\/www.federacao-triatlo.pt\/ftp2015\/wp-content\/uploads\/2026\/01\/linha_baixo-200x67.png 200w, https:\/\/www.federacao-triatlo.pt\/ftp2015\/wp-content\/uploads\/2026\/01\/linha_baixo.png 300w\" sizes=\"(max-width: 1024px) 100vw, (max-width: 640px) 100vw, 300px\" \/><\/span><\/div><nav class=\"awb-menu awb-menu_row awb-menu_em-click mobile-mode-always-expanded awb-menu_icons-left awb-menu_dc-yes mobile-trigger-fullwidth-off awb-menu_mobile-toggle awb-menu_indent-center loading mega-menu-loading awb-menu_desktop awb-menu_dropdown awb-menu_expand-right awb-menu_transition-slide_up\" style=\"--awb-font-size:18px;--awb-line-height:1em;--awb-margin-top:12px;--awb-margin-bottom:12px;--awb-text-transform:capitalize;--awb-min-height:0px;--awb-bg:rgba(255,255,255,0);--awb-border-radius-top-left:24px;--awb-border-radius-top-right:24px;--awb-border-radius-bottom-right:24px;--awb-border-radius-bottom-left:24px;--awb-gap:20px;--awb-align-items:flex-end;--awb-justify-content:center;--awb-items-padding-top:12px;--awb-items-padding-right:20px;--awb-items-padding-bottom:12px;--awb-items-padding-left:20px;--awb-border-color:rgba(255,255,255,0);--awb-color:#000000;--awb-letter-spacing:0px;--awb-active-color:#842e00;--awb-active-bg:#f7f2ed;--awb-active-border-color:rgba(255,255,255,0);--awb-submenu-color:#0d0e0f;--awb-submenu-bg:#ffffff;--awb-submenu-sep-color:rgba(220,220,214,0);--awb-submenu-border-radius-top-left:12px;--awb-submenu-border-radius-top-right:12px;--awb-submenu-border-radius-bottom-right:12px;--awb-submenu-border-radius-bottom-left:12px;--awb-submenu-active-bg:#ffffff;--awb-submenu-active-color:#842e00;--awb-submenu-font-size:18px;--awb-submenu-text-transform:var(--awb-typography4-text-transform);--awb-submenu-line-height:1.5em;--awb-submenu-letter-spacing:0px;--awb-icons-color:var(--awb-custom_color_3);--awb-icons-hover-color:#842e00;--awb-main-justify-content:flex-start;--awb-mobile-nav-button-align-hor:flex-end;--awb-mobile-bg:var(--awb-color1);--awb-mobile-color:var(--awb-custom12);--awb-mobile-active-bg:#f7f2ed;--awb-mobile-active-color:#842e00;--awb-mobile-trigger-color:#0d0e0f;--awb-mobile-font-size:18px;--awb-mobile-text-transform:capitalize;--awb-mobile-line-height:1em;--awb-mobile-letter-spacing:0px;--awb-mobile-sep-color:var(--awb-custom_color_1);--awb-mobile-justify:center;--awb-mobile-caret-left:auto;--awb-mobile-caret-right:0;--awb-box-shadow:0px 5px 12px -4px rgba(12,13,14,0.05);;--awb-fusion-font-family-typography:&quot;Kantumruy Pro&quot;;--awb-fusion-font-style-typography:normal;--awb-fusion-font-weight-typography:500;--awb-fusion-font-family-submenu-typography:&quot;Kantumruy Pro&quot;;--awb-fusion-font-style-submenu-typography:normal;--awb-fusion-font-weight-submenu-typography:400;--awb-fusion-font-family-mobile-typography:&quot;Alexandria&quot;;--awb-fusion-font-style-mobile-typography:normal;--awb-fusion-font-weight-mobile-typography:500;\" aria-label=\"Licenciamentos\" data-breakpoint=\"1024\" data-count=\"0\" data-transition-type=\"fade\" data-transition-time=\"300\"><button type=\"button\" class=\"awb-menu__m-toggle awb-menu__m-toggle_no-text\" aria-expanded=\"false\" aria-controls=\"menu-licenciamentos\"><span class=\"awb-menu__m-toggle-inner\"><span class=\"collapsed-nav-text\"><span class=\"screen-reader-text\">Toggle Navigation<\/span><\/span><span class=\"awb-menu__m-collapse-icon awb-menu__m-collapse-icon_no-text\"><span class=\"awb-menu__m-collapse-icon-open awb-menu__m-collapse-icon-open_no-text fa-times fas\"><\/span><span class=\"awb-menu__m-collapse-icon-close awb-menu__m-collapse-icon-close_no-text fa-times fas\"><\/span><\/span><\/span><\/button><ul id=\"menu-licenciamentos\" class=\"fusion-menu awb-menu__main-ul awb-menu__main-ul_row\"><li  id=\"menu-item-105770\"  class=\"menu-item menu-item-type-post_type menu-item-object-page menu-item-105770 awb-menu__li awb-menu__main-li awb-menu__main-li_regular\"  data-item-id=\"105770\"><span class=\"awb-menu__main-background-default awb-menu__main-background-default_fade\"><\/span><span class=\"awb-menu__main-background-active awb-menu__main-background-active_fade\"><\/span><a  href=\"https:\/\/www.federacao-triatlo.pt\/ftp2015\/clubes-e-atletas\/licenciamentos-2026\/\" class=\"awb-menu__main-a awb-menu__main-a_regular\"><span class=\"menu-text\">Porqu\u00ea Licenciar?<\/span><\/a><\/li><li  id=\"menu-item-105761\"  class=\"menu-item menu-item-type-post_type menu-item-object-page menu-item-105761 awb-menu__li awb-menu__main-li awb-menu__main-li_regular\"  data-item-id=\"105761\"><span class=\"awb-menu__main-background-default awb-menu__main-background-default_fade\"><\/span><span class=\"awb-menu__main-background-active awb-menu__main-background-active_fade\"><\/span><a  href=\"https:\/\/www.federacao-triatlo.pt\/ftp2015\/clubes-e-atletas\/licenciamentos-2026\/atletas\/\" class=\"awb-menu__main-a awb-menu__main-a_regular\"><span class=\"menu-text\">Atletas<\/span><\/a><\/li><li  id=\"menu-item-105765\"  class=\"menu-item menu-item-type-post_type menu-item-object-page menu-item-105765 awb-menu__li awb-menu__main-li awb-menu__main-li_regular\"  data-item-id=\"105765\"><span class=\"awb-menu__main-background-default awb-menu__main-background-default_fade\"><\/span><span class=\"awb-menu__main-background-active awb-menu__main-background-active_fade\"><\/span><a  href=\"https:\/\/www.federacao-triatlo.pt\/ftp2015\/clubes-e-atletas\/licenciamentos-2026\/clubes\/\" class=\"awb-menu__main-a awb-menu__main-a_regular\"><span class=\"menu-text\">Clubes<\/span><\/a><\/li><li  id=\"menu-item-105767\"  class=\"menu-item menu-item-type-post_type menu-item-object-page menu-item-105767 awb-menu__li awb-menu__main-li awb-menu__main-li_regular\"  data-item-id=\"105767\"><span class=\"awb-menu__main-background-default awb-menu__main-background-default_fade\"><\/span><span class=\"awb-menu__main-background-active awb-menu__main-background-active_fade\"><\/span><a  href=\"https:\/\/www.federacao-triatlo.pt\/ftp2015\/clubes-e-atletas\/licenciamentos-2026\/documentos-licenciamento\/\" class=\"awb-menu__main-a awb-menu__main-a_regular\"><span class=\"menu-text\">Documentos<\/span><\/a><\/li><li  id=\"menu-item-105764\"  class=\"menu-item menu-item-type-post_type menu-item-object-page menu-item-105764 awb-menu__li awb-menu__main-li awb-menu__main-li_regular\"  data-item-id=\"105764\"><span class=\"awb-menu__main-background-default awb-menu__main-background-default_fade\"><\/span><span class=\"awb-menu__main-background-active awb-menu__main-background-active_fade\"><\/span><a  href=\"https:\/\/www.federacao-triatlo.pt\/ftp2015\/clubes-e-atletas\/licenciamentos-2026\/licenciamento-faq\/\" class=\"awb-menu__main-a awb-menu__main-a_regular\"><span class=\"menu-text\">FAQ<\/span><\/a><\/li><\/ul><\/nav><\/div><\/div><\/div><\/div><div class=\"fusion-fullwidth fullwidth-box fusion-builder-row-2 fusion-flex-container has-pattern-background has-mask-background nonhundred-percent-fullwidth non-hundred-percent-height-scrolling\" style=\"--awb-border-radius-top-left:0px;--awb-border-radius-top-right:0px;--awb-border-radius-bottom-right:0px;--awb-border-radius-bottom-left:0px;--awb-flex-wrap:wrap;\" ><div class=\"fusion-builder-row fusion-row fusion-flex-align-items-flex-start fusion-flex-content-wrap\" style=\"max-width:1476px;margin-left: calc(-23% \/ 2 );margin-right: calc(-23% \/ 2 );\"><div class=\"fusion-layout-column fusion_builder_column fusion-builder-column-1 fusion_builder_column_1_1 1_1 fusion-flex-column\" style=\"--awb-bg-size:cover;--awb-width-large:100%;--awb-margin-top-large:0px;--awb-spacing-right-large:8.855%;--awb-margin-bottom-large:20px;--awb-spacing-left-large:8.855%;--awb-width-medium:100%;--awb-order-medium:0;--awb-spacing-right-medium:8.855%;--awb-spacing-left-medium:8.855%;--awb-width-small:100%;--awb-order-small:0;--awb-spacing-right-small:8.855%;--awb-spacing-left-small:8.855%;\"><div class=\"fusion-column-wrapper fusion-column-has-shadow fusion-flex-justify-content-flex-start fusion-content-layout-column\"><section class=\"ftp-porque-licenciar\">\n  <h2><b>Porqu\u00ea Licenciar?<\/b><\/h2>\n  <p class=\"subtitle\">\n    Ao licenciar-se na Federa\u00e7\u00e3o de Triatlo de Portugal tem acesso a vantagens\n    essenciais para competir com seguran\u00e7a, reconhecimento e apoio institucional.\n  <\/p>\n\n  <div class=\"ftp-benefits-grid\">\n\n    <div class=\"ftp-benefit\">\n  <div class=\"ftp-benefit-icon\">\n    <i class=\"fas fa-shield-alt\"><\/i>\n  <\/div>\n  <h3>Seguro Desportivo<\/h3>\n  <p>Cobertura em treino e competi\u00e7\u00e3o nas tr\u00eas disciplinas do triatlo.<\/p>\n<\/div>\n\n<div class=\"ftp-benefit\">\n  <div class=\"ftp-benefit-icon\">\n    <i class=\"fas fa-trophy\"><\/i>\n  <\/div>\n  <h3>Rankings & Campeonatos<\/h3>\n  <p>Inclus\u00e3o nos rankings nacionais e acesso aos Campeonatos Nacionais.<\/p>\n<\/div>\n\n<div class=\"ftp-benefit\">\n  <div class=\"ftp-benefit-icon\">\n    <i class=\"fas fa-user-md\"><\/i>\n  <\/div>\n  <h3>Gabinete M\u00e9dico FTP<\/h3>\n  <p>Acompanhamento m\u00e9dico especializado ao servi\u00e7o dos atletas federados.<\/p>\n<\/div>\n\n<div class=\"ftp-benefit\">\n  <div class=\"ftp-benefit-icon\">\n    <i class=\"fas fa-globe-europe\"><\/i>\n  <\/div>\n  <h3>Europa & Mundo<\/h3>\n  <p>Possibilidade de representar Portugal em provas internacionais (Age Groups).<\/p>\n<\/div>\n\n<div class=\"ftp-benefit\">\n  <div class=\"ftp-benefit-icon\">\n    <i class=\"fas fa-tshirt\"><\/i>\n  <\/div>\n  <h3>Kit de Competi\u00e7\u00e3o<\/h3>\n  <p>Chip, dorsal, touca e placa de bicicleta para competi\u00e7\u00f5es oficiais.<\/p>\n<\/div>\n\n<div class=\"ftp-benefit\">\n  <div class=\"ftp-benefit-icon\">\n    <i class=\"fas fa-hand-holding-usd\"><\/i>\n  <\/div>\n  <h3>Parcerias Oficiais<\/h3>\n  <p>Acesso a produtos e servi\u00e7os a pre\u00e7os privilegiados.<\/p>\n<\/div>\n\n  <\/div>\n<\/section>\n<div class=\"fusion-alert alert custom alert-custom fusion-alert-left awb-alert-native-link-color\" style=\"--awb-background-color:var(--awb-custom_color_2);--awb-accent-color:var(--awb-custom_color_3);--awb-border-size:0px;--awb-border-top-left-radius:0px;--awb-border-top-right-radius:0px;--awb-border-bottom-left-radius:0px;--awb-border-bottom-right-radius:0px;--awb-margin-top:16px;--awb-margin-bottom:16px;\" role=\"alert\"><div class=\"fusion-alert-content-wrapper\"><span class=\"alert-icon\"><i class=\"fa-bell far\" aria-hidden=\"true\"><\/i><\/span><span class=\"fusion-alert-content\">As <strong>licen\u00e7as de 2026<\/strong> ser\u00e3o v\u00e1lidas do dia 1 de janeiro de 2026 at\u00e9 ao dia 31 de dezembro de 2026.<br \/>\nO per\u00edodo normal de renova\u00e7\u00e3o de licen\u00e7as decorrer\u00e1 entre 15 de novembro de 2025 e 14 de novembro de 2026.<\/span><\/div><\/div><\/div><\/div><\/div><\/div><\/p>\n","protected":false},"excerpt":{"rendered":"","protected":false},"author":19202,"featured_media":0,"parent":527,"menu_order":1,"comment_status":"closed","ping_status":"closed","template":"","meta":{"footnotes":""},"_links":{"self":[{"href":"https:\/\/www.federacao-triatlo.pt\/ftp2015\/wp-json\/wp\/v2\/pages\/105346"}],"collection":[{"href":"https:\/\/www.federacao-triatlo.pt\/ftp2015\/wp-json\/wp\/v2\/pages"}],"about":[{"href":"https:\/\/www.federacao-triatlo.pt\/ftp2015\/wp-json\/wp\/v2\/types\/page"}],"author":[{"embeddable":true,"href":"https:\/\/www.federacao-triatlo.pt\/ftp2015\/wp-json\/wp\/v2\/users\/19202"}],"replies":[{"embeddable":true,"href":"https:\/\/www.federacao-triatlo.pt\/ftp2015\/wp-json\/wp\/v2\/comments?post=105346"}],"version-history":[{"count":62,"href":"https:\/\/www.federacao-triatlo.pt\/ftp2015\/wp-json\/wp\/v2\/pages\/105346\/revisions"}],"predecessor-version":[{"id":106429,"href":"https:\/\/www.federacao-triatlo.pt\/ftp2015\/wp-json\/wp\/v2\/pages\/105346\/revisions\/106429"}],"up":[{"embeddable":true,"href":"https:\/\/www.federacao-triatlo.pt\/ftp2015\/wp-json\/wp\/v2\/pages\/527"}],"wp:attachment":[{"href":"https:\/\/www.federacao-triatlo.pt\/ftp2015\/wp-json\/wp\/v2\/media?parent=105346"}],"curies":[{"name":"wp","href":"https:\/\/api.w.org\/{rel}","templated":true}]}}