{"id":100729,"date":"2024-08-09T19:54:55","date_gmt":"2024-08-09T18:54:55","guid":{"rendered":"https:\/\/www.federacao-triatlo.pt\/ftp2015\/?page_id=100729"},"modified":"2026-03-16T11:16:46","modified_gmt":"2026-03-16T11:16:46","slug":"clubes","status":"publish","type":"page","link":"https:\/\/www.federacao-triatlo.pt\/ftp2015\/clubes-e-atletas\/clubes\/","title":{"rendered":"Clubes de Triatlo"},"content":{"rendered":"<div class=\"fusion-fullwidth fullwidth-box fusion-builder-row-1 fusion-flex-container nonhundred-percent-fullwidth non-hundred-percent-height-scrolling\" style=\"--awb-border-radius-top-left:0px;--awb-border-radius-top-right:0px;--awb-border-radius-bottom-right:0px;--awb-border-radius-bottom-left:0px;--awb-flex-wrap:wrap;\" ><div class=\"fusion-builder-row fusion-row fusion-flex-align-items-flex-start fusion-flex-content-wrap\" style=\"max-width:1476px;margin-left: calc(-23% \/ 2 );margin-right: calc(-23% \/ 2 );\"><div class=\"fusion-layout-column fusion_builder_column fusion-builder-column-0 fusion_builder_column_1_1 1_1 fusion-flex-column\" style=\"--awb-bg-size:cover;--awb-width-large:100%;--awb-margin-top-large:0px;--awb-spacing-right-large:8.855%;--awb-margin-bottom-large:0px;--awb-spacing-left-large:8.855%;--awb-width-medium:100%;--awb-spacing-right-medium:8.855%;--awb-spacing-left-medium:8.855%;--awb-width-small:100%;--awb-spacing-right-small:8.855%;--awb-spacing-left-small:8.855%;\"><div class=\"fusion-column-wrapper fusion-flex-justify-content-flex-start fusion-content-layout-column\"><div class=\"fusion-text fusion-text-1\"><div class=\"columns\">\n<div class=\"column\"><img decoding=\"async\" class=\"alignnone wp-image-105136 size-full\" src=\"https:\/\/www.federacao-triatlo.pt\/ftp2015\/wp-content\/uploads\/2026\/01\/mapa-regioes-douro-norte-2026.png\" alt=\"Mapa de Regi\u00f5es da Federa\u00e7\u00e3o de Triatlo de Portugal - Douro Norte\" width=\"1600\" height=\"900\" srcset=\"https:\/\/www.federacao-triatlo.pt\/ftp2015\/wp-content\/uploads\/2026\/01\/mapa-regioes-douro-norte-2026-200x113.png 200w, https:\/\/www.federacao-triatlo.pt\/ftp2015\/wp-content\/uploads\/2026\/01\/mapa-regioes-douro-norte-2026-300x169.png 300w, https:\/\/www.federacao-triatlo.pt\/ftp2015\/wp-content\/uploads\/2026\/01\/mapa-regioes-douro-norte-2026-400x225.png 400w, https:\/\/www.federacao-triatlo.pt\/ftp2015\/wp-content\/uploads\/2026\/01\/mapa-regioes-douro-norte-2026-600x338.png 600w, https:\/\/www.federacao-triatlo.pt\/ftp2015\/wp-content\/uploads\/2026\/01\/mapa-regioes-douro-norte-2026-768x432.png 768w, https:\/\/www.federacao-triatlo.pt\/ftp2015\/wp-content\/uploads\/2026\/01\/mapa-regioes-douro-norte-2026-800x450.png 800w, https:\/\/www.federacao-triatlo.pt\/ftp2015\/wp-content\/uploads\/2026\/01\/mapa-regioes-douro-norte-2026-1024x576.png 1024w, https:\/\/www.federacao-triatlo.pt\/ftp2015\/wp-content\/uploads\/2026\/01\/mapa-regioes-douro-norte-2026-1200x675.png 1200w, https:\/\/www.federacao-triatlo.pt\/ftp2015\/wp-content\/uploads\/2026\/01\/mapa-regioes-douro-norte-2026-1536x864.png 1536w, https:\/\/www.federacao-triatlo.pt\/ftp2015\/wp-content\/uploads\/2026\/01\/mapa-regioes-douro-norte-2026.png 1600w\" sizes=\"(max-width: 1600px) 100vw, 1600px\" \/><\/div>\n<div class=\"column\">\n<div class=\"table-container\">\n<table class=\"table is-narrow is-striped is-hoverable\">\n<thead>\n<tr>\n<th>Clube<\/th>\n<th>Localidade<\/th>\n<th>Municipio<\/th>\n<\/tr>\n<\/thead>\n<tbody>\n<tr>\n<td>ACRV<\/td>\n<td>Valega<\/td>\n<td>Ovar<\/td>\n<\/tr>\n<tr>\n<td>AEJ Triatlo<\/td>\n<td>S. Jo\u00e3o da Madeira<\/td>\n<td>S. Jo\u00e3o da Madeira<\/td>\n<\/tr>\n<tr>\n<td>Associa\u00e7\u00e3o Acad\u00e9mica de S\u00e3o Mamede<\/td>\n<td>S\u00e3o Mamede de Infesta<\/td>\n<td>Matosinhos<\/td>\n<\/tr>\n<tr>\n<td>Associa\u00e7\u00e3o Beat Your Limit!<\/td>\n<td>Le\u00e7a da Palmeira<\/td>\n<td>Matosinhos<\/td>\n<\/tr>\n<tr>\n<td>Associa\u00e7\u00e3o Lince Triathlon<\/td>\n<td>Nogueira da Maia<\/td>\n<td>Maia<\/td>\n<\/tr>\n<tr>\n<td>Boavista FC<\/td>\n<td>Porto<\/td>\n<td>Porto<\/td>\n<\/tr>\n<tr>\n<td>CAPGE<\/td>\n<td>Gafanha da Encarna\u00e7\u00e3o<\/td>\n<td>\u00cdlhavo<\/td>\n<\/tr>\n<tr>\n<td>Clube de Triatlo de Viseu<\/td>\n<td>Abraveses<\/td>\n<td>Viseu<\/td>\n<\/tr>\n<tr>\n<td>Clube dos Galitos<\/td>\n<td>Aveiro<\/td>\n<td>Aveiro<\/td>\n<\/tr>\n<tr>\n<td>Clube Fluvial Vilacondense<\/td>\n<td>Vila do Conde<\/td>\n<td>Vila do Conde<\/td>\n<\/tr>\n<tr>\n<td>Clube Zupper<\/td>\n<td>Ermesinde<\/td>\n<td>Valongo<\/td>\n<\/tr>\n<tr>\n<td>DAR \u2013 Recard\u00e3es<\/td>\n<td>Recard\u00e3es<\/td>\n<td>\u00c1gueda<\/td>\n<\/tr>\n<tr>\n<td>G.D. Goma<\/td>\n<td>Sobradelo da Goma<\/td>\n<td>P\u00f3voa de Lanhoso<\/td>\n<\/tr>\n<tr>\n<td>GD Nata\u00e7\u00e3o Famalic\u00e3o<\/td>\n<td>Vila Nova de Famalic\u00e3o<\/td>\n<td>Vila Nova der Famalic\u00e3o<\/td>\n<\/tr>\n<tr>\n<td>Grupo Desportivo Castelense<\/td>\n<td>Castelo do Neiva<\/td>\n<td>Viana do Castelo<\/td>\n<\/tr>\n<tr>\n<td>Marretas do Norte<\/td>\n<td>Porto<\/td>\n<td>Porto<\/td>\n<\/tr>\n<tr>\n<td>McDonald&#8217;s\/Tribraga<\/td>\n<td>Gualtar<\/td>\n<td>Braga<\/td>\n<\/tr>\n<tr>\n<td>Paredes Aventura<\/td>\n<td>Paredes<\/td>\n<td>Paredes<\/td>\n<\/tr>\n<tr>\n<td>PayvaTri<\/td>\n<td>Castelo de Paiva<\/td>\n<td>Castelo de Paiva<\/td>\n<\/tr>\n<tr>\n<td>Pedalarte<\/td>\n<td>Vila Nova de Cerveira<\/td>\n<td>Vila Nova de Cerveira<\/td>\n<\/tr>\n<tr>\n<td>Sporting Clube de Espinho<\/td>\n<td>Espinho<\/td>\n<td>Espinho<\/td>\n<\/tr>\n<tr>\n<td>Veteranos do Porto<\/td>\n<td>Porto<\/td>\n<td>Porto<\/td>\n<\/tr>\n<tr>\n<td>Vit\u00f3ria Sport Clube Triatlo<\/td>\n<td>Guimar\u00e3es<\/td>\n<td>Guimar\u00e3es<\/td>\n<\/tr>\n<\/tbody>\n<\/table>\n<\/div>\n<\/div>\n<\/div>\n<div class=\"columns\">\n<div class=\"column\"><img decoding=\"async\" class=\"alignnone wp-image-105137 size-full\" src=\"https:\/\/www.federacao-triatlo.pt\/ftp2015\/wp-content\/uploads\/2026\/01\/mapa-regioes-litoral-interior-centro-2026.png\" alt=\"Mapa de Regi\u00f5es da Federa\u00e7\u00e3o de Triatlo de Portugal - Litoral Interior Centro\" width=\"1600\" height=\"900\" srcset=\"https:\/\/www.federacao-triatlo.pt\/ftp2015\/wp-content\/uploads\/2026\/01\/mapa-regioes-litoral-interior-centro-2026-200x113.png 200w, https:\/\/www.federacao-triatlo.pt\/ftp2015\/wp-content\/uploads\/2026\/01\/mapa-regioes-litoral-interior-centro-2026-300x169.png 300w, https:\/\/www.federacao-triatlo.pt\/ftp2015\/wp-content\/uploads\/2026\/01\/mapa-regioes-litoral-interior-centro-2026-400x225.png 400w, https:\/\/www.federacao-triatlo.pt\/ftp2015\/wp-content\/uploads\/2026\/01\/mapa-regioes-litoral-interior-centro-2026-600x338.png 600w, https:\/\/www.federacao-triatlo.pt\/ftp2015\/wp-content\/uploads\/2026\/01\/mapa-regioes-litoral-interior-centro-2026-768x432.png 768w, https:\/\/www.federacao-triatlo.pt\/ftp2015\/wp-content\/uploads\/2026\/01\/mapa-regioes-litoral-interior-centro-2026-800x450.png 800w, https:\/\/www.federacao-triatlo.pt\/ftp2015\/wp-content\/uploads\/2026\/01\/mapa-regioes-litoral-interior-centro-2026-1024x576.png 1024w, https:\/\/www.federacao-triatlo.pt\/ftp2015\/wp-content\/uploads\/2026\/01\/mapa-regioes-litoral-interior-centro-2026-1200x675.png 1200w, https:\/\/www.federacao-triatlo.pt\/ftp2015\/wp-content\/uploads\/2026\/01\/mapa-regioes-litoral-interior-centro-2026-1536x864.png 1536w, https:\/\/www.federacao-triatlo.pt\/ftp2015\/wp-content\/uploads\/2026\/01\/mapa-regioes-litoral-interior-centro-2026.png 1600w\" sizes=\"(max-width: 1600px) 100vw, 1600px\" \/><\/div>\n<div class=\"column\">\n<div class=\"table-container\">\n<table class=\"table is-narrow is-striped is-hoverable\">\n<thead>\n<tr>\n<th>Clube<\/th>\n<th>Localidade<\/th>\n<th>Municipio<\/th>\n<\/tr>\n<\/thead>\n<tbody>\n<tr>\n<td>3B &#8211; Triatlo<\/td>\n<td>Benavente<\/td>\n<td>Benavente<\/td>\n<\/tr>\n<tr>\n<td>A. R. Casaense<\/td>\n<td>Coimbra<\/td>\n<td>Coimbra<\/td>\n<\/tr>\n<tr>\n<td>Acad\u00e9mica Triatlo<\/td>\n<td>Coimbra<\/td>\n<td>Coimbra<\/td>\n<\/tr>\n<tr>\n<td>Bairro dos Anjos<\/td>\n<td>Leiria<\/td>\n<td>Leiria<\/td>\n<\/tr>\n<tr>\n<td>BEST<\/td>\n<td>Batalha<\/td>\n<td>Batalha<\/td>\n<\/tr>\n<tr>\n<td>Casa do Benfica em Abrantes<\/td>\n<td>Abrantes<\/td>\n<td>Abrantes<\/td>\n<\/tr>\n<tr>\n<td>Clube Atl\u00e9tico de Oliveira do Hospital<\/td>\n<td>Oliveira do Hospital<\/td>\n<td>Oliveira do Hospital<\/td>\n<\/tr>\n<tr>\n<td>Clube de Nata\u00e7\u00e3o de Torres Novas<\/td>\n<td>Torres Novas<\/td>\n<td>Torres Novas<\/td>\n<\/tr>\n<tr>\n<td>Clube de Triatlo do Fund\u00e3o<\/td>\n<td>Fund\u00e3o<\/td>\n<td>Fund\u00e3o<\/td>\n<\/tr>\n<tr>\n<td>Clube Desportivo em Movimento<\/td>\n<td>Azinhaga<\/td>\n<td>Goleg\u00e3<\/td>\n<\/tr>\n<tr>\n<td>Clube Triatlo de Abrantes<\/td>\n<td>Abrantes<\/td>\n<td>Abrantes<\/td>\n<\/tr>\n<tr>\n<td>CNAL &#8211; Triatlo<\/td>\n<td>Alcoba\u00e7a<\/td>\n<td>Alcoba\u00e7a<\/td>\n<\/tr>\n<tr>\n<td>DNMG<\/td>\n<td>Marinha Grande<\/td>\n<td>Marinha Grande<\/td>\n<\/tr>\n<tr>\n<td>FET &#8211; F\u00e1tima Escola de Triatlo<\/td>\n<td>F\u00e1tima<\/td>\n<td>Our\u00e9m<\/td>\n<\/tr>\n<tr>\n<td>GCA Donas &#8211; Triatlo<\/td>\n<td>Donas<\/td>\n<td>Fund\u00e3o<\/td>\n<\/tr>\n<tr>\n<td>NDS Triatlo \u2013 MRW Guarda<\/td>\n<td>Guarda<\/td>\n<td>Guarda<\/td>\n<\/tr>\n<tr>\n<td>N\u00facleo do Sporting da Goleg\u00e3<\/td>\n<td>Goleg\u00e3<\/td>\n<td>Goleg\u00e3<\/td>\n<\/tr>\n<tr>\n<td>Pedr\u00f3g\u00e3o Triatlo<\/td>\n<td>Pedrog\u00e3o<\/td>\n<td>Torres Novas<\/td>\n<\/tr>\n<tr>\n<td>Pimp\u00f5es Triatlo<\/td>\n<td>Caldas da Rainha<\/td>\n<td>Caldas da Rainha<\/td>\n<\/tr>\n<tr>\n<td>Quit\u00e9rio TRIPENICHE<\/td>\n<td>Peniche<\/td>\n<td>Peniche<\/td>\n<\/tr>\n<tr>\n<td>SNR Triatlo<\/td>\n<td>Santar\u00e9m<\/td>\n<td>Santar\u00e9m<\/td>\n<\/tr>\n<tr>\n<td>Tri Amazing<\/td>\n<td>Castelo Branco<\/td>\n<td>Castelo Branco<\/td>\n<\/tr>\n<tr>\n<td>\u00c1guias de Alpiar\u00e7a<\/td>\n<td>Alpiar\u00e7a<\/td>\n<td>Alpiar\u00e7a<\/td>\n<\/tr>\n<\/tbody>\n<\/table>\n<\/div>\n<\/div>\n<\/div>\n<div class=\"columns\">\n<div class=\"column\"><img decoding=\"async\" src=\"https:\/\/www.federacao-triatlo.pt\/ftp2015\/wp-content\/uploads\/2023\/01\/mapa-regioes-lisboa-alto-alentejo-2023.png\" alt=\"Mapa de Regi\u00f5es da Federa\u00e7\u00e3o de Triatlo de Portugal - Lisboa e Alto Alentejo\"><\/div>\n<div class=\"column\">\n<div class=\"table-container\">\n<table class=\"table is-narrow is-striped is-hoverable\">\n<thead>\n<tr>\n<th>Clube<\/th>\n<th>Localidade<\/th>\n<th>Municipio<\/th>\n<\/tr>\n<\/thead>\n<tbody>\n<tr>\n<td>AAMA &#8211; Associa\u00e7\u00e3o de Actividade Motora Adaptada<\/td>\n<td>Lisboa<\/td>\n<td>Lisboa<\/td>\n<\/tr>\n<tr>\n<td>Alhandra Sporting Club<\/td>\n<td>Alhandra<\/td>\n<td>Vila Franca de Xira<\/td>\n<\/tr>\n<tr>\n<td>AMCR Fonte Grada<\/td>\n<td>Fonte Grada<\/td>\n<td>Torres Vedras<\/td>\n<\/tr>\n<tr>\n<td>Amiciclo Gr\u00e2ndola<\/td>\n<td>Gr\u00e2ndola<\/td>\n<td>Gr\u00e2ndola<\/td>\n<\/tr>\n<tr>\n<td>Aminata Triatlo<\/td>\n<td>\u00c9vora<\/td>\n<td>\u00c9vora<\/td>\n<\/tr>\n<tr>\n<td>AmoraSub\/Associa\u00e7\u00e3o Naval Amorense<\/td>\n<td>Amora<\/td>\n<td>Seixal<\/td>\n<\/tr>\n<tr>\n<td>Associa\u00e7\u00e3o Humanit\u00e1ria Bombeiros dos Estoris<\/td>\n<td>Estoril<\/td>\n<td>Cascais<\/td>\n<\/tr>\n<tr>\n<td>C.E.S.<\/td>\n<td>Lisboa<\/td>\n<td>Lisboa<\/td>\n<\/tr>\n<tr>\n<td>CCD Cr\u00e9dito Agr\u00edcola<\/td>\n<td>Lisboa<\/td>\n<td>Lisboa<\/td>\n<\/tr>\n<tr>\n<td>CCD Sintrense<\/td>\n<td>Sintra<\/td>\n<td>Sintra<\/td>\n<\/tr>\n<tr>\n<td>Centro Ciclista Azeitonense<\/td>\n<td>Aldeia de Irm\u00e3os<\/td>\n<td>Azeit\u00e3o<\/td>\n<\/tr>\n<tr>\n<td>Clube de Futebol Os Belenenses<\/td>\n<td>Lisboa<\/td>\n<td>Lisboa<\/td>\n<\/tr>\n<tr>\n<td>Clube de Nata\u00e7\u00e3o da Amadora<\/td>\n<td>Reboleira<\/td>\n<td>Amadora<\/td>\n<\/tr>\n<tr>\n<td>Clube de Triatlo de Almada<\/td>\n<td>Almada<\/td>\n<td>Almada<\/td>\n<\/tr>\n<tr>\n<td>Clube EDP &#8211; Lisboa<\/td>\n<td>Lisboa<\/td>\n<td>Lisboa<\/td>\n<\/tr>\n<tr>\n<td>Clube Millenniumbcp<\/td>\n<td>Lisboa<\/td>\n<td>Lisboa<\/td>\n<\/tr>\n<tr>\n<td>Clube Oriental de Lisboa<\/td>\n<td>Lisboa<\/td>\n<td>Lisboa<\/td>\n<\/tr>\n<tr>\n<td>CNATRIL Triatlo<\/td>\n<td>Lisboa<\/td>\n<td>Lisboa<\/td>\n<\/tr>\n<tr>\n<td>CNCVG<\/td>\n<td>Mele\u00e7as, Belas<\/td>\n<td>Sintra<\/td>\n<\/tr>\n<tr>\n<td>CP Armada<\/td>\n<td>Cova da Piedade<\/td>\n<td>Almada<\/td>\n<\/tr>\n<tr>\n<td>C\u00e2mara Lisboa Clube<\/td>\n<td>Lisboa<\/td>\n<td>Lisboa<\/td>\n<\/tr>\n<tr>\n<td>Escola Triatlo Santo Ant\u00f3nio \u00c9vora<\/td>\n<td>\u00c9vora<\/td>\n<td>\u00c9vora<\/td>\n<\/tr>\n<tr>\n<td>Estoril Praia Credibom<\/td>\n<td>Estoril<\/td>\n<td>Cascais<\/td>\n<\/tr>\n<tr>\n<td>Ex\u00e9rcito de Portugal<\/td>\n<td>Mafra<\/td>\n<td>Mafra<\/td>\n<\/tr>\n<tr>\n<td>GDR Manique de Cima<\/td>\n<td>Manique de Cima<\/td>\n<td>Sintra<\/td>\n<\/tr>\n<tr>\n<td>GRCD Lei\u00e3o Triatlo<\/td>\n<td>Porto Salvo<\/td>\n<td>Oeiras<\/td>\n<\/tr>\n<tr>\n<td>Grupo Desportivo Recreativo e Cultural Ponterrolense<\/td>\n<td>Ponte do Rol<\/td>\n<td>Torres Vedras<\/td>\n<\/tr>\n<tr>\n<td>Linda-a-Pastora Sporting Clube<\/td>\n<td>Queijas<\/td>\n<td>Oeiras<\/td>\n<\/tr>\n<tr>\n<td>Lusitano &#8211; Set\u00fabal<\/td>\n<td>Set\u00fabal<\/td>\n<td>Set\u00fabal<\/td>\n<\/tr>\n<tr>\n<td>LXTRIATHLON<\/td>\n<td>Lisboa<\/td>\n<td>Lisboa<\/td>\n<\/tr>\n<tr>\n<td>Outsystems Ol\u00edmpico de Oeiras<\/td>\n<td>S\u00e3o Domingos de Rana<\/td>\n<td>Oeiras<\/td>\n<\/tr>\n<tr>\n<td>Palmela Desporto<\/td>\n<td>Pinhal Novo<\/td>\n<td>Palmela<\/td>\n<\/tr>\n<tr>\n<td>Repsol Triatlo<\/td>\n<td>Vila Nova de Santo Andr\u00e9<\/td>\n<td>Santiago do Cac\u00e9m<\/td>\n<\/tr>\n<tr>\n<td>SFRAA Triatlo<\/td>\n<td>Amadora<\/td>\n<td>Amadora<\/td>\n<\/tr>\n<tr>\n<td>Sport Lisboa e Benfica<\/td>\n<td>Lisboa<\/td>\n<td>Lisboa<\/td>\n<\/tr>\n<tr>\n<td>Sport Uni\u00e3o Colarense<\/td>\n<td>Colares<\/td>\n<td>Sintra<\/td>\n<\/tr>\n<tr>\n<td>Sporting Clube de Portugal<\/td>\n<td>Lisboa<\/td>\n<td>Lisboa<\/td>\n<\/tr>\n<tr>\n<td>Tri Life Center Competition<\/td>\n<td>Lisboa<\/td>\n<td>Lisboa<\/td>\n<\/tr>\n<tr>\n<td>Triatlo &#8211; Clube Desportivo da Venda do Pinheiro<\/td>\n<td>Venda do Pinheiro<\/td>\n<td>Mafra<\/td>\n<\/tr>\n<tr>\n<td>Triatlo &#8211; Santo Andr\u00e9 Sport Club<\/td>\n<td>Santo Andr\u00e9<\/td>\n<td>Santiago da Cac\u00e9m<\/td>\n<\/tr>\n<tr>\n<td>Triatlo Clube da Lourinh\u00e3<\/td>\n<td>Marteleira<\/td>\n<td>Lourinh\u00e3<\/td>\n<\/tr>\n<tr>\n<td>Triatlo Clube TAP<\/td>\n<td>Lisboa<\/td>\n<td>Lisboa<\/td>\n<\/tr>\n<tr>\n<td>Triatlo Funda\u00e7\u00e3o Salesianos<\/td>\n<td>Lisboa<\/td>\n<td>Lisboa<\/td>\n<\/tr>\n<tr>\n<td>Triatlo Montijo<\/td>\n<td>Montijo<\/td>\n<td>Montijo<\/td>\n<\/tr>\n<tr>\n<td>TRICAP &#8211; Penafirme<\/td>\n<td>P\u00f3voa de Penafirme<\/td>\n<td>Torres Vedras<\/td>\n<\/tr>\n<tr>\n<td>Vit\u00f3ria de Janes<\/td>\n<td>Alcabideche<\/td>\n<td>Cascais<\/td>\n<\/tr>\n<\/tbody>\n<\/table>\n<\/div>\n<\/div>\n<\/div>\n<div class=\"columns\">\n<div class=\"column\"><img decoding=\"async\" src=\"https:\/\/www.federacao-triatlo.pt\/ftp2015\/wp-content\/uploads\/2023\/01\/mapa-regioes-algarve-baixo-alentejo-2023.png\" alt=\"Mapa de Regi\u00f5es da Federa\u00e7\u00e3o de Triatlo de Portugal - Algarve e Baixo Alentejo\"><\/div>\n<div class=\"column\">\n<table class=\"table is-narrow is-striped is-hoverable\">\n<thead>\n<tr>\n<th>Clube<\/th>\n<th>Localidade<\/th>\n<th>Municipio<\/th>\n<\/tr>\n<\/thead>\n<tbody>\n<tr>\n<td>ADECT<\/td>\n<td>Tunes<\/td>\n<td>Silves<\/td>\n<\/tr>\n<tr>\n<td>Aqu\u00e1tico Clube de Silves<\/td>\n<td>Silves<\/td>\n<td>Silves<\/td>\n<\/tr>\n<tr>\n<td>Associa\u00e7\u00e3o Cultural de Salir<\/td>\n<td>Salir<\/td>\n<td>Loul\u00e9<\/td>\n<\/tr>\n<tr>\n<td>Bike Clube S. Br\u00e1s<\/td>\n<td>S\u00e3o Br\u00e1s de Alportel<\/td>\n<td>S\u00e3o Br\u00e1s de Alportel<\/td>\n<\/tr>\n<tr>\n<td>CCD \/ Intermarch\u00e9 Lagos<\/td>\n<td>Lagos<\/td>\n<td>Lagos<\/td>\n<\/tr>\n<tr>\n<td>CDASJ<\/td>\n<td>Albufeira<\/td>\n<td>Albufeira<\/td>\n<\/tr>\n<tr>\n<td>FC Ferreiras<\/td>\n<td>Ferreiras<\/td>\n<td>Albufeira<\/td>\n<\/tr>\n<tr>\n<td>Le\u00f5es do Sul<\/td>\n<td>S\u00e3o Bartolomeu<\/td>\n<td>Castro Marim<\/td>\n<\/tr>\n<tr>\n<td>Louletano<\/td>\n<td>Loul\u00e9<\/td>\n<td>Loul\u00e9<\/td>\n<\/tr>\n<tr>\n<td>Lusitano Frusoal<\/td>\n<td>Vila Real de Santo Ant\u00f3nio<\/td>\n<td>Vila Real de Santo Ant\u00f3nio<\/td>\n<\/tr>\n<tr>\n<td>O2 Triatlo &#8211; S&#8217;look<\/td>\n<td>Portim\u00e3o<\/td>\n<td>Portim\u00e3o<\/td>\n<\/tr>\n<tr>\n<td>Tic Tac AD Mexilhoeirense<\/td>\n<td>Mexilhoeira Grande<\/td>\n<td>Portim\u00e3o<\/td>\n<\/tr>\n<tr>\n<td>Triatlo de Faro<\/td>\n<td>Faro<\/td>\n<td>Faro<\/td>\n<\/tr>\n<tr>\n<td>Vasco da Gama Atl\u00e9tico Clube de Sines<\/td>\n<td>Sines<\/td>\n<td>Sines<\/td>\n<\/tr>\n<tr>\n<td>Vela de Tavira<\/td>\n<td>Tavira<\/td>\n<td>Tavira<\/td>\n<\/tr>\n<\/tbody>\n<\/table>\n<\/div>\n<\/div>\n<div class=\"columns\">\n<div class=\"column\"><img decoding=\"async\" src=\"https:\/\/www.federacao-triatlo.pt\/ftp2015\/wp-content\/uploads\/2024\/08\/mapa-regioes-madeira-2023.png\" alt=\"Mapa de Regi\u00f5es da Federa\u00e7\u00e3o de Triatlo de Portugal - Madeira\"><\/div>\n<div class=\"column\">\n<div class=\"table-container\">\n<table class=\"table is-narrow is-striped is-hoverable\">\n<thead>\n<tr>\n<th>Clube<\/th>\n<th>Localidade<\/th>\n<th>Municipio<\/th>\n<\/tr>\n<\/thead>\n<tbody>\n<tr>\n<td>AD Galomar<\/td>\n<td>Cani\u00e7o de Baixo<\/td>\n<td>Santa Cruz<\/td>\n<\/tr>\n<tr>\n<td>ADRAP Madeira<\/td>\n<td>Machico<\/td>\n<td>Machico<\/td>\n<\/tr>\n<tr>\n<td>CF Carvalheiro &#8211; Triatlo<\/td>\n<td>Funchal<\/td>\n<td>Funchal<\/td>\n<\/tr>\n<tr>\n<td>Clube Desportivo Escola Santana<\/td>\n<td>Santana<\/td>\n<td>Santana<\/td>\n<\/tr>\n<tr>\n<td>Clube Futebol Andorinha \/ Abrigo do Pastor<\/td>\n<td>Santo Ant\u00f3nio-Funchal<\/td>\n<td>Funchal<\/td>\n<\/tr>\n<tr>\n<td>Clube Naval de S\u00e3o Vicente<\/td>\n<td>S\u00e3o Vicente<\/td>\n<td>S\u00e3o Vicente<\/td>\n<\/tr>\n<tr>\n<td>CNF<\/td>\n<td>Funchal<\/td>\n<td>funchal<\/td>\n<\/tr>\n<tr>\n<td>G.D. Corticeiras<\/td>\n<td>Jardim da Serra<\/td>\n<td>C\u00e2mara de Lobos<\/td>\n<\/tr>\n<tr>\n<td>Gin\u00e1sio Clube Porto Santo<\/td>\n<td>Porto Santo<\/td>\n<td>Porto Santo<\/td>\n<\/tr>\n<tr>\n<td>Ludens Machico &#8211; Hospital Particular da Madeira<\/td>\n<td>Machico<\/td>\n<td>Machico<\/td>\n<\/tr>\n<\/tbody>\n<\/table>\n<\/div>\n<\/div>\n<\/div>\n<\/div><\/div><\/div><\/div><\/div>\n","protected":false},"excerpt":{"rendered":"","protected":false},"author":15430,"featured_media":0,"parent":527,"menu_order":2,"comment_status":"closed","ping_status":"closed","template":"","meta":{"footnotes":""},"_links":{"self":[{"href":"https:\/\/www.federacao-triatlo.pt\/ftp2015\/wp-json\/wp\/v2\/pages\/100729"}],"collection":[{"href":"https:\/\/www.federacao-triatlo.pt\/ftp2015\/wp-json\/wp\/v2\/pages"}],"about":[{"href":"https:\/\/www.federacao-triatlo.pt\/ftp2015\/wp-json\/wp\/v2\/types\/page"}],"author":[{"embeddable":true,"href":"https:\/\/www.federacao-triatlo.pt\/ftp2015\/wp-json\/wp\/v2\/users\/15430"}],"replies":[{"embeddable":true,"href":"https:\/\/www.federacao-triatlo.pt\/ftp2015\/wp-json\/wp\/v2\/comments?post=100729"}],"version-history":[{"count":28,"href":"https:\/\/www.federacao-triatlo.pt\/ftp2015\/wp-json\/wp\/v2\/pages\/100729\/revisions"}],"predecessor-version":[{"id":106520,"href":"https:\/\/www.federacao-triatlo.pt\/ftp2015\/wp-json\/wp\/v2\/pages\/100729\/revisions\/106520"}],"up":[{"embeddable":true,"href":"https:\/\/www.federacao-triatlo.pt\/ftp2015\/wp-json\/wp\/v2\/pages\/527"}],"wp:attachment":[{"href":"https:\/\/www.federacao-triatlo.pt\/ftp2015\/wp-json\/wp\/v2\/media?parent=100729"}],"curies":[{"name":"wp","href":"https:\/\/api.w.org\/{rel}","templated":true}]}}